{"id":1164,"date":"2013-12-07T16:45:34","date_gmt":"2013-12-07T14:45:34","guid":{"rendered":"http:\/\/www.gasilci-vir.si\/?page_id=1164"},"modified":"2013-12-07T22:22:28","modified_gmt":"2013-12-07T20:22:28","slug":"fotovoltaika","status":"publish","type":"page","link":"http:\/\/www.gasilci-vir.si\/?page_id=1164","title":{"rendered":"Fotovoltaika"},"content":{"rendered":"<p>\n\t07.12.2013\n<\/p>\n<p>\n\tV CPV Koli\u010devo je danes potekal posvet na temo fotovoltaike.\n<\/p>\n<p>\n\tPo osve\u017eitvi znanja iz osnov elektrotehnike smo spoznali fotovoltai\u010dne celice, njihovo sestavo in delovanje\n<\/p>\n<p>\n\t<a href=\"http:\/\/www.gasilci-vir.si\/wp-content\/uploads\/2013\/12\/2013-12-07-09.34.43.jpg\"><img decoding=\"async\" loading=\"lazy\" alt=\"2013-12-07 09.34.43\" class=\"alignnone size-medium wp-image-1157\" height=\"225\" src=\"http:\/\/www.gasilci-vir.si\/wp-content\/uploads\/2013\/12\/2013-12-07-09.34.43-300x225.jpg\" width=\"300\" \/><\/a>\n<\/p>\n<p>\n\t.Kako in kje se postavijo ter njihovo vzdr\u017eevanje. Spoznali smo po\u017earno preventivo za take objekte ter se pogovorili o nekaj po\u017earih, ki se \u017ee bili na objektih s son\u010dno elektrarno ter o na\u010dinih ga&scaron;enja. Po&scaron;kodbe ki lahko nastanejo v takih intervencijah in nudenju prve pomo\u010di.\n<\/p>\n<p>\n\tNa koncu smo si ogledali &scaron;e son\u010dno elektrarno v podjetju Rolteks na \u017delodniku.\n<\/p>\n<p>\n\t<a href=\"http:\/\/www.gasilci-vir.si\/wp-content\/uploads\/2013\/12\/2013-12-07-13.03.40.jpg\"><img decoding=\"async\" loading=\"lazy\" alt=\"2013-12-07 13.03.40\" class=\"alignnone size-medium wp-image-1159\" height=\"225\" src=\"http:\/\/www.gasilci-vir.si\/wp-content\/uploads\/2013\/12\/2013-12-07-13.03.40-300x225.jpg\" width=\"300\" srcset=\"http:\/\/www.gasilci-vir.si\/wp-content\/uploads\/2013\/12\/2013-12-07-13.03.40-300x225.jpg 300w, http:\/\/www.gasilci-vir.si\/wp-content\/uploads\/2013\/12\/2013-12-07-13.03.40-1024x768.jpg 1024w, http:\/\/www.gasilci-vir.si\/wp-content\/uploads\/2013\/12\/2013-12-07-13.03.40.jpg 1600w\" sizes=\"(max-width: 300px) 100vw, 300px\" \/><\/a><a href=\"http:\/\/www.gasilci-vir.si\/wp-content\/uploads\/2013\/12\/2013-12-07-13.07.19.jpg\"><img decoding=\"async\" loading=\"lazy\" alt=\"2013-12-07 13.07.19\" class=\"alignnone size-medium wp-image-1160\" height=\"225\" src=\"http:\/\/www.gasilci-vir.si\/wp-content\/uploads\/2013\/12\/2013-12-07-13.07.19-300x225.jpg\" width=\"300\" srcset=\"http:\/\/www.gasilci-vir.si\/wp-content\/uploads\/2013\/12\/2013-12-07-13.07.19-300x225.jpg 300w, http:\/\/www.gasilci-vir.si\/wp-content\/uploads\/2013\/12\/2013-12-07-13.07.19-1024x768.jpg 1024w, http:\/\/www.gasilci-vir.si\/wp-content\/uploads\/2013\/12\/2013-12-07-13.07.19.jpg 1600w\" sizes=\"(max-width: 300px) 100vw, 300px\" \/><\/a><a href=\"http:\/\/www.gasilci-vir.si\/wp-content\/uploads\/2013\/12\/2013-12-07-13.04.17.jpg\"><img decoding=\"async\" loading=\"lazy\" alt=\"2013-12-07 13.04.17\" class=\"alignnone size-medium wp-image-1158\" height=\"225\" src=\"http:\/\/www.gasilci-vir.si\/wp-content\/uploads\/2013\/12\/2013-12-07-13.04.17-300x225.jpg\" width=\"300\" srcset=\"http:\/\/www.gasilci-vir.si\/wp-content\/uploads\/2013\/12\/2013-12-07-13.04.17-300x225.jpg 300w, http:\/\/www.gasilci-vir.si\/wp-content\/uploads\/2013\/12\/2013-12-07-13.04.17-1024x768.jpg 1024w, http:\/\/www.gasilci-vir.si\/wp-content\/uploads\/2013\/12\/2013-12-07-13.04.17.jpg 1600w\" sizes=\"(max-width: 300px) 100vw, 300px\" \/><\/a><a href=\"http:\/\/www.gasilci-vir.si\/wp-content\/uploads\/2013\/12\/2013-12-07-13.03.56.jpg\"><img decoding=\"async\" loading=\"lazy\" alt=\"2013-12-07 13.03.56\" class=\"alignnone size-medium wp-image-1246\" height=\"225\" src=\"http:\/\/www.gasilci-vir.si\/wp-content\/uploads\/2013\/12\/2013-12-07-13.03.56-300x225.jpg\" width=\"300\" srcset=\"http:\/\/www.gasilci-vir.si\/wp-content\/uploads\/2013\/12\/2013-12-07-13.03.56-300x225.jpg 300w, http:\/\/www.gasilci-vir.si\/wp-content\/uploads\/2013\/12\/2013-12-07-13.03.56-1024x768.jpg 1024w, http:\/\/www.gasilci-vir.si\/wp-content\/uploads\/2013\/12\/2013-12-07-13.03.56.jpg 1600w\" sizes=\"(max-width: 300px) 100vw, 300px\" \/><\/a><\/p>\n","protected":false},"excerpt":{"rendered":"<p>07.12.2013 V CPV Koli\u010devo je danes potekal posvet na temo fotovoltaike. Po osve\u017eitvi znanja iz osnov elektrotehnike smo spoznali fotovoltai\u010dne celice, njihovo sestavo in delovanje .Kako in kje se postavijo ter njihovo vzdr\u017eevanje. Spoznali smo po\u017earno preventivo za take objekte ter se pogovorili o nekaj po\u017earih, ki se \u017ee bili na objektih s son\u010dno elektrarno [&hellip;]<\/p>\n","protected":false},"author":4,"featured_media":0,"parent":0,"menu_order":0,"comment_status":"open","ping_status":"closed","template":"","meta":{"ngg_post_thumbnail":0},"post_mailing_queue_ids":[],"_links":{"self":[{"href":"http:\/\/www.gasilci-vir.si\/index.php?rest_route=\/wp\/v2\/pages\/1164"}],"collection":[{"href":"http:\/\/www.gasilci-vir.si\/index.php?rest_route=\/wp\/v2\/pages"}],"about":[{"href":"http:\/\/www.gasilci-vir.si\/index.php?rest_route=\/wp\/v2\/types\/page"}],"author":[{"embeddable":true,"href":"http:\/\/www.gasilci-vir.si\/index.php?rest_route=\/wp\/v2\/users\/4"}],"replies":[{"embeddable":true,"href":"http:\/\/www.gasilci-vir.si\/index.php?rest_route=%2Fwp%2Fv2%2Fcomments&post=1164"}],"version-history":[{"count":3,"href":"http:\/\/www.gasilci-vir.si\/index.php?rest_route=\/wp\/v2\/pages\/1164\/revisions"}],"predecessor-version":[{"id":1247,"href":"http:\/\/www.gasilci-vir.si\/index.php?rest_route=\/wp\/v2\/pages\/1164\/revisions\/1247"}],"wp:attachment":[{"href":"http:\/\/www.gasilci-vir.si\/index.php?rest_route=%2Fwp%2Fv2%2Fmedia&parent=1164"}],"curies":[{"name":"wp","href":"https:\/\/api.w.org\/{rel}","templated":true}]}}