{"id":1249,"date":"2013-12-07T23:18:05","date_gmt":"2013-12-07T21:18:05","guid":{"rendered":"http:\/\/www.gasilci-vir.si\/?page_id=1249"},"modified":"2014-10-27T06:17:34","modified_gmt":"2014-10-27T04:17:34","slug":"galerija-2","status":"publish","type":"page","link":"http:\/\/www.gasilci-vir.si\/?page_id=1249","title":{"rendered":"Galerija"},"content":{"rendered":"<p>\n\t<a href=\"https:\/\/plus.google.com\/u\/0\/photos?tab=Xq#photos\/112844002585347193957\/albums\">CELOTNA GALERIJA PGD VIR<\/a>\n<\/p>\n<p>\n\t<a href=\"https:\/\/plus.google.com\/u\/0\/photos\/112844002585347193957\/albums\/6074552897311830785\">OB\u010cINSKA VAJA KRTINA 2014<\/a>\n<\/p>\n<p>\n\t<a href=\"https:\/\/plus.google.com\/u\/0\/photos\/112844002585347193957\/albums\/6074535144758962913\">VAJA HELIOS 2014<\/a>\n<\/p>\n<p>\n\t<a href=\"https:\/\/plus.google.com\/u\/0\/photos\/112844002585347193957\/albums\/6074521603548968433\">OBISK VRTCA CICIDOM OKTOBER 2014<\/a>\n<\/p>\n<p>\n\t<a href=\"https:\/\/plus.google.com\/u\/0\/photos\/112844002585347193957\/albums\/6062959448710044289\">TAM-a SMO ODPELJALI V SAMOBOR<\/a>\n<\/p>\n<p>\n\t<a href=\"https:\/\/plus.google.com\/u\/0\/photos\/112844002585347193957\/albums\/6062971636522483777\">SRE\u010cANJE VETERANOV &Scaron;TUDA 2014<\/a>\n<\/p>\n<p>\n\t<a href=\"https:\/\/plus.google.com\/u\/0\/photos\/112844002585347193957\/albums\/6025076750574576593\">POROKA PU&Scaron;NIK<\/a>\n<\/p>\n<p>\n\t<a href=\"https:\/\/plus.google.com\/u\/0\/photos\/112844002585347193957\/albums\/6025042920108023425\">TEKMOVANJE GASILSKE MLADINE&nbsp; DOM\u017dALE 06.2014<\/a>\n<\/p>\n<p>\n\t<a href=\"https:\/\/plus.google.com\/u\/0\/photos\/112844002585347193957\/albums\/6012209330511914289\">ORENTACIJA TOPOLE MAJ 2014<\/a>\n<\/p>\n<p>\n\t<a href=\"https:\/\/plus.google.com\/u\/0\/photos\/112844002585347193957\/albums\/6012124435183845409\">LJUBLJANA BTC MAJ 2014<\/a>\n<\/p>\n<p>\n\t<a href=\"https:\/\/plus.google.com\/u\/0\/photos\/112844002585347193957\/albums\/6011814271734725665\">DAN ODPRTIH VRAT PGD VIR MAJ 2014<\/a>\n<\/p>\n<p>\n\t<a href=\"https:\/\/plus.google.com\/u\/0\/photos?tab=Xq#photos\/112844002585347193957\/albums\/6010962413655075217\">DEL \u010cLANOV PGD VIR NA SLIKANJU MAJ 2014<\/a>\n<\/p>\n<p>\n\t<a href=\"https:\/\/plus.google.com\/u\/0\/photos\/112844002585347193957\/albums\/6009531929309212929\">VAROVANJE PRVOMAJSKEGA KRESA KOLI\u010cEVO 2014<\/a>\n<\/p>\n<p>\n\t<a href=\"https:\/\/plus.google.com\/u\/0\/photos\/112844002585347193957\/albums\/6007577148382402737\">ZAKLJU\u010cEK OSNOVNEGA TE\u010cAJA ZA GASILCA APRIL 2014<\/a>\n<\/p>\n<p>\n\t<a href=\"https:\/\/plus.google.com\/u\/0\/photos\/112844002585347193957\/albums\/6001661752601565361\">IZLET GASILSKE MLADINE IN MENTORJEV 2014<\/a>\n<\/p>\n<p>\n\t<a href=\"https:\/\/plus.google.com\/u\/0\/photos\/112844002585347193957\/albums\/5998822895787710369\">GASILSKI KVIZ GZ DOM\u017dALE<\/a>\n<\/p>\n<p>\n\t<a href=\"http:\/\/plus.google.com\/u\/0\/photos?tab=mq#photos\/112844002585347193957\/albums\/5967131388984544961\">&Scaron;PELINIH 20<\/a>\n<\/p>\n<p>\n\t<a href=\"https:\/\/plus.google.com\/u\/0\/photos?tab=Xq#photos\/112844002585347193957\/albums\/5954712734302600145\">DAN ZA&Scaron;\u010cITE IN RE&Scaron;EVANJA DOM\u017dALE 2013<\/a>&nbsp;&Scaron;E VE\u010c SLIK NA<a href=\"http:\/\/plus.google.com\/u\/0\/photos\/116069269591308874409\/albums\/5938825045264673617#photos\/116069269591308874409\/albums\/5938825045264673617\"> DOMZALEC.SI<\/a>&nbsp;IN <a href=\"http:\/\/plus.google.com\/photos\/103723979209860323317\/albums\/5938915729238484337#photos\/103723979209860323317\/albums\/5938915729238484337\">TUKAJ<\/a>\n<\/p>\n<p>\n\t<a href=\"https:\/\/plus.google.com\/u\/0\/photos?tab=Xq#photos\/112844002585347193957\/albums\/5954706303904179841\">PREVZEM NOVEGA GVC 16\/25<\/a>\n<\/p>\n<p>\n\t<a href=\"https:\/\/plus.google.com\/u\/0\/photos?tab=Xq#photos\/112844002585347193957\/albums\/5954714375470443761\">PREDSTAVITEV ENOT V CZ<\/a>\n<\/p>\n<p>\n\t<a href=\"https:\/\/plus.google.com\/u\/0\/photos\/112844002585347193957\/albums\/5995708967426173441#photos\/112844002585347193957\/albums\/5995708967426173441\">REGIJSKO PREVERJANJE ENOT PRVE POMO\u010cI GROSUPLJE 2013<\/a>\n<\/p>\n<p>\n\t<a href=\"https:\/\/plus.google.com\/u\/0\/photos?tab=Xq#photos\/112844002585347193957\/albums\/5954738035955895281\">DOBRODELNI KONCERT PGD VIR<\/a>\n<\/p>\n<p>\n\t<a href=\"https:\/\/plus.google.com\/u\/0\/photos?tab=mq#photos\/112844002585347193957\/albums\/5956095864678487329\">POROKA JURJEVEC<\/a>\n<\/p>\n<p>\n\t<a href=\"https:\/\/plus.google.com\/u\/0\/photos?tab=Xq#photos\/112844002585347193957\/albums\/5954934867728410225\">VAJA DOM\u017dALE 2012<\/a>\n<\/p>\n<p>\n\t<a href=\"https:\/\/plus.google.com\/u\/0\/photos?tab=Xq#photos\/112844002585347193957\/albums\/5954949720994134209\">VAJA IN PREVZEM NOVEGA GVM<\/a>\n<\/p>\n<p>\n\t<a href=\"https:\/\/plus.google.com\/u\/0\/photos\/112844002585347193957\/albums\/5956066286219588593#photos\/112844002585347193957\/albums\/5956066286219588593\">OB\u010cINSKA VAJA HELIOS 2011<\/a>\n<\/p>\n<p>\n\t<a href=\"https:\/\/plus.google.com\/u\/0\/photos?tab=mq#photos\/112844002585347193957\/albums\/5956057166435917409\">REGIJSKO LUKOVICA 2011<\/a>\n<\/p>\n<p>\n\t<a href=\"https:\/\/plus.google.com\/u\/0\/photos?tab=mq#photos\/112844002585347193957\/albums\/5957893566737176673\">LIBELI\u010cE 2011<\/a>\n<\/p>\n<p>\n\t<a href=\"https:\/\/plus.google.com\/u\/0\/photos?tab=mq#photos\/112844002585347193957\/albums\/5956061783118516049\">DR\u017dAVNA ORENTACIJA 2011<\/a>\n<\/p>\n<p>\n\t<a href=\"https:\/\/plus.google.com\/u\/0\/photos?tab=mq#photos\/112844002585347193957\/albums\/5956100235124080049\">POROKA PIRC 2011<\/a>\n<\/p>\n<p>\n\t<a href=\"https:\/\/plus.google.com\/u\/0\/photos?tab=Xq#photos\/112844002585347193957\/albums\/5954758709691567265\">\u010cLANICE DEKANI 2011<\/a>\n<\/p>\n<p>\n\t<a href=\"https:\/\/plus.google.com\/u\/0\/photos?tab=Xq#photos\/112844002585347193957\/albums\/5954923951250430497\">\u010cLANICE SUHOR 2011<\/a>\n<\/p>\n<p>\n\t<a href=\"https:\/\/plus.google.com\/u\/0\/photos?tab=Xq#photos\/112844002585347193957\/albums\/5954928178346973537\">\u010cLANI KAMNIK 2011<\/a>\n<\/p>\n<p>\n\t<a href=\"https:\/\/plus.google.com\/u\/0\/photos?tab=Xq#photos\/112844002585347193957\/albums\/5954740202190921169\">DR\u017dAVNA MLADINSKA ORENTACIJA \u017dALEC<\/a>\n<\/p>\n<p>\n\t<a href=\"https:\/\/plus.google.com\/u\/0\/photos?tab=mq#photos\/112844002585347193957\/albums\/5956055200988784081\">ZAKLJU\u010cNA VAJA GASILEC 2011<\/a>\n<\/p>\n<p>\n\t<a href=\"https:\/\/plus.google.com\/u\/0\/photos?tab=Xq#photos\/112844002585347193957\/albums\/5954756983739630369\">OSNOVNI TE\u010cAJ ZA GASILCA 2011<\/a>\n<\/p>\n<p>\n\t<a href=\"https:\/\/plus.google.com\/u\/0\/photos?tab=Xq#photos\/112844002585347193957\/albums\/5955702650966656897\">PREDNOVOLETNO SRE\u010cANJE 2010<\/a>\n<\/p>\n<p>\n\t<a href=\"https:\/\/plus.google.com\/u\/0\/photos?tab=mq#photos\/112844002585347193957\/albums\/5956031375184749761\">POPLAVE 2010<\/a>\n<\/p>\n<p>\n\t<a href=\"https:\/\/plus.google.com\/u\/0\/photos?tab=mq#photos\/112844002585347193957\/albums\/5956027011695883025\">OB\u010cINSKI KVIZ ZA PIONIRJE IN MLADINO 2010<\/a>\n<\/p>\n<p>\n\t<a href=\"https:\/\/plus.google.com\/u\/0\/photos?tab=mq#photos\/112844002585347193957\/albums\/5956036133456509681\">MLADINA DOM\u017dALE 2010<\/a>\n<\/p>\n<p>\n\t<a href=\"https:\/\/plus.google.com\/u\/0\/photos?tab=mq#photos\/112844002585347193957\/albums\/5956024745849800497\">SOTESKANJE KAMNI&Scaron;KA BISTRICA 2010<\/a>\n<\/p>\n<p>\n\t<a href=\"https:\/\/plus.google.com\/u\/0\/photos?tab=Xq#photos\/112844002585347193957\/albums\/5955721051805477905\">MLADINSKO IZBIRNO KO\u010cEVJE 2010<\/a>\n<\/p>\n<p>\n\t<a href=\"https:\/\/plus.google.com\/u\/0\/?tab=XX#photos\/112844002585347193957\/albums\/5955729653129073601\">\u010cLANICE DEKANI 2010<\/a>\n<\/p>\n<p>\n\t<a href=\"https:\/\/plus.google.com\/u\/0\/photos?tab=Xq#photos\/112844002585347193957\/albums\/5955709309471530465\">DAN ODPRTIH VRAT 2010<\/a>\n<\/p>\n<p>\n\t<a href=\"https:\/\/plus.google.com\/u\/0\/photos?tab=Xq#photos\/112844002585347193957\/albums\/5954908274408275377\">DOB 2010<\/a>\n<\/p>\n<p>\n\t<a href=\"https:\/\/plus.google.com\/u\/0\/photos?tab=Xq#photos\/112844002585347193957\/albums\/5954914256135694833\">\u010cLANICE DOM\u017dALE 2010<\/a>\n<\/p>\n<p>\n\t<a href=\"https:\/\/plus.google.com\/u\/0\/photos?tab=Xq#photos\/112844002585347193957\/albums\/5955655174965792881\">PREDNOVOLETNO SRE\u010cANJE 2009<\/a>\n<\/p>\n<p>\n\t<a href=\"https:\/\/plus.google.com\/u\/0\/photos?tab=Xq#photos\/112844002585347193957\/albums\/5955693284559143153\">VAJA HELIOS 2009<\/a>\n<\/p>\n<p>\n\t<a href=\"https:\/\/plus.google.com\/u\/0\/photos?tab=Xq#photos\/112844002585347193957\/albums\/5955698006976691217\">VAJA RADOMLJE 2009<\/a>\n<\/p>\n<p>\n\t<a href=\"https:\/\/plus.google.com\/u\/0\/photos?tab=Xq#photos\/112844002585347193957\/albums\/5955697234240598177\">SOTESKANJE KAMNI&Scaron;KA BISTRICA 2009<\/a>\n<\/p>\n<p>\n\t<a href=\"https:\/\/plus.google.com\/u\/0\/photos?tab=Xq#photos\/112844002585347193957\/albums\/5955695175388541809\">ORENTACIJA STUDENEC 2009<\/a>\n<\/p>\n<p>\n\t<a href=\"https:\/\/plus.google.com\/u\/0\/photos?tab=Xq#photos\/112844002585347193957\/albums\/5955637764117854001\">OB\u010cINSKA IHAN 2008<\/a>\n<\/p>\n<p>\n\t<a href=\"https:\/\/plus.google.com\/u\/0\/photos?tab=Xq#photos\/112844002585347193957\/albums\/5955632789565752577\">IZLET MLADINE GARDALAND 2008<\/a>\n<\/p>\n<p>\n\t<a href=\"http:\/\/plus.google.com\/u\/0\/photos?tab=Xq#photos\/112844002585347193957\/albums\/5955634585477363793\">MLADINSKO STUDENEC 2008<\/a>\n<\/p>\n<p>\n\t<a href=\"http:\/\/plus.google.com\/u\/0\/photos\/112844002585347193957\/albums\/5955631052982171745#photos\/112844002585347193957\/albums\/5955631052982171745\">DR\u017dAVNO MLADINSKO RAVNE 2008<\/a>\n<\/p>\n<p>\n\t<a href=\"https:\/\/plus.google.com\/u\/0\/photos?tab=Xq#photos\/112844002585347193957\/albums\/5955629611483687793\">OB\u010cINSKO MLADINSKO IHAN 2007<\/a><\/p>\n","protected":false},"excerpt":{"rendered":"<p>CELOTNA GALERIJA PGD VIR OB\u010cINSKA VAJA KRTINA 2014 VAJA HELIOS 2014 OBISK VRTCA CICIDOM OKTOBER 2014 TAM-a SMO ODPELJALI V SAMOBOR SRE\u010cANJE VETERANOV &Scaron;TUDA 2014 POROKA PU&Scaron;NIK TEKMOVANJE GASILSKE MLADINE&nbsp; DOM\u017dALE 06.2014 ORENTACIJA TOPOLE MAJ 2014 LJUBLJANA BTC MAJ 2014 DAN ODPRTIH VRAT PGD VIR MAJ 2014 DEL \u010cLANOV PGD VIR NA SLIKANJU MAJ 2014 [&hellip;]<\/p>\n","protected":false},"author":4,"featured_media":0,"parent":0,"menu_order":0,"comment_status":"open","ping_status":"closed","template":"","meta":{"ngg_post_thumbnail":0},"post_mailing_queue_ids":[],"_links":{"self":[{"href":"http:\/\/www.gasilci-vir.si\/index.php?rest_route=\/wp\/v2\/pages\/1249"}],"collection":[{"href":"http:\/\/www.gasilci-vir.si\/index.php?rest_route=\/wp\/v2\/pages"}],"about":[{"href":"http:\/\/www.gasilci-vir.si\/index.php?rest_route=\/wp\/v2\/types\/page"}],"author":[{"embeddable":true,"href":"http:\/\/www.gasilci-vir.si\/index.php?rest_route=\/wp\/v2\/users\/4"}],"replies":[{"embeddable":true,"href":"http:\/\/www.gasilci-vir.si\/index.php?rest_route=%2Fwp%2Fv2%2Fcomments&post=1249"}],"version-history":[{"count":72,"href":"http:\/\/www.gasilci-vir.si\/index.php?rest_route=\/wp\/v2\/pages\/1249\/revisions"}],"predecessor-version":[{"id":3215,"href":"http:\/\/www.gasilci-vir.si\/index.php?rest_route=\/wp\/v2\/pages\/1249\/revisions\/3215"}],"wp:attachment":[{"href":"http:\/\/www.gasilci-vir.si\/index.php?rest_route=%2Fwp%2Fv2%2Fmedia&parent=1249"}],"curies":[{"name":"wp","href":"https:\/\/api.w.org\/{rel}","templated":true}]}}