{"id":149,"date":"2013-09-03T20:24:12","date_gmt":"2013-09-03T18:24:12","guid":{"rendered":"http:\/\/www.gasilci-vir.si\/?page_id=149"},"modified":"2017-09-10T16:32:18","modified_gmt":"2017-09-10T14:32:18","slug":"mladina","status":"publish","type":"page","link":"http:\/\/www.gasilci-vir.si\/?page_id=149","title":{"rendered":"Mladina"},"content":{"rendered":"<div>\n<p>\n\t\t<span style=\"font-family:arial,helvetica,sans-serif;\"><strong>PROGRAM MLADINSKE KOMISIJE ZA LETO 2017-2018<\/strong><\/span>\n\t<\/p>\n<\/div>\n<table border=\"1\" cellpadding=\"0\" cellspacing=\"0\" style=\"width:100%;\" width=\"100%\">\n<thead>\n<tr>\n<th style=\"width:387px;\">\n<p>\n\t\t\t\t\t<strong>tema<\/strong>\n\t\t\t\t<\/p>\n<\/th>\n<th style=\"width:109px;\">\n<p align=\"center\">\n\t\t\t\t\t<strong>datum<\/strong>\n\t\t\t\t<\/p>\n<\/th>\n<th style=\"width:82px;\">\n<p align=\"center\">\n\t\t\t\t\t<strong>mentor<\/strong>\n\t\t\t\t<\/p>\n<\/th>\n<th style=\"width:88px;\">\n<p align=\"center\">\n\t\t\t\t\t<strong>prostor<\/strong>\n\t\t\t\t<\/p>\n<\/th>\n<\/tr>\n<\/thead>\n<tbody>\n<tr>\n<td style=\"width:387px;\">\n<p>\n\t\t\t\t\t&Scaron;portne igre\n\t\t\t\t<\/p>\n<\/td>\n<td style=\"width:109px;\">\n<p align=\"center\">\n\t\t\t\t\tseptember\n\t\t\t\t<\/p>\n<\/td>\n<td style=\"width:82px;\">\n<p align=\"center\">\n\t\t\t\t\t&nbsp;\n\t\t\t\t<\/p>\n<\/td>\n<td style=\"width:88px;\">\n<p align=\"center\">\n\t\t\t\t\t&nbsp;\n\t\t\t\t<\/p>\n<\/td>\n<\/tr>\n<tr>\n<td style=\"width:387px;\">\n<p>\n\t\t\t\t\tIzlet\n\t\t\t\t<\/p>\n<\/td>\n<td style=\"width:109px;\">\n<p align=\"center\">\n\t\t\t\t\tseptember\n\t\t\t\t<\/p>\n<\/td>\n<td style=\"width:82px;\">\n<p align=\"center\">\n\t\t\t\t\tmenntorji\n\t\t\t\t<\/p>\n<\/td>\n<td style=\"width:88px;\">\n<p align=\"center\">\n\t\t\t\t\tAdrenalinski park Geoss Va\u010de\n\t\t\t\t<\/p>\n<\/td>\n<\/tr>\n<tr>\n<td style=\"width:387px;\">\n<p>\n\t\t\t\t\t<strong>Kviz &Scaron;tuda<\/strong>\n\t\t\t\t<\/p>\n<\/td>\n<td style=\"width:109px;\">\n<p align=\"center\">\n\t\t\t\t\toktober\n\t\t\t\t<\/p>\n<\/td>\n<td style=\"width:82px;\">\n<p align=\"center\">\n\t\t\t\t\t&nbsp;\n\t\t\t\t<\/p>\n<\/td>\n<td style=\"width:88px;\">\n<p align=\"center\">\n\t\t\t\t\t&nbsp;\n\t\t\t\t<\/p>\n<\/td>\n<\/tr>\n<tr>\n<td style=\"width:387px;\">\n<p>\n\t\t\t\t\tDru\u017eabne igre\n\t\t\t\t<\/p>\n<\/td>\n<td style=\"width:109px;\">\n<p align=\"center\">\n\t\t\t\t\toktober\n\t\t\t\t<\/p>\n<\/td>\n<td style=\"width:82px;\">\n<p align=\"center\">\n\t\t\t\t\t&nbsp;\n\t\t\t\t<\/p>\n<\/td>\n<td style=\"width:88px;\">\n<p align=\"center\">\n\t\t\t\t\t&nbsp;\n\t\t\t\t<\/p>\n<\/td>\n<\/tr>\n<tr>\n<td style=\"width:387px;\">\n<p>\n\t\t\t\t\tRisanka\/film\n\t\t\t\t<\/p>\n<\/td>\n<td style=\"width:109px;\">\n<p align=\"center\">\n\t\t\t\t\tnovember\n\t\t\t\t<\/p>\n<\/td>\n<td style=\"width:82px;\">\n<p align=\"center\">\n\t\t\t\t\t&nbsp;\n\t\t\t\t<\/p>\n<\/td>\n<td style=\"width:88px;\">\n<p align=\"center\">\n\t\t\t\t\t&nbsp;\n\t\t\t\t<\/p>\n<\/td>\n<\/tr>\n<tr>\n<td style=\"width:387px;\">\n<p>\n\t\t\t\t\tPrva pomo\u010d\n\t\t\t\t<\/p>\n<\/td>\n<td style=\"width:109px;\">\n<p align=\"center\">\n\t\t\t\t\tnovember\n\t\t\t\t<\/p>\n<\/td>\n<td style=\"width:82px;\">\n<p align=\"center\">\n\t\t\t\t\t&nbsp;\n\t\t\t\t<\/p>\n<\/td>\n<td style=\"width:88px;\">\n<p align=\"center\">\n\t\t\t\t\t&nbsp;\n\t\t\t\t<\/p>\n<\/td>\n<\/tr>\n<tr>\n<td style=\"width:387px;\">\n<p>\n\t\t\t\t\tMiklav\u017eevanje\n\t\t\t\t<\/p>\n<\/td>\n<td style=\"width:109px;\">\n<p align=\"center\">\n\t\t\t\t\tdecember\n\t\t\t\t<\/p>\n<\/td>\n<td style=\"width:82px;\">\n<p align=\"center\">\n\t\t\t\t\t&nbsp;\n\t\t\t\t<\/p>\n<\/td>\n<td style=\"width:88px;\">\n<p align=\"center\">\n\t\t\t\t\t&nbsp;\n\t\t\t\t<\/p>\n<\/td>\n<\/tr>\n<tr>\n<td style=\"width:387px;\">\n<p>\n\t\t\t\t\tIzdelovanje vo&scaron;\u010dilnic\n\t\t\t\t<\/p>\n<\/td>\n<td style=\"width:109px;\">\n<p align=\"center\">\n\t\t\t\t\tdecember\n\t\t\t\t<\/p>\n<\/td>\n<td style=\"width:82px;\">\n<p align=\"center\">\n\t\t\t\t\t&nbsp;\n\t\t\t\t<\/p>\n<\/td>\n<td style=\"width:88px;\">\n<p align=\"center\">\n\t\t\t\t\t&nbsp;\n\t\t\t\t<\/p>\n<\/td>\n<\/tr>\n<tr>\n<td style=\"width:387px;\">\n<p>\n\t\t\t\t\tDrsanje\n\t\t\t\t<\/p>\n<\/td>\n<td style=\"width:109px;\">\n<p align=\"center\">\n\t\t\t\t\tjanuar\n\t\t\t\t<\/p>\n<\/td>\n<td style=\"width:82px;\">\n<p align=\"center\">\n\t\t\t\t\t&nbsp;\n\t\t\t\t<\/p>\n<\/td>\n<td style=\"width:88px;\">\n<p align=\"center\">\n\t\t\t\t\t&nbsp;\n\t\t\t\t<\/p>\n<\/td>\n<\/tr>\n<tr>\n<td style=\"width:387px;\">\n<p>\n\t\t\t\t\tOb\u010dni zbor\n\t\t\t\t<\/p>\n<\/td>\n<td style=\"width:109px;\">\n<p align=\"center\">\n\t\t\t\t\t&nbsp;\n\t\t\t\t<\/p>\n<\/td>\n<td style=\"width:82px;\">\n<p align=\"center\">\n\t\t\t\t\t&nbsp;\n\t\t\t\t<\/p>\n<\/td>\n<td style=\"width:88px;\">\n<p align=\"center\">\n\t\t\t\t\t&nbsp;\n\t\t\t\t<\/p>\n<\/td>\n<\/tr>\n<tr>\n<td style=\"width:387px;\">\n<p>\n\t\t\t\t\tDru&scaron;tveni kviz\n\t\t\t\t<\/p>\n<\/td>\n<td style=\"width:109px;\">\n<p align=\"center\">\n\t\t\t\t\tjanuar\n\t\t\t\t<\/p>\n<\/td>\n<td style=\"width:82px;\">\n<p align=\"center\">\n\t\t\t\t\t&nbsp;\n\t\t\t\t<\/p>\n<\/td>\n<td style=\"width:88px;\">\n<p align=\"center\">\n\t\t\t\t\t&nbsp;\n\t\t\t\t<\/p>\n<\/td>\n<\/tr>\n<tr>\n<td style=\"width:387px;\">\n<p>\n\t\t\t\t\t<strong>Kviz <\/strong>\n\t\t\t\t<\/p>\n<\/td>\n<td style=\"width:109px;\">\n<p align=\"center\">\n\t\t\t\t\tfebruar\n\t\t\t\t<\/p>\n<\/td>\n<td style=\"width:82px;\">\n<p align=\"center\">\n\t\t\t\t\t&nbsp;\n\t\t\t\t<\/p>\n<\/td>\n<td style=\"width:88px;\">\n<p align=\"center\">\n\t\t\t\t\t&nbsp;\n\t\t\t\t<\/p>\n<\/td>\n<\/tr>\n<tr>\n<td style=\"width:387px;\">\n<p>\n\t\t\t\t\t<strong>Beli dan<\/strong>\n\t\t\t\t<\/p>\n<\/td>\n<td style=\"width:109px;\">\n<p align=\"center\">\n\t\t\t\t\tfebruar\n\t\t\t\t<\/p>\n<\/td>\n<td style=\"width:82px;\">\n<p align=\"center\">\n\t\t\t\t\t&nbsp;\n\t\t\t\t<\/p>\n<\/td>\n<td style=\"width:88px;\">\n<p align=\"center\">\n\t\t\t\t\t&nbsp;\n\t\t\t\t<\/p>\n<\/td>\n<\/tr>\n<tr>\n<td style=\"width:387px;\">\n<p>\n\t\t\t\t\tIzdelovanje gregor\u010dkov + spu&scaron;\u010danje\n\t\t\t\t<\/p>\n<\/td>\n<td style=\"width:109px;\">\n<p align=\"center\">\n\t\t\t\t\tmarec\n\t\t\t\t<\/p>\n<\/td>\n<td style=\"width:82px;\">\n<p align=\"center\">\n\t\t\t\t\t&nbsp;\n\t\t\t\t<\/p>\n<\/td>\n<td style=\"width:88px;\">\n<p align=\"center\">\n\t\t\t\t\t&nbsp;\n\t\t\t\t<\/p>\n<\/td>\n<\/tr>\n<tr>\n<td style=\"width:387px;\">\n<p>\n\t\t\t\t\tKri\u017eanke\/rebusi\/pobarvanke\n\t\t\t\t<\/p>\n<\/td>\n<td style=\"width:109px;\">\n<p align=\"center\">\n\t\t\t\t\tmarec\n\t\t\t\t<\/p>\n<\/td>\n<td style=\"width:82px;\">\n<p align=\"center\">\n\t\t\t\t\t&nbsp;\n\t\t\t\t<\/p>\n<\/td>\n<td style=\"width:88px;\">\n<p align=\"center\">\n\t\t\t\t\t&nbsp;\n\t\t\t\t<\/p>\n<\/td>\n<\/tr>\n<tr>\n<td style=\"width:387px;\">\n<p>\n\t\t\t\t\t\u010cistilna akcija\n\t\t\t\t<\/p>\n<\/td>\n<td style=\"width:109px;\">\n<p align=\"center\">\n\t\t\t\t\tapril\n\t\t\t\t<\/p>\n<\/td>\n<td style=\"width:82px;\">\n<p align=\"center\">\n\t\t\t\t\t&nbsp;\n\t\t\t\t<\/p>\n<\/td>\n<td style=\"width:88px;\">\n<p align=\"center\">\n\t\t\t\t\t&nbsp;\n\t\t\t\t<\/p>\n<\/td>\n<\/tr>\n<tr>\n<td style=\"width:387px;\">\n<p>\n\t\t\t\t\tOrientacija s taborniki\n\t\t\t\t<\/p>\n<\/td>\n<td style=\"width:109px;\">\n<p align=\"center\">\n\t\t\t\t\tapril\n\t\t\t\t<\/p>\n<\/td>\n<td style=\"width:82px;\">\n<p align=\"center\">\n\t\t\t\t\t&nbsp;\n\t\t\t\t<\/p>\n<\/td>\n<td style=\"width:88px;\">\n<p align=\"center\">\n\t\t\t\t\t&nbsp;\n\t\t\t\t<\/p>\n<\/td>\n<\/tr>\n<tr>\n<td style=\"width:387px;\">\n<p>\n\t\t\t\t\t<strong>Orientacija<\/strong>\n\t\t\t\t<\/p>\n<\/td>\n<td style=\"width:109px;\">\n<p align=\"center\">\n\t\t\t\t\tapril\n\t\t\t\t<\/p>\n<\/td>\n<td style=\"width:82px;\">\n<p align=\"center\">\n\t\t\t\t\t&nbsp;\n\t\t\t\t<\/p>\n<\/td>\n<td style=\"width:88px;\">\n<p align=\"center\">\n\t\t\t\t\t&nbsp;\n\t\t\t\t<\/p>\n<\/td>\n<\/tr>\n<tr>\n<td style=\"width:387px;\">\n<p>\n\t\t\t\t\t&nbsp;\n\t\t\t\t<\/p>\n<\/td>\n<td style=\"width:109px;\">\n<p align=\"center\">\n\t\t\t\t\tmaj\n\t\t\t\t<\/p>\n<\/td>\n<td style=\"width:82px;\">\n<p align=\"center\">\n\t\t\t\t\t&nbsp;\n\t\t\t\t<\/p>\n<\/td>\n<td style=\"width:88px;\">\n<p align=\"center\">\n\t\t\t\t\t&nbsp;\n\t\t\t\t<\/p>\n<\/td>\n<\/tr>\n<tr>\n<td style=\"width:387px;\">\n<p>\n\t\t\t\t\t<strong>Gasilsko-&scaron;portne discipline<\/strong>\n\t\t\t\t<\/p>\n<\/td>\n<td style=\"width:109px;\">\n<p align=\"center\">\n\t\t\t\t\tmaj\n\t\t\t\t<\/p>\n<\/td>\n<td style=\"width:82px;\">\n<p align=\"center\">\n\t\t\t\t\t&nbsp;\n\t\t\t\t<\/p>\n<\/td>\n<td style=\"width:88px;\">\n<p align=\"center\">\n\t\t\t\t\t&nbsp;\n\t\t\t\t<\/p>\n<\/td>\n<\/tr>\n<tr>\n<td style=\"width:387px;\">\n<p>\n\t\t\t\t\t&nbsp;\n\t\t\t\t<\/p>\n<\/td>\n<td style=\"width:109px;\">\n<p align=\"center\">\n\t\t\t\t\t&nbsp;\n\t\t\t\t<\/p>\n<\/td>\n<td style=\"width:82px;\">\n<p align=\"center\">\n\t\t\t\t\t&nbsp;\n\t\t\t\t<\/p>\n<\/td>\n<td style=\"width:88px;\">\n<p align=\"center\">\n\t\t\t\t\t&nbsp;\n\t\t\t\t<\/p>\n<\/td>\n<\/tr>\n<tr>\n<td style=\"width:387px;\">\n<p>\n\t\t\t\t\t&nbsp;\n\t\t\t\t<\/p>\n<\/td>\n<td style=\"width:109px;\">\n<p align=\"center\">\n\t\t\t\t\t&nbsp;\n\t\t\t\t<\/p>\n<\/td>\n<td style=\"width:82px;\">\n<p align=\"center\">\n\t\t\t\t\t&nbsp;\n\t\t\t\t<\/p>\n<\/td>\n<td style=\"width:88px;\">\n<p align=\"center\">\n\t\t\t\t\t&nbsp;\n\t\t\t\t<\/p>\n<\/td>\n<\/tr>\n<tr>\n<td style=\"width:387px;\">\n<p>\n\t\t\t\t\t<strong>Gasilski tabor<\/strong>\n\t\t\t\t<\/p>\n<\/td>\n<td style=\"width:109px;\">\n<p align=\"center\">\n\t\t\t\t\tavgust\n\t\t\t\t<\/p>\n<\/td>\n<td style=\"width:82px;\">\n<p align=\"center\">\n\t\t\t\t\t&nbsp;\n\t\t\t\t<\/p>\n<\/td>\n<td style=\"width:88px;\">\n<p align=\"center\">\n\t\t\t\t\t&nbsp;\n\t\t\t\t<\/p>\n<\/td>\n<\/tr>\n<tr>\n<td style=\"width:387px;\">\n<p>\n\t\t\t\t\t&nbsp;\n\t\t\t\t<\/p>\n<\/td>\n<td style=\"width:109px;\">\n<p align=\"center\">\n\t\t\t\t\t&nbsp;\n\t\t\t\t<\/p>\n<\/td>\n<td style=\"width:82px;\">\n<p align=\"center\">\n\t\t\t\t\t&nbsp;\n\t\t\t\t<\/p>\n<\/td>\n<td style=\"width:88px;\">\n<p align=\"center\">\n\t\t\t\t\t&nbsp;\n\t\t\t\t<\/p>\n<\/td>\n<\/tr>\n<tr>\n<td style=\"width:387px;\">\n<p>\n\t\t\t\t\tSke\u010d\n\t\t\t\t<\/p>\n<\/td>\n<td style=\"width:109px;\">\n<p align=\"center\">\n\t\t\t\t\t&nbsp;\n\t\t\t\t<\/p>\n<\/td>\n<td style=\"width:82px;\">\n<p align=\"center\">\n\t\t\t\t\t&nbsp;\n\t\t\t\t<\/p>\n<\/td>\n<td style=\"width:88px;\">\n<p align=\"center\">\n\t\t\t\t\t&nbsp;\n\t\t\t\t<\/p>\n<\/td>\n<\/tr>\n<tr>\n<td style=\"width:387px;\">\n<p>\n\t\t\t\t\tPrikaz gasilstva\n\t\t\t\t<\/p>\n<\/td>\n<td style=\"width:109px;\">\n<p align=\"center\">\n\t\t\t\t\t&nbsp;\n\t\t\t\t<\/p>\n<\/td>\n<td style=\"width:82px;\">\n<p align=\"center\">\n\t\t\t\t\t&nbsp;\n\t\t\t\t<\/p>\n<\/td>\n<td style=\"width:88px;\">\n<p align=\"center\">\n\t\t\t\t\t&nbsp;\n\t\t\t\t<\/p>\n<\/td>\n<\/tr>\n<tr>\n<td style=\"width:387px;\">\n<p>\n\t\t\t\t\tPo\u010dasni posnetki vaj\n\t\t\t\t<\/p>\n<\/td>\n<td style=\"width:109px;\">\n<p align=\"center\">\n\t\t\t\t\t&nbsp;\n\t\t\t\t<\/p>\n<\/td>\n<td style=\"width:82px;\">\n<p align=\"center\">\n\t\t\t\t\t&nbsp;\n\t\t\t\t<\/p>\n<\/td>\n<td style=\"width:88px;\">\n<p align=\"center\">\n\t\t\t\t\t&nbsp;\n\t\t\t\t<\/p>\n<\/td>\n<\/tr>\n<tr>\n<td style=\"width:387px;\">\n<p>\n\t\t\t\t\tIzdelki za ob\u010dni zbor\n\t\t\t\t<\/p>\n<\/td>\n<td style=\"width:109px;\">\n<p align=\"center\">\n\t\t\t\t\t&nbsp;\n\t\t\t\t<\/p>\n<\/td>\n<td style=\"width:82px;\">\n<p align=\"center\">\n\t\t\t\t\t&nbsp;\n\t\t\t\t<\/p>\n<\/td>\n<td style=\"width:88px;\">\n<p align=\"center\">\n\t\t\t\t\t&nbsp;\n\t\t\t\t<\/p>\n<\/td>\n<\/tr>\n<tr>\n<td style=\"width:387px;\">\n<p>\n\t\t\t\t\t&nbsp;\n\t\t\t\t<\/p>\n<\/td>\n<td style=\"width:109px;\">\n<p align=\"center\">\n\t\t\t\t\t&nbsp;\n\t\t\t\t<\/p>\n<\/td>\n<td style=\"width:82px;\">\n<p align=\"center\">\n\t\t\t\t\t&nbsp;\n\t\t\t\t<\/p>\n<\/td>\n<td style=\"width:88px;\">\n<p align=\"center\">\n\t\t\t\t\t&nbsp;\n\t\t\t\t<\/p>\n<\/td>\n<\/tr>\n<\/tbody>\n<\/table>\n<p>\n\t&nbsp;<\/p>\n","protected":false},"excerpt":{"rendered":"<p>PROGRAM MLADINSKE KOMISIJE ZA LETO 2017-2018 tema datum mentor prostor &Scaron;portne igre september &nbsp; &nbsp; Izlet september menntorji Adrenalinski park Geoss Va\u010de Kviz &Scaron;tuda oktober &nbsp; &nbsp; Dru\u017eabne igre oktober &nbsp; &nbsp; Risanka\/film november &nbsp; &nbsp; Prva pomo\u010d november &nbsp; &nbsp; Miklav\u017eevanje december &nbsp; &nbsp; Izdelovanje vo&scaron;\u010dilnic december &nbsp; &nbsp; Drsanje januar &nbsp; &nbsp; Ob\u010dni [&hellip;]<\/p>\n","protected":false},"author":1,"featured_media":0,"parent":0,"menu_order":0,"comment_status":"open","ping_status":"closed","template":"","meta":{"ngg_post_thumbnail":0},"post_mailing_queue_ids":[],"_links":{"self":[{"href":"http:\/\/www.gasilci-vir.si\/index.php?rest_route=\/wp\/v2\/pages\/149"}],"collection":[{"href":"http:\/\/www.gasilci-vir.si\/index.php?rest_route=\/wp\/v2\/pages"}],"about":[{"href":"http:\/\/www.gasilci-vir.si\/index.php?rest_route=\/wp\/v2\/types\/page"}],"author":[{"embeddable":true,"href":"http:\/\/www.gasilci-vir.si\/index.php?rest_route=\/wp\/v2\/users\/1"}],"replies":[{"embeddable":true,"href":"http:\/\/www.gasilci-vir.si\/index.php?rest_route=%2Fwp%2Fv2%2Fcomments&post=149"}],"version-history":[{"count":8,"href":"http:\/\/www.gasilci-vir.si\/index.php?rest_route=\/wp\/v2\/pages\/149\/revisions"}],"predecessor-version":[{"id":4278,"href":"http:\/\/www.gasilci-vir.si\/index.php?rest_route=\/wp\/v2\/pages\/149\/revisions\/4278"}],"wp:attachment":[{"href":"http:\/\/www.gasilci-vir.si\/index.php?rest_route=%2Fwp%2Fv2%2Fmedia&parent=149"}],"curies":[{"name":"wp","href":"https:\/\/api.w.org\/{rel}","templated":true}]}}