{"id":1516,"date":"2013-12-22T07:38:41","date_gmt":"2013-12-22T05:38:41","guid":{"rendered":"http:\/\/www.gasilci-vir.si\/?page_id=1516"},"modified":"2013-12-22T07:38:41","modified_gmt":"2013-12-22T05:38:41","slug":"srecanje","status":"publish","type":"page","link":"http:\/\/www.gasilci-vir.si\/?page_id=1516","title":{"rendered":"Sre\u010danje"},"content":{"rendered":"<p>\n\tV petek 20.12 smo se v prostorih PGD Vir dobili na prednovoletnem sre\u010danju. Ve\u010d kot pedeset zbranih \u010dlanov, \u010dlanic, veteranov ter mladine je pozdravila predsednica Alenka Paternost Pirc ter se jim zahvalila za sodelovanje in trud, ter jih povabila na skromno zakusko\n<\/p>\n<p>\n\t.<a href=\"http:\/\/www.gasilci-vir.si\/wp-content\/uploads\/2013\/12\/DSCN0013.jpg\"><img decoding=\"async\" loading=\"lazy\" alt=\"DSCN0013\" class=\"alignnone size-medium wp-image-1507\" height=\"225\" src=\"http:\/\/www.gasilci-vir.si\/wp-content\/uploads\/2013\/12\/DSCN0013-300x225.jpg\" width=\"300\" srcset=\"http:\/\/www.gasilci-vir.si\/wp-content\/uploads\/2013\/12\/DSCN0013-300x225.jpg 300w, http:\/\/www.gasilci-vir.si\/wp-content\/uploads\/2013\/12\/DSCN0013-1024x768.jpg 1024w\" sizes=\"(max-width: 300px) 100vw, 300px\" \/><\/a> <a href=\"http:\/\/www.gasilci-vir.si\/wp-content\/uploads\/2013\/12\/DSCN0015.jpg\"><img decoding=\"async\" loading=\"lazy\" alt=\"DSCN0015\" class=\"alignnone size-medium wp-image-1508\" height=\"225\" src=\"http:\/\/www.gasilci-vir.si\/wp-content\/uploads\/2013\/12\/DSCN0015-300x225.jpg\" width=\"300\" srcset=\"http:\/\/www.gasilci-vir.si\/wp-content\/uploads\/2013\/12\/DSCN0015-300x225.jpg 300w, http:\/\/www.gasilci-vir.si\/wp-content\/uploads\/2013\/12\/DSCN0015-1024x768.jpg 1024w\" sizes=\"(max-width: 300px) 100vw, 300px\" \/><\/a> <a href=\"http:\/\/www.gasilci-vir.si\/wp-content\/uploads\/2013\/12\/DSCN0016.jpg\"><img decoding=\"async\" loading=\"lazy\" alt=\"DSCN0016\" class=\"alignnone size-medium wp-image-1509\" height=\"225\" src=\"http:\/\/www.gasilci-vir.si\/wp-content\/uploads\/2013\/12\/DSCN0016-300x225.jpg\" width=\"300\" srcset=\"http:\/\/www.gasilci-vir.si\/wp-content\/uploads\/2013\/12\/DSCN0016-300x225.jpg 300w, http:\/\/www.gasilci-vir.si\/wp-content\/uploads\/2013\/12\/DSCN0016-1024x768.jpg 1024w\" sizes=\"(max-width: 300px) 100vw, 300px\" \/><\/a> <a href=\"http:\/\/www.gasilci-vir.si\/wp-content\/uploads\/2013\/12\/DSCN0017.jpg\"><img decoding=\"async\" loading=\"lazy\" alt=\"DSCN0017\" class=\"alignnone size-medium wp-image-1510\" height=\"225\" src=\"http:\/\/www.gasilci-vir.si\/wp-content\/uploads\/2013\/12\/DSCN0017-300x225.jpg\" width=\"300\" srcset=\"http:\/\/www.gasilci-vir.si\/wp-content\/uploads\/2013\/12\/DSCN0017-300x225.jpg 300w, http:\/\/www.gasilci-vir.si\/wp-content\/uploads\/2013\/12\/DSCN0017-1024x768.jpg 1024w\" sizes=\"(max-width: 300px) 100vw, 300px\" \/><\/a> <a href=\"http:\/\/www.gasilci-vir.si\/wp-content\/uploads\/2013\/12\/DSCN0019.jpg\"><img decoding=\"async\" loading=\"lazy\" alt=\"DSCN0019\" class=\"alignnone size-medium wp-image-1511\" height=\"225\" src=\"http:\/\/www.gasilci-vir.si\/wp-content\/uploads\/2013\/12\/DSCN0019-300x225.jpg\" width=\"300\" srcset=\"http:\/\/www.gasilci-vir.si\/wp-content\/uploads\/2013\/12\/DSCN0019-300x225.jpg 300w, http:\/\/www.gasilci-vir.si\/wp-content\/uploads\/2013\/12\/DSCN0019-1024x768.jpg 1024w\" sizes=\"(max-width: 300px) 100vw, 300px\" \/><\/a> <a href=\"http:\/\/www.gasilci-vir.si\/wp-content\/uploads\/2013\/12\/DSCN0021.jpg\"><img decoding=\"async\" loading=\"lazy\" alt=\"DSCN0021\" class=\"alignnone size-medium wp-image-1512\" height=\"225\" src=\"http:\/\/www.gasilci-vir.si\/wp-content\/uploads\/2013\/12\/DSCN0021-300x225.jpg\" width=\"300\" srcset=\"http:\/\/www.gasilci-vir.si\/wp-content\/uploads\/2013\/12\/DSCN0021-300x225.jpg 300w, http:\/\/www.gasilci-vir.si\/wp-content\/uploads\/2013\/12\/DSCN0021-1024x768.jpg 1024w\" sizes=\"(max-width: 300px) 100vw, 300px\" \/><\/a> <a href=\"http:\/\/www.gasilci-vir.si\/wp-content\/uploads\/2013\/12\/DSCN0023.jpg\"><img decoding=\"async\" loading=\"lazy\" alt=\"DSCN0023\" class=\"alignnone size-medium wp-image-1513\" height=\"225\" src=\"http:\/\/www.gasilci-vir.si\/wp-content\/uploads\/2013\/12\/DSCN0023-300x225.jpg\" width=\"300\" srcset=\"http:\/\/www.gasilci-vir.si\/wp-content\/uploads\/2013\/12\/DSCN0023-300x225.jpg 300w, http:\/\/www.gasilci-vir.si\/wp-content\/uploads\/2013\/12\/DSCN0023-1024x768.jpg 1024w\" sizes=\"(max-width: 300px) 100vw, 300px\" \/><\/a> <a href=\"http:\/\/www.gasilci-vir.si\/wp-content\/uploads\/2013\/12\/DSCN0025.jpg\"><img decoding=\"async\" loading=\"lazy\" alt=\"DSCN0025\" class=\"alignnone size-medium wp-image-1514\" height=\"225\" src=\"http:\/\/www.gasilci-vir.si\/wp-content\/uploads\/2013\/12\/DSCN0025-300x225.jpg\" width=\"300\" srcset=\"http:\/\/www.gasilci-vir.si\/wp-content\/uploads\/2013\/12\/DSCN0025-300x225.jpg 300w, http:\/\/www.gasilci-vir.si\/wp-content\/uploads\/2013\/12\/DSCN0025-1024x768.jpg 1024w\" sizes=\"(max-width: 300px) 100vw, 300px\" \/><\/a> <a href=\"http:\/\/www.gasilci-vir.si\/wp-content\/uploads\/2013\/12\/DSCN0026.jpg\"><img decoding=\"async\" loading=\"lazy\" alt=\"DSCN0026\" class=\"alignnone size-medium wp-image-1515\" height=\"225\" src=\"http:\/\/www.gasilci-vir.si\/wp-content\/uploads\/2013\/12\/DSCN0026-300x225.jpg\" width=\"300\" srcset=\"http:\/\/www.gasilci-vir.si\/wp-content\/uploads\/2013\/12\/DSCN0026-300x225.jpg 300w, http:\/\/www.gasilci-vir.si\/wp-content\/uploads\/2013\/12\/DSCN0026-1024x768.jpg 1024w\" sizes=\"(max-width: 300px) 100vw, 300px\" \/><\/a><\/p>\n","protected":false},"excerpt":{"rendered":"<p>V petek 20.12 smo se v prostorih PGD Vir dobili na prednovoletnem sre\u010danju. Ve\u010d kot pedeset zbranih \u010dlanov, \u010dlanic, veteranov ter mladine je pozdravila predsednica Alenka Paternost Pirc ter se jim zahvalila za sodelovanje in trud, ter jih povabila na skromno zakusko .<\/p>\n","protected":false},"author":4,"featured_media":0,"parent":0,"menu_order":0,"comment_status":"open","ping_status":"closed","template":"","meta":{"ngg_post_thumbnail":0},"post_mailing_queue_ids":[],"_links":{"self":[{"href":"http:\/\/www.gasilci-vir.si\/index.php?rest_route=\/wp\/v2\/pages\/1516"}],"collection":[{"href":"http:\/\/www.gasilci-vir.si\/index.php?rest_route=\/wp\/v2\/pages"}],"about":[{"href":"http:\/\/www.gasilci-vir.si\/index.php?rest_route=\/wp\/v2\/types\/page"}],"author":[{"embeddable":true,"href":"http:\/\/www.gasilci-vir.si\/index.php?rest_route=\/wp\/v2\/users\/4"}],"replies":[{"embeddable":true,"href":"http:\/\/www.gasilci-vir.si\/index.php?rest_route=%2Fwp%2Fv2%2Fcomments&post=1516"}],"version-history":[{"count":1,"href":"http:\/\/www.gasilci-vir.si\/index.php?rest_route=\/wp\/v2\/pages\/1516\/revisions"}],"predecessor-version":[{"id":1518,"href":"http:\/\/www.gasilci-vir.si\/index.php?rest_route=\/wp\/v2\/pages\/1516\/revisions\/1518"}],"wp:attachment":[{"href":"http:\/\/www.gasilci-vir.si\/index.php?rest_route=%2Fwp%2Fv2%2Fmedia&parent=1516"}],"curies":[{"name":"wp","href":"https:\/\/api.w.org\/{rel}","templated":true}]}}