{"id":1900,"date":"2014-01-19T14:28:27","date_gmt":"2014-01-19T12:28:27","guid":{"rendered":"http:\/\/www.gasilci-vir.si\/?page_id=1900"},"modified":"2016-02-06T14:23:52","modified_gmt":"2016-02-06T12:23:52","slug":"razpored-dezurnih-voznikov","status":"publish","type":"page","link":"http:\/\/www.gasilci-vir.si\/?page_id=1900","title":{"rendered":"Razpored de\u017eurnih voznikov"},"content":{"rendered":"<p>\n\t&nbsp;\n<\/p>\n<table border=\"1\" cellpadding=\"0\" cellspacing=\"0\" style=\"width:631px;\" width=\"631\">\n<tbody>\n<tr>\n<td rowspan=\"2\" style=\"width:146px;\">\n<p>\n\t\t\t\t\t&nbsp;\n\t\t\t\t<\/p>\n<\/td>\n<td style=\"width:234px;\">\n<p>\n\t\t\t\t\tREGISTRACIJA\n\t\t\t\t<\/p>\n<\/td>\n<td style=\"width:251px;\">\n<p>\n\t\t\t\t\tREGISTRACIJA14.08.2016\n\t\t\t\t<\/p>\n<\/td>\n<\/tr>\n<tr>\n<td style=\"width:234px;\">\n<p align=\"center\">\n\t\t\t\t\t<strong>GVM-1<\/strong>\n\t\t\t\t<\/p>\n<\/td>\n<td style=\"width:251px;\">\n<p align=\"center\">\n\t\t\t\t\t<strong>GVC 16\/25<\/strong>\n\t\t\t\t<\/p>\n<\/td>\n<\/tr>\n<tr>\n<td style=\"width:146px;\">\n<p>\n\t\t\t\t\t<strong>JANUAR<\/strong>\n\t\t\t\t<\/p>\n<\/td>\n<td style=\"width:234px;\">\n<p>\n\t\t\t\t\tMerela Bo&scaron;tjan\n\t\t\t\t<\/p>\n<\/td>\n<td style=\"width:251px;\">\n<p>\n\t\t\t\t\tLimoni Alojz\n\t\t\t\t<\/p>\n<\/td>\n<\/tr>\n<tr>\n<td style=\"width:146px;\">\n<p>\n\t\t\t\t\t<strong>FEBRUAR<\/strong>\n\t\t\t\t<\/p>\n<\/td>\n<td style=\"width:234px;\">\n<p>\n\t\t\t\t\tKimovec Marko\n\t\t\t\t<\/p>\n<\/td>\n<td style=\"width:251px;\">\n<p>\n\t\t\t\t\tHribar Matja\u017e\n\t\t\t\t<\/p>\n<\/td>\n<\/tr>\n<tr>\n<td style=\"width:146px;\">\n<p>\n\t\t\t\t\t<strong>MAREC<\/strong>\n\t\t\t\t<\/p>\n<\/td>\n<td style=\"width:234px;\">\n<p>\n\t\t\t\t\tRepov\u017e Vito\n\t\t\t\t<\/p>\n<\/td>\n<td style=\"width:251px;\">\n<p>\n\t\t\t\t\tLisjak Robi\n\t\t\t\t<\/p>\n<\/td>\n<\/tr>\n<tr>\n<td style=\"width:146px;\">\n<p>\n\t\t\t\t\t<strong>APRIL<\/strong>\n\t\t\t\t<\/p>\n<\/td>\n<td style=\"width:234px;\">\n<p>\n\t\t\t\t\tPrvin&scaron;ek Igor\n\t\t\t\t<\/p>\n<\/td>\n<td style=\"width:251px;\">\n<p>\n\t\t\t\t\tMahkovec Matja\u017e\n\t\t\t\t<\/p>\n<\/td>\n<\/tr>\n<tr>\n<td style=\"width:146px;\">\n<p>\n\t\t\t\t\t<strong>MAJ<\/strong>\n\t\t\t\t<\/p>\n<\/td>\n<td style=\"width:234px;\">\n<p>\n\t\t\t\t\tHorvat Luka\n\t\t\t\t<\/p>\n<\/td>\n<td style=\"width:251px;\">\n<p>\n\t\t\t\t\tPirc Damir\n\t\t\t\t<\/p>\n<\/td>\n<\/tr>\n<tr>\n<td style=\"width:146px;\">\n<p>\n\t\t\t\t\t<strong>JUNIJ<\/strong>\n\t\t\t\t<\/p>\n<\/td>\n<td style=\"width:234px;\">\n<p>\n\t\t\t\t\tPeterka Miha\n\t\t\t\t<\/p>\n<\/td>\n<td style=\"width:251px;\">\n<p>\n\t\t\t\t\tZalokar Toma\u017e\n\t\t\t\t<\/p>\n<\/td>\n<\/tr>\n<tr>\n<td style=\"width:146px;\">\n<p>\n\t\t\t\t\t<strong>JULIJ<\/strong>\n\t\t\t\t<\/p>\n<\/td>\n<td style=\"width:234px;\">\n<p>\n\t\t\t\t\tZalokar Toma\u017e\n\t\t\t\t<\/p>\n<\/td>\n<td style=\"width:251px;\">\n<p>\n\t\t\t\t\tPeterka Miha\n\t\t\t\t<\/p>\n<\/td>\n<\/tr>\n<tr>\n<td style=\"width:146px;\">\n<p>\n\t\t\t\t\t<strong>AVGUST<\/strong>\n\t\t\t\t<\/p>\n<\/td>\n<td style=\"width:234px;\">\n<p>\n\t\t\t\t\tMerela B.,Lisjak Luka\n\t\t\t\t<\/p>\n<\/td>\n<td style=\"width:251px;\">\n<p>\n\t\t\t\t\tMahkota Martin\n\t\t\t\t<\/p>\n<\/td>\n<\/tr>\n<tr>\n<td style=\"width:146px;\">\n<p>\n\t\t\t\t\t<strong>SEPTEMBER<\/strong>\n\t\t\t\t<\/p>\n<\/td>\n<td style=\"width:234px;\">\n<p>\n\t\t\t\t\tPrvin&scaron;ek Igor\n\t\t\t\t<\/p>\n<\/td>\n<td style=\"width:251px;\">\n<p>\n\t\t\t\t\tLimoni Alojz\n\t\t\t\t<\/p>\n<\/td>\n<\/tr>\n<tr>\n<td style=\"width:146px;\">\n<p>\n\t\t\t\t\t<strong>OKTOBER<\/strong>\n\t\t\t\t<\/p>\n<\/td>\n<td style=\"width:234px;\">\n<p>\n\t\t\t\t\tRepov\u017e Vito\n\t\t\t\t<\/p>\n<\/td>\n<td style=\"width:251px;\">\n<p>\n\t\t\t\t\tLisjak Robi\n\t\t\t\t<\/p>\n<\/td>\n<\/tr>\n<tr>\n<td style=\"width:146px;\">\n<p>\n\t\t\t\t\t<strong>NOVEMBER<\/strong>\n\t\t\t\t<\/p>\n<\/td>\n<td style=\"width:234px;\">\n<p>\n\t\t\t\t\tHorvat Luka\n\t\t\t\t<\/p>\n<\/td>\n<td style=\"width:251px;\">\n<p>\n\t\t\t\t\tHribar Matja\u017e\n\t\t\t\t<\/p>\n<\/td>\n<\/tr>\n<tr>\n<td style=\"width:146px;\">\n<p>\n\t\t\t\t\t<strong>DECEMBER<\/strong>\n\t\t\t\t<\/p>\n<\/td>\n<td style=\"width:234px;\">\n<p>\n\t\t\t\t\tPirc Alen.-Hribar Marija\n\t\t\t\t<\/p>\n<\/td>\n<td style=\"width:251px;\">\n<p>\n\t\t\t\t\tPeterka Miha\n\t\t\t\t<\/p>\n<\/td>\n<\/tr>\n<\/tbody>\n<\/table>\n<p>\n\t&nbsp;\n<\/p>\n<table border=\"1\" cellpadding=\"0\" cellspacing=\"0\" width=\"631\">\n<tbody>\n<tr>\n<td style=\"width:196px;\">\n<p align=\"center\">\n\t\t\t\t\t<strong>VOZNIK<\/strong>\n\t\t\t\t<\/p>\n<\/td>\n<td style=\"width:142px;\">\n<p align=\"center\">\n\t\t\t\t\t<strong>TEL.&Scaron;TEVILKA<\/strong>\n\t\t\t\t<\/p>\n<\/td>\n<td style=\"width:76px;\">\n<p align=\"center\">\n\t\t\t\t\t<strong>GVM-1<\/strong>\n\t\t\t\t<\/p>\n<\/td>\n<td style=\"width:94px;\">\n<p align=\"center\">\n\t\t\t\t\t<strong>GVC-16\/25<\/strong>\n\t\t\t\t<\/p>\n<\/td>\n<td style=\"width:123px;\">\n<p align=\"center\">\n\t\t\t\t\t<strong>OPOMBE<\/strong>\n\t\t\t\t<\/p>\n<\/td>\n<\/tr>\n<tr>\n<td style=\"width:196px;\">\n<p>\n\t\t\t\t\t<strong>Hribar Matja\u017e<\/strong>\n\t\t\t\t<\/p>\n<\/td>\n<td style=\"width:142px;\">\n<p align=\"center\">\n\t\t\t\t\t<strong>041 846 312<\/strong>\n\t\t\t\t<\/p>\n<\/td>\n<td style=\"width:76px;\">\n<p align=\"center\">\n\t\t\t\t\t<strong>B<\/strong>\n\t\t\t\t<\/p>\n<\/td>\n<td style=\"width:94px;\">\n<p align=\"center\">\n\t\t\t\t\t<strong>C<\/strong>\n\t\t\t\t<\/p>\n<\/td>\n<td style=\"width:123px;\">\n<p>\n\t\t\t\t\t&nbsp;\n\t\t\t\t<\/p>\n<\/td>\n<\/tr>\n<tr>\n<td style=\"width:196px;\">\n<p>\n\t\t\t\t\t<strong>Mahkota Martin<\/strong>\n\t\t\t\t<\/p>\n<\/td>\n<td style=\"width:142px;\">\n<p align=\"center\">\n\t\t\t\t\t<strong>041 651 186<\/strong>\n\t\t\t\t<\/p>\n<\/td>\n<td style=\"width:76px;\">\n<p align=\"center\">\n\t\t\t\t\t<strong>B<\/strong>\n\t\t\t\t<\/p>\n<\/td>\n<td style=\"width:94px;\">\n<p align=\"center\">\n\t\t\t\t\t<strong>C<\/strong>\n\t\t\t\t<\/p>\n<\/td>\n<td style=\"width:123px;\">\n<p>\n\t\t\t\t\t&nbsp;\n\t\t\t\t<\/p>\n<\/td>\n<\/tr>\n<tr>\n<td style=\"width:196px;\">\n<p>\n\t\t\t\t\t<strong>Limoni Alojz<\/strong>\n\t\t\t\t<\/p>\n<\/td>\n<td style=\"width:142px;\">\n<p align=\"center\">\n\t\t\t\t\t<strong>041 320 465<\/strong>\n\t\t\t\t<\/p>\n<\/td>\n<td style=\"width:76px;\">\n<p align=\"center\">\n\t\t\t\t\t<strong>B<\/strong>\n\t\t\t\t<\/p>\n<\/td>\n<td style=\"width:94px;\">\n<p align=\"center\">\n\t\t\t\t\t<strong>C<\/strong>\n\t\t\t\t<\/p>\n<\/td>\n<td style=\"width:123px;\">\n<p>\n\t\t\t\t\tPrevoz otrok\n\t\t\t\t<\/p>\n<\/td>\n<\/tr>\n<tr>\n<td style=\"width:196px;\">\n<p>\n\t\t\t\t\t<strong>Pirc Damir<\/strong>\n\t\t\t\t<\/p>\n<\/td>\n<td style=\"width:142px;\">\n<p align=\"center\">\n\t\t\t\t\t<strong>041 575 529<\/strong>\n\t\t\t\t<\/p>\n<\/td>\n<td style=\"width:76px;\">\n<p align=\"center\">\n\t\t\t\t\t<strong>B<\/strong>\n\t\t\t\t<\/p>\n<\/td>\n<td style=\"width:94px;\">\n<p align=\"center\">\n\t\t\t\t\t<strong>C<\/strong>\n\t\t\t\t<\/p>\n<\/td>\n<td style=\"width:123px;\">\n<p>\n\t\t\t\t\t&nbsp;\n\t\t\t\t<\/p>\n<\/td>\n<\/tr>\n<tr>\n<td style=\"width:196px;\">\n<p>\n\t\t\t\t\t<strong>Lisjak Robi<\/strong>\n\t\t\t\t<\/p>\n<\/td>\n<td style=\"width:142px;\">\n<p align=\"center\">\n\t\t\t\t\t<strong>041 316 108<\/strong>\n\t\t\t\t<\/p>\n<\/td>\n<td style=\"width:76px;\">\n<p align=\"center\">\n\t\t\t\t\t<strong>B<\/strong>\n\t\t\t\t<\/p>\n<\/td>\n<td style=\"width:94px;\">\n<p align=\"center\">\n\t\t\t\t\t<strong>C<\/strong>\n\t\t\t\t<\/p>\n<\/td>\n<td style=\"width:123px;\">\n<p>\n\t\t\t\t\t&nbsp;\n\t\t\t\t<\/p>\n<\/td>\n<\/tr>\n<tr>\n<td style=\"width:196px;\">\n<p>\n\t\t\t\t\t<strong>Zalokar Toma\u017e<\/strong>\n\t\t\t\t<\/p>\n<\/td>\n<td style=\"width:142px;\">\n<p align=\"center\">\n\t\t\t\t\t<strong>041 775 716<\/strong>\n\t\t\t\t<\/p>\n<\/td>\n<td style=\"width:76px;\">\n<p align=\"center\">\n\t\t\t\t\t<strong>B<\/strong>\n\t\t\t\t<\/p>\n<\/td>\n<td style=\"width:94px;\">\n<p align=\"center\">\n\t\t\t\t\t<strong>C<\/strong>\n\t\t\t\t<\/p>\n<\/td>\n<td style=\"width:123px;\">\n<p>\n\t\t\t\t\t&nbsp;\n\t\t\t\t<\/p>\n<\/td>\n<\/tr>\n<tr>\n<td style=\"width:196px;\">\n<p>\n\t\t\t\t\t<strong>Peterka Miha<\/strong>\n\t\t\t\t<\/p>\n<\/td>\n<td style=\"width:142px;\">\n<p align=\"center\">\n\t\t\t\t\t<strong>041 860 755<\/strong>\n\t\t\t\t<\/p>\n<\/td>\n<td style=\"width:76px;\">\n<p align=\"center\">\n\t\t\t\t\t<strong>B<\/strong>\n\t\t\t\t<\/p>\n<\/td>\n<td style=\"width:94px;\">\n<p align=\"center\">\n\t\t\t\t\t<strong>C<\/strong>\n\t\t\t\t<\/p>\n<\/td>\n<td style=\"width:123px;\">\n<p>\n\t\t\t\t\tPrevoz otrok\n\t\t\t\t<\/p>\n<\/td>\n<\/tr>\n<tr>\n<td style=\"width:196px;\">\n<p>\n\t\t\t\t\t<strong>Mahkovec Matja\u017e<\/strong>\n\t\t\t\t<\/p>\n<\/td>\n<td style=\"width:142px;\">\n<p align=\"center\">\n\t\t\t\t\t<strong>051 302 166<\/strong>\n\t\t\t\t<\/p>\n<\/td>\n<td style=\"width:76px;\">\n<p align=\"center\">\n\t\t\t\t\t<strong>B<\/strong>\n\t\t\t\t<\/p>\n<\/td>\n<td style=\"width:94px;\">\n<p align=\"center\">\n\t\t\t\t\t<strong>C<\/strong>\n\t\t\t\t<\/p>\n<\/td>\n<td style=\"width:123px;\">\n<p>\n\t\t\t\t\t&nbsp;\n\t\t\t\t<\/p>\n<\/td>\n<\/tr>\n<tr>\n<td style=\"width:196px;\">\n<p>\n\t\t\t\t\t<strong>Merela Bo&scaron;tjan<\/strong>\n\t\t\t\t<\/p>\n<\/td>\n<td style=\"width:142px;\">\n<p align=\"center\">\n\t\t\t\t\t<strong>041 732 469<\/strong>\n\t\t\t\t<\/p>\n<\/td>\n<td style=\"width:76px;\">\n<p align=\"center\">\n\t\t\t\t\t<strong>B<\/strong>\n\t\t\t\t<\/p>\n<\/td>\n<td style=\"width:94px;\">\n<p align=\"center\">\n\t\t\t\t\t&nbsp;\n\t\t\t\t<\/p>\n<\/td>\n<td style=\"width:123px;\">\n<p>\n\t\t\t\t\tPrevoz otrok\n\t\t\t\t<\/p>\n<\/td>\n<\/tr>\n<tr>\n<td style=\"width:196px;\">\n<p>\n\t\t\t\t\t<strong>Pirc Paternost Alenka<\/strong>\n\t\t\t\t<\/p>\n<\/td>\n<td style=\"width:142px;\">\n<p align=\"center\">\n\t\t\t\t\t<strong>040 877 123<\/strong>\n\t\t\t\t<\/p>\n<\/td>\n<td style=\"width:76px;\">\n<p align=\"center\">\n\t\t\t\t\t<strong>B<\/strong>\n\t\t\t\t<\/p>\n<\/td>\n<td style=\"width:94px;\">\n<p align=\"center\">\n\t\t\t\t\t&nbsp;\n\t\t\t\t<\/p>\n<\/td>\n<td style=\"width:123px;\">\n<p>\n\t\t\t\t\t&nbsp;\n\t\t\t\t<\/p>\n<\/td>\n<\/tr>\n<tr>\n<td style=\"width:196px;\">\n<p>\n\t\t\t\t\t<strong>Hribar Marija<\/strong>\n\t\t\t\t<\/p>\n<\/td>\n<td style=\"width:142px;\">\n<p align=\"center\">\n\t\t\t\t\t<strong>041 367 206<\/strong>\n\t\t\t\t<\/p>\n<\/td>\n<td style=\"width:76px;\">\n<p align=\"center\">\n\t\t\t\t\t<strong>B<\/strong>\n\t\t\t\t<\/p>\n<\/td>\n<td style=\"width:94px;\">\n<p align=\"center\">\n\t\t\t\t\t&nbsp;\n\t\t\t\t<\/p>\n<\/td>\n<td style=\"width:123px;\">\n<p>\n\t\t\t\t\t&nbsp;\n\t\t\t\t<\/p>\n<\/td>\n<\/tr>\n<tr>\n<td style=\"width:196px;\">\n<p>\n\t\t\t\t\t<strong>Repov\u017e Vito<\/strong>\n\t\t\t\t<\/p>\n<\/td>\n<td style=\"width:142px;\">\n<p>\n\t\t\t\t\t<strong>&nbsp;&nbsp; 031 230 214<\/strong>\n\t\t\t\t<\/p>\n<\/td>\n<td style=\"width:76px;\">\n<p align=\"center\">\n\t\t\t\t\t<strong>B<\/strong>\n\t\t\t\t<\/p>\n<\/td>\n<td style=\"width:94px;\">\n<p align=\"center\">\n\t\t\t\t\t&nbsp;\n\t\t\t\t<\/p>\n<\/td>\n<td style=\"width:123px;\">\n<p>\n\t\t\t\t\t&nbsp;\n\t\t\t\t<\/p>\n<\/td>\n<\/tr>\n<tr>\n<td style=\"width:196px;\">\n<p>\n\t\t\t\t\t<strong>Kimovec Marko<\/strong>\n\t\t\t\t<\/p>\n<\/td>\n<td style=\"width:142px;\">\n<p>\n\t\t\t\t\t<strong>&nbsp;&nbsp; 031 297 583<\/strong>\n\t\t\t\t<\/p>\n<\/td>\n<td style=\"width:76px;\">\n<p align=\"center\">\n\t\t\t\t\t<strong>B<\/strong>\n\t\t\t\t<\/p>\n<\/td>\n<td style=\"width:94px;\">\n<p align=\"center\">\n\t\t\t\t\t&nbsp;\n\t\t\t\t<\/p>\n<\/td>\n<td style=\"width:123px;\">\n<p>\n\t\t\t\t\t&nbsp;\n\t\t\t\t<\/p>\n<\/td>\n<\/tr>\n<tr>\n<td style=\"width:196px;\">\n<p>\n\t\t\t\t\t<strong>Horvat Luka<\/strong>\n\t\t\t\t<\/p>\n<\/td>\n<td style=\"width:142px;\">\n<p>\n\t\t\t\t\t<strong>&nbsp;&nbsp; 041 911 825<\/strong>\n\t\t\t\t<\/p>\n<\/td>\n<td style=\"width:76px;\">\n<p align=\"center\">\n\t\t\t\t\t<strong>B<\/strong>\n\t\t\t\t<\/p>\n<\/td>\n<td style=\"width:94px;\">\n<p align=\"center\">\n\t\t\t\t\t&nbsp;\n\t\t\t\t<\/p>\n<\/td>\n<td style=\"width:123px;\">\n<p>\n\t\t\t\t\t&nbsp;\n\t\t\t\t<\/p>\n<\/td>\n<\/tr>\n<tr>\n<td style=\"width:196px;\">\n<p>\n\t\t\t\t\t<strong>Prvin&scaron;ek Igor<\/strong>\n\t\t\t\t<\/p>\n<\/td>\n<td style=\"width:142px;\">\n<p align=\"center\">\n\t\t\t\t\t<strong>031 364 295<\/strong>\n\t\t\t\t<\/p>\n<\/td>\n<td style=\"width:76px;\">\n<p align=\"center\">\n\t\t\t\t\t<strong>B<a name=\"_GoBack\"><\/a><\/strong>\n\t\t\t\t<\/p>\n<\/td>\n<td style=\"width:94px;\">\n<p align=\"center\">\n\t\t\t\t\t&nbsp;\n\t\t\t\t<\/p>\n<\/td>\n<td style=\"width:123px;\">\n<p>\n\t\t\t\t\t&nbsp;\n\t\t\t\t<\/p>\n<\/td>\n<\/tr>\n<tr>\n<td style=\"width:196px;\">\n<p>\n\t\t\t\t\t<strong>Kepec Janez<\/strong>\n\t\t\t\t<\/p>\n<\/td>\n<td style=\"width:142px;\">\n<p align=\"center\">\n\t\t\t\t\t<strong>041 961 334<\/strong>\n\t\t\t\t<\/p>\n<\/td>\n<td style=\"width:76px;\">\n<p align=\"center\">\n\t\t\t\t\t<strong>B<\/strong>\n\t\t\t\t<\/p>\n<\/td>\n<td style=\"width:94px;\">\n<p align=\"center\">\n\t\t\t\t\t&nbsp;\n\t\t\t\t<\/p>\n<\/td>\n<td style=\"width:123px;\">\n<p>\n\t\t\t\t\t&nbsp;\n\t\t\t\t<\/p>\n<\/td>\n<\/tr>\n<tr>\n<td style=\"width:196px;\">\n<p>\n\t\t\t\t\t<strong>Zajc Jure<\/strong>\n\t\t\t\t<\/p>\n<\/td>\n<td style=\"width:142px;\">\n<p align=\"center\">\n\t\t\t\t\t<strong>031763 460<\/strong>\n\t\t\t\t<\/p>\n<\/td>\n<td style=\"width:76px;\">\n<p align=\"center\">\n\t\t\t\t\t<strong>B<\/strong>\n\t\t\t\t<\/p>\n<\/td>\n<td style=\"width:94px;\">\n<p align=\"center\">\n\t\t\t\t\t<strong>C<\/strong>\n\t\t\t\t<\/p>\n<\/td>\n<td style=\"width:123px;\">\n<p>\n\t\t\t\t\tRezerva\n\t\t\t\t<\/p>\n<\/td>\n<\/tr>\n<tr>\n<td style=\"width:196px;\">\n<p>\n\t\t\t\t\t<strong>Perkovi\u010d Silvo<\/strong>\n\t\t\t\t<\/p>\n<\/td>\n<td style=\"width:142px;\">\n<p align=\"center\">\n\t\t\t\t\t<strong>031 547 049<\/strong>\n\t\t\t\t<\/p>\n<\/td>\n<td style=\"width:76px;\">\n<p align=\"center\">\n\t\t\t\t\t<strong>B<\/strong>\n\t\t\t\t<\/p>\n<\/td>\n<td style=\"width:94px;\">\n<p align=\"center\">\n\t\t\t\t\t<strong>C<\/strong>\n\t\t\t\t<\/p>\n<\/td>\n<td style=\"width:123px;\">\n<p>\n\t\t\t\t\tRezerva\n\t\t\t\t<\/p>\n<\/td>\n<\/tr>\n<tr>\n<td style=\"width:196px;\">\n<p>\n\t\t\t\t\t<strong>Kepec Janez<\/strong>\n\t\t\t\t<\/p>\n<\/td>\n<td style=\"width:142px;\">\n<p align=\"center\">\n\t\t\t\t\t<strong>041 961 334<\/strong>\n\t\t\t\t<\/p>\n<\/td>\n<td style=\"width:76px;\">\n<p align=\"center\">\n\t\t\t\t\t<strong>B<\/strong>\n\t\t\t\t<\/p>\n<\/td>\n<td style=\"width:94px;\">\n<p align=\"center\">\n\t\t\t\t\tC\n\t\t\t\t<\/p>\n<\/td>\n<td style=\"width:123px;\">\n<p>\n\t\t\t\t\tRezerva\n\t\t\t\t<\/p>\n<\/td>\n<\/tr>\n<\/tbody>\n<\/table>\n","protected":false},"excerpt":{"rendered":"<p>&nbsp; &nbsp; REGISTRACIJA REGISTRACIJA14.08.2016 GVM-1 GVC 16\/25 JANUAR Merela Bo&scaron;tjan Limoni Alojz FEBRUAR Kimovec Marko Hribar Matja\u017e MAREC Repov\u017e Vito Lisjak Robi APRIL Prvin&scaron;ek Igor Mahkovec Matja\u017e MAJ Horvat Luka Pirc Damir JUNIJ Peterka Miha Zalokar Toma\u017e JULIJ Zalokar Toma\u017e Peterka Miha AVGUST Merela B.,Lisjak Luka Mahkota Martin SEPTEMBER Prvin&scaron;ek Igor Limoni Alojz OKTOBER Repov\u017e [&hellip;]<\/p>\n","protected":false},"author":4,"featured_media":0,"parent":0,"menu_order":0,"comment_status":"open","ping_status":"closed","template":"","meta":{"ngg_post_thumbnail":0},"post_mailing_queue_ids":[],"_links":{"self":[{"href":"http:\/\/www.gasilci-vir.si\/index.php?rest_route=\/wp\/v2\/pages\/1900"}],"collection":[{"href":"http:\/\/www.gasilci-vir.si\/index.php?rest_route=\/wp\/v2\/pages"}],"about":[{"href":"http:\/\/www.gasilci-vir.si\/index.php?rest_route=\/wp\/v2\/types\/page"}],"author":[{"embeddable":true,"href":"http:\/\/www.gasilci-vir.si\/index.php?rest_route=\/wp\/v2\/users\/4"}],"replies":[{"embeddable":true,"href":"http:\/\/www.gasilci-vir.si\/index.php?rest_route=%2Fwp%2Fv2%2Fcomments&post=1900"}],"version-history":[{"count":3,"href":"http:\/\/www.gasilci-vir.si\/index.php?rest_route=\/wp\/v2\/pages\/1900\/revisions"}],"predecessor-version":[{"id":3865,"href":"http:\/\/www.gasilci-vir.si\/index.php?rest_route=\/wp\/v2\/pages\/1900\/revisions\/3865"}],"wp:attachment":[{"href":"http:\/\/www.gasilci-vir.si\/index.php?rest_route=%2Fwp%2Fv2%2Fmedia&parent=1900"}],"curies":[{"name":"wp","href":"https:\/\/api.w.org\/{rel}","templated":true}]}}