{"id":1966,"date":"2014-01-24T13:36:06","date_gmt":"2014-01-24T11:36:06","guid":{"rendered":"http:\/\/www.gasilci-vir.si\/?page_id=1966"},"modified":"2014-01-27T08:54:35","modified_gmt":"2014-01-27T06:54:35","slug":"clanice-2","status":"publish","type":"page","link":"http:\/\/www.gasilci-vir.si\/?page_id=1966","title":{"rendered":"\u010clanice."},"content":{"rendered":"<p>\n\tV PGD Vir se dolgo o gasilkah oziroma \u010dlanicah ni kaj preve\u010d govorilo, predvsem zaradi majhnega &scaron;tevila \u017eensk, ki so sestavljale dru&scaron;tvo. V letu 2009 pa se je to spremenilo. V dru&scaron;tvo je pristopilo nekaj novih kandidatk, nekaj mladink pa je pre&scaron;lo v \u010dlanske vrste. Tako so skupaj pod takratnim vodstvom Tatjane Rokavec, ustanovile komisijo za \u010dlanice in za\u010dele z aktivnim sodelovanjem.\n<\/p>\n<p>\n\tVirske \u010dlanice so postale redne gostje delavnic, prireditev, te\u010dajev in drugih dejavnosti na podro\u010dju gasilstva znotraj dru&scaron;tva, Gasilske zveze Dom\u017eale in nenazadnje Regije Ljubljana III. &nbsp;Zagnano se lotevajo te\u010dajev, ki so jim na voljo in z izobra\u017eevanji postajajo prave gasilke.\n<\/p>\n<p>\n\tPrav tako od leta 2010 obstaja tekmovalna desetina, ki si je nadela ime &raquo;Virske ma\u010dke&laquo;. S tem imenom, so postale prepoznave in dobile povabila na razli\u010dne konce dr\u017eave. Poleg tekmovanj znotraj Gasilske zveze Dom\u017eale (PGD Dob in PGD Dom\u017eale), so se odzvale tudi povabilom dru&scaron;tev iz drugih zvez. Obiskale so tekmovanja v PGD Loka pri Meng&scaron;u (sosednja zveza), PGD Dekanih (Primorska) in v PGD Suhor (Bela krajina).\n<\/p>\n<p>\n\t\u010clanice so v teh letih postale pomemben del gasilskega dru&scaron;tva Vir. Prisotne so na vseh podro\u010djih od operative pa do mladine. Redno se izobra\u017eujejo in dokazujejo, da so enakovredne mo&scaron;kim gasilcem. Upajo, da jih v prihodnosti \u010daka veliko uspehov na vseh podro\u010djih.\n<\/p>\n<p>\n\tStatistika:\n<\/p>\n<table border=\"1\" cellpadding=\"0\" cellspacing=\"0\">\n<tbody>\n<tr>\n<td style=\"width: 307px;\">\n<p>\n\t\t\t\t\t<strong>Vrsta<\/strong>\n\t\t\t\t<\/p>\n<\/td>\n<td style=\"width: 307px;\">\n<p>\n\t\t\t\t\t<strong>&Scaron;t.<\/strong>\n\t\t\t\t<\/p>\n<\/td>\n<\/tr>\n<tr>\n<td style=\"width: 307px;\">\n<p>\n\t\t\t\t\tpripravnik\n\t\t\t\t<\/p>\n<\/td>\n<td style=\"width: 307px;\">\n<p>\n\t\t\t\t\t18\n\t\t\t\t<\/p>\n<\/td>\n<\/tr>\n<tr>\n<td style=\"width: 307px;\">\n<p>\n\t\t\t\t\tprostovoljni gasilec\n\t\t\t\t<\/p>\n<\/td>\n<td style=\"width: 307px;\">\n<p>\n\t\t\t\t\t14\n\t\t\t\t<\/p>\n<\/td>\n<\/tr>\n<tr>\n<td style=\"width: 307px;\">\n<p>\n\t\t\t\t\tprostovoljni gasilec-operativec\n\t\t\t\t<\/p>\n<\/td>\n<td style=\"width: 307px;\">\n<p>\n\t\t\t\t\t8\n\t\t\t\t<\/p>\n<\/td>\n<\/tr>\n<tr>\n<td style=\"width: 307px;\">\n<p>\n\t\t\t\t\tprostovoljni gasilec-rezerva\n\t\t\t\t<\/p>\n<\/td>\n<td style=\"width: 307px;\">\n<p>\n\t\t\t\t\t1\n\t\t\t\t<\/p>\n<\/td>\n<\/tr>\n<tr>\n<td style=\"width: 307px;\">\n<p>\n\t\t\t\t\tveteran\n\t\t\t\t<\/p>\n<\/td>\n<td style=\"width: 307px;\">\n<p>\n\t\t\t\t\t3\n\t\t\t\t<\/p>\n<\/td>\n<\/tr>\n<tr>\n<td style=\"width: 307px;\">\n<p>\n\t\t\t\t\t<strong>Vsi<\/strong>\n\t\t\t\t<\/p>\n<\/td>\n<td style=\"width: 307px;\">\n<p>\n\t\t\t\t\t<strong>44<\/strong>\n\t\t\t\t<\/p>\n<\/td>\n<\/tr>\n<\/tbody>\n<\/table>\n","protected":false},"excerpt":{"rendered":"<p>V PGD Vir se dolgo o gasilkah oziroma \u010dlanicah ni kaj preve\u010d govorilo, predvsem zaradi majhnega &scaron;tevila \u017eensk, ki so sestavljale dru&scaron;tvo. V letu 2009 pa se je to spremenilo. V dru&scaron;tvo je pristopilo nekaj novih kandidatk, nekaj mladink pa je pre&scaron;lo v \u010dlanske vrste. Tako so skupaj pod takratnim vodstvom Tatjane Rokavec, ustanovile komisijo [&hellip;]<\/p>\n","protected":false},"author":4,"featured_media":0,"parent":58,"menu_order":0,"comment_status":"open","ping_status":"closed","template":"","meta":{"ngg_post_thumbnail":0},"post_mailing_queue_ids":[],"_links":{"self":[{"href":"http:\/\/www.gasilci-vir.si\/index.php?rest_route=\/wp\/v2\/pages\/1966"}],"collection":[{"href":"http:\/\/www.gasilci-vir.si\/index.php?rest_route=\/wp\/v2\/pages"}],"about":[{"href":"http:\/\/www.gasilci-vir.si\/index.php?rest_route=\/wp\/v2\/types\/page"}],"author":[{"embeddable":true,"href":"http:\/\/www.gasilci-vir.si\/index.php?rest_route=\/wp\/v2\/users\/4"}],"replies":[{"embeddable":true,"href":"http:\/\/www.gasilci-vir.si\/index.php?rest_route=%2Fwp%2Fv2%2Fcomments&post=1966"}],"version-history":[{"count":1,"href":"http:\/\/www.gasilci-vir.si\/index.php?rest_route=\/wp\/v2\/pages\/1966\/revisions"}],"predecessor-version":[{"id":1969,"href":"http:\/\/www.gasilci-vir.si\/index.php?rest_route=\/wp\/v2\/pages\/1966\/revisions\/1969"}],"up":[{"embeddable":true,"href":"http:\/\/www.gasilci-vir.si\/index.php?rest_route=\/wp\/v2\/pages\/58"}],"wp:attachment":[{"href":"http:\/\/www.gasilci-vir.si\/index.php?rest_route=%2Fwp%2Fv2%2Fmedia&parent=1966"}],"curies":[{"name":"wp","href":"https:\/\/api.w.org\/{rel}","templated":true}]}}