{"id":2474,"date":"2014-03-18T11:26:56","date_gmt":"2014-03-18T09:26:56","guid":{"rendered":"http:\/\/www.gasilci-vir.si\/?page_id=2474"},"modified":"2014-03-18T11:26:56","modified_gmt":"2014-03-18T09:26:56","slug":"svet-clanic-gzs","status":"publish","type":"page","link":"http:\/\/www.gasilci-vir.si\/?page_id=2474","title":{"rendered":"Svet \u010dlanic GZS"},"content":{"rendered":"<p>\n\tSvet \u010dlanic GZS vas <strong>29. 3. 2014, <\/strong>ob <strong>8.30.<\/strong> uri vabi v ve\u010dnamensko dvorano v Prebold na kraj&scaron;e izobra\u017eevanje, ki je namenjeno vsem \u010dlanicam, ki \u017eelite osve\u017eiti ali izpopolniti svoje znanje.\n<\/p>\n<p>\n\t&nbsp;\n<\/p>\n<p>\n\tPROGRAM:\n<\/p>\n<p>\n\t8.30 &#8211; 8.45 &ndash; Uvodni pozdrav\n<\/p>\n<p>\n\t8.45 &ndash; 9.15 &ndash; Delo Sveta \u010dlanic GZS, naloge in plan dela : Vladka Bu\u010devec\n<\/p>\n<p>\n\t9.20 &ndash; 10.00 &#8211; Organigram in delovanje GZS: Janko Cerkvenik\n<\/p>\n<p>\n\t10.00 &ndash; 10.15 &#8211; Odmor za kavo\n<\/p>\n<p>\n\t10.15 &ndash; 11.00 &#8211; Javno nastopanje: Ivan Mirt\n<\/p>\n<p>\n\t11.05 &ndash; 11.50 &ndash; \u017dledolom (&Scaron;tabno vodenje): Jo\u017ee Oblak\n<\/p>\n<p>\n\t11.50 &ndash; 12.05 &ndash; Odmor\n<\/p>\n<p>\n\t12.05 &ndash; 12.50 &#8211; Priprava programa dela \u010dlanic : Martina Jelov\u010dan\n<\/p>\n<p>\n\t12.50 &ndash; 13.20 &ndash; Uniformiranost: Vladka Bu\u010devec\n<\/p>\n<p>\n\t13.20 &ndash; 14.00 &#8211; Vpra&scaron;anja in pobude, zaklju\u010dek posveta\n<\/p>\n<p>\n\tZainteresirane kandidatke naj javijo udele\u017ebo do 21.03.2014 predsednici \u010dlanic PGD Vir<\/p>\n","protected":false},"excerpt":{"rendered":"<p>Svet \u010dlanic GZS vas 29. 3. 2014, ob 8.30. uri vabi v ve\u010dnamensko dvorano v Prebold na kraj&scaron;e izobra\u017eevanje, ki je namenjeno vsem \u010dlanicam, ki \u017eelite osve\u017eiti ali izpopolniti svoje znanje. &nbsp; PROGRAM: 8.30 &#8211; 8.45 &ndash; Uvodni pozdrav 8.45 &ndash; 9.15 &ndash; Delo Sveta \u010dlanic GZS, naloge in plan dela : Vladka Bu\u010devec 9.20 [&hellip;]<\/p>\n","protected":false},"author":4,"featured_media":0,"parent":1966,"menu_order":0,"comment_status":"open","ping_status":"closed","template":"","meta":{"ngg_post_thumbnail":0},"post_mailing_queue_ids":[],"_links":{"self":[{"href":"http:\/\/www.gasilci-vir.si\/index.php?rest_route=\/wp\/v2\/pages\/2474"}],"collection":[{"href":"http:\/\/www.gasilci-vir.si\/index.php?rest_route=\/wp\/v2\/pages"}],"about":[{"href":"http:\/\/www.gasilci-vir.si\/index.php?rest_route=\/wp\/v2\/types\/page"}],"author":[{"embeddable":true,"href":"http:\/\/www.gasilci-vir.si\/index.php?rest_route=\/wp\/v2\/users\/4"}],"replies":[{"embeddable":true,"href":"http:\/\/www.gasilci-vir.si\/index.php?rest_route=%2Fwp%2Fv2%2Fcomments&post=2474"}],"version-history":[{"count":1,"href":"http:\/\/www.gasilci-vir.si\/index.php?rest_route=\/wp\/v2\/pages\/2474\/revisions"}],"predecessor-version":[{"id":2475,"href":"http:\/\/www.gasilci-vir.si\/index.php?rest_route=\/wp\/v2\/pages\/2474\/revisions\/2475"}],"up":[{"embeddable":true,"href":"http:\/\/www.gasilci-vir.si\/index.php?rest_route=\/wp\/v2\/pages\/1966"}],"wp:attachment":[{"href":"http:\/\/www.gasilci-vir.si\/index.php?rest_route=%2Fwp%2Fv2%2Fmedia&parent=2474"}],"curies":[{"name":"wp","href":"https:\/\/api.w.org\/{rel}","templated":true}]}}