{"id":2555,"date":"2014-03-30T19:25:42","date_gmt":"2014-03-30T17:25:42","guid":{"rendered":"http:\/\/www.gasilci-vir.si\/?page_id=2555"},"modified":"2014-03-30T19:25:42","modified_gmt":"2014-03-30T17:25:42","slug":"tehnicni-dan-ter-vaje","status":"publish","type":"page","link":"http:\/\/www.gasilci-vir.si\/?page_id=2555","title":{"rendered":"Tehni\u010dni dan ter vaje"},"content":{"rendered":"<p>\n\tV\u010deraj so v dru&scaron;tvu potekale vaje te\u010dajnikov in ostalih operativnih \u010dlanov. Nekaj utrinkov\n<\/p>\n<p>\n\t<a href=\"http:\/\/www.gasilci-vir.si\/wp-content\/uploads\/2014\/03\/DSCN0248.jpg\"><img decoding=\"async\" loading=\"lazy\" alt=\"DSCN0248\" class=\"alignnone size-medium wp-image-2556\" height=\"225\" src=\"http:\/\/www.gasilci-vir.si\/wp-content\/uploads\/2014\/03\/DSCN0248-300x225.jpg\" width=\"300\" srcset=\"http:\/\/www.gasilci-vir.si\/wp-content\/uploads\/2014\/03\/DSCN0248-300x225.jpg 300w, http:\/\/www.gasilci-vir.si\/wp-content\/uploads\/2014\/03\/DSCN0248-1024x768.jpg 1024w\" sizes=\"(max-width: 300px) 100vw, 300px\" \/><\/a> <a href=\"http:\/\/www.gasilci-vir.si\/wp-content\/uploads\/2014\/03\/DSCN0249.jpg\"><img decoding=\"async\" loading=\"lazy\" alt=\"DSCN0249\" class=\"alignnone size-medium wp-image-2557\" height=\"225\" src=\"http:\/\/www.gasilci-vir.si\/wp-content\/uploads\/2014\/03\/DSCN0249-300x225.jpg\" width=\"300\" srcset=\"http:\/\/www.gasilci-vir.si\/wp-content\/uploads\/2014\/03\/DSCN0249-300x225.jpg 300w, http:\/\/www.gasilci-vir.si\/wp-content\/uploads\/2014\/03\/DSCN0249-1024x768.jpg 1024w\" sizes=\"(max-width: 300px) 100vw, 300px\" \/><\/a><a href=\"http:\/\/www.gasilci-vir.si\/wp-content\/uploads\/2014\/03\/DSCN0250.jpg\"><img decoding=\"async\" loading=\"lazy\" alt=\"DSCN0250\" class=\"alignnone size-medium wp-image-2558\" height=\"225\" src=\"http:\/\/www.gasilci-vir.si\/wp-content\/uploads\/2014\/03\/DSCN0250-300x225.jpg\" width=\"300\" srcset=\"http:\/\/www.gasilci-vir.si\/wp-content\/uploads\/2014\/03\/DSCN0250-300x225.jpg 300w, http:\/\/www.gasilci-vir.si\/wp-content\/uploads\/2014\/03\/DSCN0250-1024x768.jpg 1024w\" sizes=\"(max-width: 300px) 100vw, 300px\" \/><\/a> <a href=\"http:\/\/www.gasilci-vir.si\/wp-content\/uploads\/2014\/03\/DSCN0251.jpg\"><img decoding=\"async\" loading=\"lazy\" alt=\"DSCN0251\" class=\"alignnone size-medium wp-image-2559\" height=\"225\" src=\"http:\/\/www.gasilci-vir.si\/wp-content\/uploads\/2014\/03\/DSCN0251-300x225.jpg\" width=\"300\" srcset=\"http:\/\/www.gasilci-vir.si\/wp-content\/uploads\/2014\/03\/DSCN0251-300x225.jpg 300w, http:\/\/www.gasilci-vir.si\/wp-content\/uploads\/2014\/03\/DSCN0251-1024x768.jpg 1024w\" sizes=\"(max-width: 300px) 100vw, 300px\" \/><\/a> <a href=\"http:\/\/www.gasilci-vir.si\/wp-content\/uploads\/2014\/03\/DSCN0252.jpg\"><img decoding=\"async\" loading=\"lazy\" alt=\"DSCN0252\" class=\"alignnone size-medium wp-image-2560\" height=\"225\" src=\"http:\/\/www.gasilci-vir.si\/wp-content\/uploads\/2014\/03\/DSCN0252-300x225.jpg\" width=\"300\" srcset=\"http:\/\/www.gasilci-vir.si\/wp-content\/uploads\/2014\/03\/DSCN0252-300x225.jpg 300w, http:\/\/www.gasilci-vir.si\/wp-content\/uploads\/2014\/03\/DSCN0252-1024x768.jpg 1024w\" sizes=\"(max-width: 300px) 100vw, 300px\" \/><\/a> <a href=\"http:\/\/www.gasilci-vir.si\/wp-content\/uploads\/2014\/03\/DSCN0253.jpg\"><img decoding=\"async\" loading=\"lazy\" alt=\"DSCN0253\" class=\"alignnone size-medium wp-image-2561\" height=\"225\" src=\"http:\/\/www.gasilci-vir.si\/wp-content\/uploads\/2014\/03\/DSCN0253-300x225.jpg\" width=\"300\" srcset=\"http:\/\/www.gasilci-vir.si\/wp-content\/uploads\/2014\/03\/DSCN0253-300x225.jpg 300w, http:\/\/www.gasilci-vir.si\/wp-content\/uploads\/2014\/03\/DSCN0253-1024x768.jpg 1024w\" sizes=\"(max-width: 300px) 100vw, 300px\" \/><\/a> <a href=\"http:\/\/www.gasilci-vir.si\/wp-content\/uploads\/2014\/03\/DSCN0254.jpg\"><img decoding=\"async\" loading=\"lazy\" alt=\"DSCN0254\" class=\"alignnone size-medium wp-image-2562\" height=\"225\" src=\"http:\/\/www.gasilci-vir.si\/wp-content\/uploads\/2014\/03\/DSCN0254-300x225.jpg\" width=\"300\" srcset=\"http:\/\/www.gasilci-vir.si\/wp-content\/uploads\/2014\/03\/DSCN0254-300x225.jpg 300w, http:\/\/www.gasilci-vir.si\/wp-content\/uploads\/2014\/03\/DSCN0254-1024x768.jpg 1024w\" sizes=\"(max-width: 300px) 100vw, 300px\" \/><\/a> <a href=\"http:\/\/www.gasilci-vir.si\/wp-content\/uploads\/2014\/03\/DSCN0255.jpg\"><img decoding=\"async\" loading=\"lazy\" alt=\"DSCN0255\" class=\"alignnone size-medium wp-image-2563\" height=\"225\" src=\"http:\/\/www.gasilci-vir.si\/wp-content\/uploads\/2014\/03\/DSCN0255-300x225.jpg\" width=\"300\" srcset=\"http:\/\/www.gasilci-vir.si\/wp-content\/uploads\/2014\/03\/DSCN0255-300x225.jpg 300w, http:\/\/www.gasilci-vir.si\/wp-content\/uploads\/2014\/03\/DSCN0255-1024x768.jpg 1024w\" sizes=\"(max-width: 300px) 100vw, 300px\" \/><\/a> <a href=\"http:\/\/www.gasilci-vir.si\/wp-content\/uploads\/2014\/03\/DSCN0256.jpg\"><img decoding=\"async\" loading=\"lazy\" alt=\"DSCN0256\" class=\"alignnone size-medium wp-image-2564\" height=\"225\" src=\"http:\/\/www.gasilci-vir.si\/wp-content\/uploads\/2014\/03\/DSCN0256-300x225.jpg\" width=\"300\" srcset=\"http:\/\/www.gasilci-vir.si\/wp-content\/uploads\/2014\/03\/DSCN0256-300x225.jpg 300w, http:\/\/www.gasilci-vir.si\/wp-content\/uploads\/2014\/03\/DSCN0256-1024x768.jpg 1024w\" sizes=\"(max-width: 300px) 100vw, 300px\" \/><\/a> <a href=\"http:\/\/www.gasilci-vir.si\/wp-content\/uploads\/2014\/03\/DSCN0258.jpg\"><img decoding=\"async\" loading=\"lazy\" alt=\"DSCN0258\" class=\"alignnone size-medium wp-image-2565\" height=\"225\" src=\"http:\/\/www.gasilci-vir.si\/wp-content\/uploads\/2014\/03\/DSCN0258-300x225.jpg\" width=\"300\" srcset=\"http:\/\/www.gasilci-vir.si\/wp-content\/uploads\/2014\/03\/DSCN0258-300x225.jpg 300w, http:\/\/www.gasilci-vir.si\/wp-content\/uploads\/2014\/03\/DSCN0258-1024x768.jpg 1024w\" sizes=\"(max-width: 300px) 100vw, 300px\" \/><\/a> <a href=\"http:\/\/www.gasilci-vir.si\/wp-content\/uploads\/2014\/03\/DSCN0259.jpg\"><img decoding=\"async\" loading=\"lazy\" alt=\"DSCN0259\" class=\"alignnone size-medium wp-image-2566\" height=\"225\" src=\"http:\/\/www.gasilci-vir.si\/wp-content\/uploads\/2014\/03\/DSCN0259-300x225.jpg\" width=\"300\" srcset=\"http:\/\/www.gasilci-vir.si\/wp-content\/uploads\/2014\/03\/DSCN0259-300x225.jpg 300w, http:\/\/www.gasilci-vir.si\/wp-content\/uploads\/2014\/03\/DSCN0259-1024x768.jpg 1024w\" sizes=\"(max-width: 300px) 100vw, 300px\" \/><\/a> <a href=\"http:\/\/www.gasilci-vir.si\/wp-content\/uploads\/2014\/03\/DSCN0261.jpg\"><img decoding=\"async\" loading=\"lazy\" alt=\"DSCN0261\" class=\"alignnone size-medium wp-image-2567\" height=\"225\" src=\"http:\/\/www.gasilci-vir.si\/wp-content\/uploads\/2014\/03\/DSCN0261-300x225.jpg\" width=\"300\" srcset=\"http:\/\/www.gasilci-vir.si\/wp-content\/uploads\/2014\/03\/DSCN0261-300x225.jpg 300w, http:\/\/www.gasilci-vir.si\/wp-content\/uploads\/2014\/03\/DSCN0261-1024x768.jpg 1024w\" sizes=\"(max-width: 300px) 100vw, 300px\" \/><\/a> <a href=\"http:\/\/www.gasilci-vir.si\/wp-content\/uploads\/2014\/03\/DSCN0262.jpg\"><img decoding=\"async\" loading=\"lazy\" alt=\"DSCN0262\" class=\"alignnone size-medium wp-image-2568\" height=\"225\" src=\"http:\/\/www.gasilci-vir.si\/wp-content\/uploads\/2014\/03\/DSCN0262-300x225.jpg\" width=\"300\" srcset=\"http:\/\/www.gasilci-vir.si\/wp-content\/uploads\/2014\/03\/DSCN0262-300x225.jpg 300w, http:\/\/www.gasilci-vir.si\/wp-content\/uploads\/2014\/03\/DSCN0262-1024x768.jpg 1024w\" sizes=\"(max-width: 300px) 100vw, 300px\" \/><\/a> <a href=\"http:\/\/www.gasilci-vir.si\/wp-content\/uploads\/2014\/03\/DSCN0263.jpg\"><img decoding=\"async\" loading=\"lazy\" alt=\"DSCN0263\" class=\"alignnone size-medium wp-image-2569\" height=\"1\" src=\"http:\/\/www.gasilci-vir.si\/wp-content\/uploads\/2014\/03\/DSCN0263.jpg\" width=\"1\" \/><\/a> <a href=\"http:\/\/www.gasilci-vir.si\/wp-content\/uploads\/2014\/03\/DSCN0264.jpg\"><img decoding=\"async\" loading=\"lazy\" alt=\"DSCN0264\" class=\"alignnone size-medium wp-image-2570\" height=\"225\" src=\"http:\/\/www.gasilci-vir.si\/wp-content\/uploads\/2014\/03\/DSCN0264-300x225.jpg\" width=\"300\" srcset=\"http:\/\/www.gasilci-vir.si\/wp-content\/uploads\/2014\/03\/DSCN0264-300x225.jpg 300w, http:\/\/www.gasilci-vir.si\/wp-content\/uploads\/2014\/03\/DSCN0264-1024x768.jpg 1024w\" sizes=\"(max-width: 300px) 100vw, 300px\" \/><\/a> <a href=\"http:\/\/www.gasilci-vir.si\/wp-content\/uploads\/2014\/03\/DSCN0265.jpg\"><img decoding=\"async\" loading=\"lazy\" alt=\"DSCN0265\" class=\"alignnone size-medium wp-image-2571\" height=\"225\" src=\"http:\/\/www.gasilci-vir.si\/wp-content\/uploads\/2014\/03\/DSCN0265-300x225.jpg\" width=\"300\" srcset=\"http:\/\/www.gasilci-vir.si\/wp-content\/uploads\/2014\/03\/DSCN0265-300x225.jpg 300w, http:\/\/www.gasilci-vir.si\/wp-content\/uploads\/2014\/03\/DSCN0265-1024x768.jpg 1024w\" sizes=\"(max-width: 300px) 100vw, 300px\" \/><\/a> <a href=\"http:\/\/www.gasilci-vir.si\/wp-content\/uploads\/2014\/03\/DSCN0267.jpg\"><img decoding=\"async\" loading=\"lazy\" alt=\"DSCN0267\" class=\"alignnone size-medium wp-image-2572\" height=\"225\" src=\"http:\/\/www.gasilci-vir.si\/wp-content\/uploads\/2014\/03\/DSCN0267-300x225.jpg\" width=\"300\" srcset=\"http:\/\/www.gasilci-vir.si\/wp-content\/uploads\/2014\/03\/DSCN0267-300x225.jpg 300w, http:\/\/www.gasilci-vir.si\/wp-content\/uploads\/2014\/03\/DSCN0267-1024x768.jpg 1024w\" sizes=\"(max-width: 300px) 100vw, 300px\" \/><\/a> <a href=\"http:\/\/www.gasilci-vir.si\/wp-content\/uploads\/2014\/03\/DSCN0268.jpg\"><img decoding=\"async\" loading=\"lazy\" alt=\"DSCN0268\" class=\"alignnone size-medium wp-image-2573\" height=\"225\" src=\"http:\/\/www.gasilci-vir.si\/wp-content\/uploads\/2014\/03\/DSCN0268-300x225.jpg\" width=\"300\" srcset=\"http:\/\/www.gasilci-vir.si\/wp-content\/uploads\/2014\/03\/DSCN0268-300x225.jpg 300w, http:\/\/www.gasilci-vir.si\/wp-content\/uploads\/2014\/03\/DSCN0268-1024x768.jpg 1024w\" sizes=\"(max-width: 300px) 100vw, 300px\" \/><\/a> <a href=\"http:\/\/www.gasilci-vir.si\/wp-content\/uploads\/2014\/03\/DSCN0269.jpg\"><img decoding=\"async\" loading=\"lazy\" alt=\"DSCN0269\" class=\"alignnone size-medium wp-image-2574\" height=\"225\" src=\"http:\/\/www.gasilci-vir.si\/wp-content\/uploads\/2014\/03\/DSCN0269-300x225.jpg\" width=\"300\" srcset=\"http:\/\/www.gasilci-vir.si\/wp-content\/uploads\/2014\/03\/DSCN0269-300x225.jpg 300w, http:\/\/www.gasilci-vir.si\/wp-content\/uploads\/2014\/03\/DSCN0269-1024x768.jpg 1024w\" sizes=\"(max-width: 300px) 100vw, 300px\" \/><\/a> <a href=\"http:\/\/www.gasilci-vir.si\/wp-content\/uploads\/2014\/03\/DSCN0270.jpg\"><img decoding=\"async\" loading=\"lazy\" alt=\"DSCN0270\" class=\"alignnone size-medium wp-image-2575\" height=\"225\" src=\"http:\/\/www.gasilci-vir.si\/wp-content\/uploads\/2014\/03\/DSCN0270-300x225.jpg\" width=\"300\" srcset=\"http:\/\/www.gasilci-vir.si\/wp-content\/uploads\/2014\/03\/DSCN0270-300x225.jpg 300w, http:\/\/www.gasilci-vir.si\/wp-content\/uploads\/2014\/03\/DSCN0270-1024x768.jpg 1024w\" sizes=\"(max-width: 300px) 100vw, 300px\" \/><\/a> <a href=\"http:\/\/www.gasilci-vir.si\/wp-content\/uploads\/2014\/03\/DSCN0271.jpg\"><img decoding=\"async\" loading=\"lazy\" alt=\"DSCN0271\" class=\"alignnone size-medium wp-image-2576\" height=\"225\" src=\"http:\/\/www.gasilci-vir.si\/wp-content\/uploads\/2014\/03\/DSCN0271-300x225.jpg\" width=\"300\" srcset=\"http:\/\/www.gasilci-vir.si\/wp-content\/uploads\/2014\/03\/DSCN0271-300x225.jpg 300w, http:\/\/www.gasilci-vir.si\/wp-content\/uploads\/2014\/03\/DSCN0271-1024x768.jpg 1024w\" sizes=\"(max-width: 300px) 100vw, 300px\" \/><\/a> <a href=\"http:\/\/www.gasilci-vir.si\/wp-content\/uploads\/2014\/03\/DSCN0272.jpg\"><img decoding=\"async\" loading=\"lazy\" alt=\"DSCN0272\" class=\"alignnone size-medium wp-image-2577\" height=\"225\" src=\"http:\/\/www.gasilci-vir.si\/wp-content\/uploads\/2014\/03\/DSCN0272-300x225.jpg\" width=\"300\" srcset=\"http:\/\/www.gasilci-vir.si\/wp-content\/uploads\/2014\/03\/DSCN0272-300x225.jpg 300w, http:\/\/www.gasilci-vir.si\/wp-content\/uploads\/2014\/03\/DSCN0272-1024x768.jpg 1024w\" sizes=\"(max-width: 300px) 100vw, 300px\" \/><\/a> <a href=\"http:\/\/www.gasilci-vir.si\/wp-content\/uploads\/2014\/03\/DSCN0273.jpg\"><img decoding=\"async\" loading=\"lazy\" alt=\"DSCN0273\" class=\"alignnone size-medium wp-image-2578\" height=\"225\" src=\"http:\/\/www.gasilci-vir.si\/wp-content\/uploads\/2014\/03\/DSCN0273-300x225.jpg\" width=\"300\" srcset=\"http:\/\/www.gasilci-vir.si\/wp-content\/uploads\/2014\/03\/DSCN0273-300x225.jpg 300w, http:\/\/www.gasilci-vir.si\/wp-content\/uploads\/2014\/03\/DSCN0273-1024x768.jpg 1024w\" sizes=\"(max-width: 300px) 100vw, 300px\" \/><\/a> <a href=\"http:\/\/www.gasilci-vir.si\/wp-content\/uploads\/2014\/03\/DSCN0274.jpg\"><img decoding=\"async\" loading=\"lazy\" alt=\"DSCN0274\" class=\"alignnone size-medium wp-image-2579\" height=\"225\" src=\"http:\/\/www.gasilci-vir.si\/wp-content\/uploads\/2014\/03\/DSCN0274-300x225.jpg\" width=\"300\" srcset=\"http:\/\/www.gasilci-vir.si\/wp-content\/uploads\/2014\/03\/DSCN0274-300x225.jpg 300w, http:\/\/www.gasilci-vir.si\/wp-content\/uploads\/2014\/03\/DSCN0274-1024x768.jpg 1024w\" sizes=\"(max-width: 300px) 100vw, 300px\" \/><\/a> <a href=\"http:\/\/www.gasilci-vir.si\/wp-content\/uploads\/2014\/03\/DSCN0275.jpg\"><img decoding=\"async\" loading=\"lazy\" alt=\"DSCN0275\" class=\"alignnone size-medium wp-image-2580\" height=\"1\" src=\"http:\/\/www.gasilci-vir.si\/wp-content\/uploads\/2014\/03\/DSCN0275.jpg\" width=\"1\" \/><\/a> <a href=\"http:\/\/www.gasilci-vir.si\/wp-content\/uploads\/2014\/03\/DSCN0277.jpg\"><img decoding=\"async\" loading=\"lazy\" alt=\"DSCN0277\" class=\"alignnone size-medium wp-image-2581\" height=\"225\" src=\"http:\/\/www.gasilci-vir.si\/wp-content\/uploads\/2014\/03\/DSCN0277-300x225.jpg\" width=\"300\" srcset=\"http:\/\/www.gasilci-vir.si\/wp-content\/uploads\/2014\/03\/DSCN0277-300x225.jpg 300w, http:\/\/www.gasilci-vir.si\/wp-content\/uploads\/2014\/03\/DSCN0277-1024x768.jpg 1024w\" sizes=\"(max-width: 300px) 100vw, 300px\" \/><\/a> <a href=\"http:\/\/www.gasilci-vir.si\/wp-content\/uploads\/2014\/03\/DSCN0279.jpg\"><img decoding=\"async\" loading=\"lazy\" alt=\"DSCN0279\" class=\"alignnone size-medium wp-image-2582\" height=\"225\" src=\"http:\/\/www.gasilci-vir.si\/wp-content\/uploads\/2014\/03\/DSCN0279-300x225.jpg\" width=\"300\" srcset=\"http:\/\/www.gasilci-vir.si\/wp-content\/uploads\/2014\/03\/DSCN0279-300x225.jpg 300w, http:\/\/www.gasilci-vir.si\/wp-content\/uploads\/2014\/03\/DSCN0279-1024x768.jpg 1024w\" sizes=\"(max-width: 300px) 100vw, 300px\" \/><\/a> <a href=\"http:\/\/www.gasilci-vir.si\/wp-content\/uploads\/2014\/03\/DSCN0280.jpg\"><img decoding=\"async\" loading=\"lazy\" alt=\"DSCN0280\" class=\"alignnone size-medium wp-image-2583\" height=\"225\" src=\"http:\/\/www.gasilci-vir.si\/wp-content\/uploads\/2014\/03\/DSCN0280-300x225.jpg\" width=\"300\" srcset=\"http:\/\/www.gasilci-vir.si\/wp-content\/uploads\/2014\/03\/DSCN0280-300x225.jpg 300w, http:\/\/www.gasilci-vir.si\/wp-content\/uploads\/2014\/03\/DSCN0280-1024x768.jpg 1024w\" sizes=\"(max-width: 300px) 100vw, 300px\" \/><\/a> <a href=\"http:\/\/www.gasilci-vir.si\/wp-content\/uploads\/2014\/03\/DSCN0281.jpg\"><img decoding=\"async\" loading=\"lazy\" alt=\"DSCN0281\" class=\"alignnone size-medium wp-image-2584\" height=\"225\" src=\"http:\/\/www.gasilci-vir.si\/wp-content\/uploads\/2014\/03\/DSCN0281-300x225.jpg\" width=\"300\" srcset=\"http:\/\/www.gasilci-vir.si\/wp-content\/uploads\/2014\/03\/DSCN0281-300x225.jpg 300w, http:\/\/www.gasilci-vir.si\/wp-content\/uploads\/2014\/03\/DSCN0281-1024x768.jpg 1024w\" sizes=\"(max-width: 300px) 100vw, 300px\" \/><\/a> <a href=\"http:\/\/www.gasilci-vir.si\/wp-content\/uploads\/2014\/03\/DSCN0282.jpg\"><img decoding=\"async\" loading=\"lazy\" alt=\"DSCN0282\" class=\"alignnone size-medium wp-image-2585\" height=\"225\" src=\"http:\/\/www.gasilci-vir.si\/wp-content\/uploads\/2014\/03\/DSCN0282-300x225.jpg\" width=\"300\" srcset=\"http:\/\/www.gasilci-vir.si\/wp-content\/uploads\/2014\/03\/DSCN0282-300x225.jpg 300w, http:\/\/www.gasilci-vir.si\/wp-content\/uploads\/2014\/03\/DSCN0282-1024x768.jpg 1024w\" sizes=\"(max-width: 300px) 100vw, 300px\" \/><\/a> <a href=\"http:\/\/www.gasilci-vir.si\/wp-content\/uploads\/2014\/03\/DSCN0283.jpg\"><img decoding=\"async\" loading=\"lazy\" alt=\"DSCN0283\" class=\"alignnone size-medium wp-image-2586\" height=\"225\" src=\"http:\/\/www.gasilci-vir.si\/wp-content\/uploads\/2014\/03\/DSCN0283-300x225.jpg\" width=\"300\" srcset=\"http:\/\/www.gasilci-vir.si\/wp-content\/uploads\/2014\/03\/DSCN0283-300x225.jpg 300w, http:\/\/www.gasilci-vir.si\/wp-content\/uploads\/2014\/03\/DSCN0283-1024x768.jpg 1024w\" sizes=\"(max-width: 300px) 100vw, 300px\" \/><\/a> <a href=\"http:\/\/www.gasilci-vir.si\/wp-content\/uploads\/2014\/03\/DSCN0284.jpg\"><img decoding=\"async\" loading=\"lazy\" alt=\"DSCN0284\" class=\"alignnone size-medium wp-image-2587\" height=\"225\" src=\"http:\/\/www.gasilci-vir.si\/wp-content\/uploads\/2014\/03\/DSCN0284-300x225.jpg\" width=\"300\" srcset=\"http:\/\/www.gasilci-vir.si\/wp-content\/uploads\/2014\/03\/DSCN0284-300x225.jpg 300w, http:\/\/www.gasilci-vir.si\/wp-content\/uploads\/2014\/03\/DSCN0284-1024x768.jpg 1024w\" sizes=\"(max-width: 300px) 100vw, 300px\" \/><\/a> <a href=\"http:\/\/www.gasilci-vir.si\/wp-content\/uploads\/2014\/03\/DSCN0285.jpg\"><img decoding=\"async\" loading=\"lazy\" alt=\"DSCN0285\" class=\"alignnone size-medium wp-image-2588\" height=\"225\" src=\"http:\/\/www.gasilci-vir.si\/wp-content\/uploads\/2014\/03\/DSCN0285-300x225.jpg\" width=\"300\" srcset=\"http:\/\/www.gasilci-vir.si\/wp-content\/uploads\/2014\/03\/DSCN0285-300x225.jpg 300w, http:\/\/www.gasilci-vir.si\/wp-content\/uploads\/2014\/03\/DSCN0285-1024x768.jpg 1024w\" sizes=\"(max-width: 300px) 100vw, 300px\" \/><\/a> <a href=\"http:\/\/www.gasilci-vir.si\/wp-content\/uploads\/2014\/03\/DSCN0286.jpg\"><img decoding=\"async\" loading=\"lazy\" alt=\"DSCN0286\" class=\"alignnone size-medium wp-image-2589\" height=\"225\" src=\"http:\/\/www.gasilci-vir.si\/wp-content\/uploads\/2014\/03\/DSCN0286-300x225.jpg\" width=\"300\" srcset=\"http:\/\/www.gasilci-vir.si\/wp-content\/uploads\/2014\/03\/DSCN0286-300x225.jpg 300w, http:\/\/www.gasilci-vir.si\/wp-content\/uploads\/2014\/03\/DSCN0286-1024x768.jpg 1024w\" sizes=\"(max-width: 300px) 100vw, 300px\" \/><\/a> <a href=\"http:\/\/www.gasilci-vir.si\/wp-content\/uploads\/2014\/03\/DSCN0287.jpg\"><img decoding=\"async\" loading=\"lazy\" alt=\"DSCN0287\" class=\"alignnone size-medium wp-image-2590\" height=\"225\" src=\"http:\/\/www.gasilci-vir.si\/wp-content\/uploads\/2014\/03\/DSCN0287-300x225.jpg\" width=\"300\" srcset=\"http:\/\/www.gasilci-vir.si\/wp-content\/uploads\/2014\/03\/DSCN0287-300x225.jpg 300w, http:\/\/www.gasilci-vir.si\/wp-content\/uploads\/2014\/03\/DSCN0287-1024x768.jpg 1024w\" sizes=\"(max-width: 300px) 100vw, 300px\" \/><\/a> <a href=\"http:\/\/www.gasilci-vir.si\/wp-content\/uploads\/2014\/03\/DSCN0288.jpg\"><img decoding=\"async\" loading=\"lazy\" alt=\"DSCN0288\" class=\"alignnone size-medium wp-image-2591\" height=\"225\" src=\"http:\/\/www.gasilci-vir.si\/wp-content\/uploads\/2014\/03\/DSCN0288-300x225.jpg\" width=\"300\" srcset=\"http:\/\/www.gasilci-vir.si\/wp-content\/uploads\/2014\/03\/DSCN0288-300x225.jpg 300w, http:\/\/www.gasilci-vir.si\/wp-content\/uploads\/2014\/03\/DSCN0288-1024x768.jpg 1024w\" sizes=\"(max-width: 300px) 100vw, 300px\" \/><\/a> <a href=\"http:\/\/www.gasilci-vir.si\/wp-content\/uploads\/2014\/03\/DSCN0289.jpg\"><img decoding=\"async\" loading=\"lazy\" alt=\"DSCN0289\" class=\"alignnone size-medium wp-image-2592\" height=\"225\" src=\"http:\/\/www.gasilci-vir.si\/wp-content\/uploads\/2014\/03\/DSCN0289-300x225.jpg\" width=\"300\" srcset=\"http:\/\/www.gasilci-vir.si\/wp-content\/uploads\/2014\/03\/DSCN0289-300x225.jpg 300w, http:\/\/www.gasilci-vir.si\/wp-content\/uploads\/2014\/03\/DSCN0289-1024x768.jpg 1024w\" sizes=\"(max-width: 300px) 100vw, 300px\" \/><\/a> <a href=\"http:\/\/www.gasilci-vir.si\/wp-content\/uploads\/2014\/03\/DSCN0290.jpg\"><img decoding=\"async\" loading=\"lazy\" alt=\"DSCN0290\" class=\"alignnone size-medium wp-image-2593\" height=\"225\" src=\"http:\/\/www.gasilci-vir.si\/wp-content\/uploads\/2014\/03\/DSCN0290-300x225.jpg\" width=\"300\" srcset=\"http:\/\/www.gasilci-vir.si\/wp-content\/uploads\/2014\/03\/DSCN0290-300x225.jpg 300w, http:\/\/www.gasilci-vir.si\/wp-content\/uploads\/2014\/03\/DSCN0290-1024x768.jpg 1024w\" sizes=\"(max-width: 300px) 100vw, 300px\" \/><\/a> <a href=\"http:\/\/www.gasilci-vir.si\/wp-content\/uploads\/2014\/03\/DSCN0291.jpg\"><img decoding=\"async\" loading=\"lazy\" alt=\"DSCN0291\" class=\"alignnone size-medium wp-image-2594\" height=\"225\" src=\"http:\/\/www.gasilci-vir.si\/wp-content\/uploads\/2014\/03\/DSCN0291-300x225.jpg\" width=\"300\" srcset=\"http:\/\/www.gasilci-vir.si\/wp-content\/uploads\/2014\/03\/DSCN0291-300x225.jpg 300w, http:\/\/www.gasilci-vir.si\/wp-content\/uploads\/2014\/03\/DSCN0291-1024x768.jpg 1024w\" sizes=\"(max-width: 300px) 100vw, 300px\" \/><\/a> <a href=\"http:\/\/www.gasilci-vir.si\/wp-content\/uploads\/2014\/03\/DSCN0292.jpg\"><img decoding=\"async\" loading=\"lazy\" alt=\"DSCN0292\" class=\"alignnone size-medium wp-image-2595\" height=\"1\" src=\"http:\/\/www.gasilci-vir.si\/wp-content\/uploads\/2014\/03\/DSCN0292.jpg\" width=\"1\" \/><\/a> <a href=\"http:\/\/www.gasilci-vir.si\/wp-content\/uploads\/2014\/03\/DSCN0293.jpg\"><img decoding=\"async\" loading=\"lazy\" alt=\"DSCN0293\" class=\"alignnone size-medium wp-image-2596\" height=\"225\" src=\"http:\/\/www.gasilci-vir.si\/wp-content\/uploads\/2014\/03\/DSCN0293-300x225.jpg\" width=\"300\" srcset=\"http:\/\/www.gasilci-vir.si\/wp-content\/uploads\/2014\/03\/DSCN0293-300x225.jpg 300w, http:\/\/www.gasilci-vir.si\/wp-content\/uploads\/2014\/03\/DSCN0293-1024x768.jpg 1024w\" sizes=\"(max-width: 300px) 100vw, 300px\" \/><\/a> <a href=\"http:\/\/www.gasilci-vir.si\/wp-content\/uploads\/2014\/03\/DSCN0294.jpg\"><img decoding=\"async\" loading=\"lazy\" alt=\"DSCN0294\" class=\"alignnone size-medium wp-image-2597\" height=\"225\" src=\"http:\/\/www.gasilci-vir.si\/wp-content\/uploads\/2014\/03\/DSCN0294-300x225.jpg\" width=\"300\" srcset=\"http:\/\/www.gasilci-vir.si\/wp-content\/uploads\/2014\/03\/DSCN0294-300x225.jpg 300w, http:\/\/www.gasilci-vir.si\/wp-content\/uploads\/2014\/03\/DSCN0294-1024x768.jpg 1024w\" sizes=\"(max-width: 300px) 100vw, 300px\" \/><\/a>\n<\/p>\n<p>\n\t&nbsp;<\/p>\n","protected":false},"excerpt":{"rendered":"<p>V\u010deraj so v dru&scaron;tvu potekale vaje te\u010dajnikov in ostalih operativnih \u010dlanov. Nekaj utrinkov &nbsp;<\/p>\n","protected":false},"author":4,"featured_media":0,"parent":0,"menu_order":0,"comment_status":"open","ping_status":"closed","template":"","meta":{"ngg_post_thumbnail":0},"post_mailing_queue_ids":[],"_links":{"self":[{"href":"http:\/\/www.gasilci-vir.si\/index.php?rest_route=\/wp\/v2\/pages\/2555"}],"collection":[{"href":"http:\/\/www.gasilci-vir.si\/index.php?rest_route=\/wp\/v2\/pages"}],"about":[{"href":"http:\/\/www.gasilci-vir.si\/index.php?rest_route=\/wp\/v2\/types\/page"}],"author":[{"embeddable":true,"href":"http:\/\/www.gasilci-vir.si\/index.php?rest_route=\/wp\/v2\/users\/4"}],"replies":[{"embeddable":true,"href":"http:\/\/www.gasilci-vir.si\/index.php?rest_route=%2Fwp%2Fv2%2Fcomments&post=2555"}],"version-history":[{"count":1,"href":"http:\/\/www.gasilci-vir.si\/index.php?rest_route=\/wp\/v2\/pages\/2555\/revisions"}],"predecessor-version":[{"id":2599,"href":"http:\/\/www.gasilci-vir.si\/index.php?rest_route=\/wp\/v2\/pages\/2555\/revisions\/2599"}],"wp:attachment":[{"href":"http:\/\/www.gasilci-vir.si\/index.php?rest_route=%2Fwp%2Fv2%2Fmedia&parent=2555"}],"curies":[{"name":"wp","href":"https:\/\/api.w.org\/{rel}","templated":true}]}}