{"id":2627,"date":"2014-04-05T17:25:01","date_gmt":"2014-04-05T15:25:01","guid":{"rendered":"http:\/\/www.gasilci-vir.si\/?page_id=2627"},"modified":"2014-04-05T20:42:46","modified_gmt":"2014-04-05T18:42:46","slug":"kviz-mladine-gz-domzale","status":"publish","type":"page","link":"http:\/\/www.gasilci-vir.si\/?page_id=2627","title":{"rendered":"Kviz mladine GZ Dom\u017eale"},"content":{"rendered":"<p>\n\tV petek 04.04 in soboto 05.04. je v Kulturnem domu na Viru potekal kviz mladine GZ Dom\u017eale. V petek so se pomerili v znanju pripravniki. Tekmovalo je 6 ekip. Kon\u010dni vrstni red je bil:\n<\/p>\n<p>\n\tPripravniki\n<\/p>\n<p>\n\tGZ Dom\u017eale 6 ekip\n<\/p>\n<p>\n\tGZ Menge&scaron; 1 ekipa\n<\/p>\n<p>\n\t&nbsp;\n<\/p>\n<table border=\"0\" cellpadding=\"0\" cellspacing=\"0\" height=\"188\" width=\"260\">\n<colgroup>\n<col \/>\n<col \/>\n<col \/>\n\t<\/colgroup>\n<tbody>\n<tr height=\"29\">\n<td height=\"29\" style=\"height:29px;width:40px;\">\n\t\t\t\t1\n\t\t\t<\/td>\n<td style=\"width:40px;\">\n\t\t\t\t&nbsp;\n\t\t\t<\/td>\n<td style=\"width:180px;\">\n\t\t\t\tHOMEC\n\t\t\t<\/td>\n<\/tr>\n<tr height=\"29\">\n<td height=\"29\" style=\"height:29px;\">\n\t\t\t\t2\n\t\t\t<\/td>\n<td>\n\t\t\t\t&nbsp;\n\t\t\t<\/td>\n<td>\n\t\t\t\t\u017dEJE &#8211; SV. TROJICA\n\t\t\t<\/td>\n<\/tr>\n<tr height=\"29\">\n<td height=\"29\" style=\"height:29px;\">\n\t\t\t\t3\n\t\t\t<\/td>\n<td>\n\t\t\t\t&nbsp;\n\t\t\t<\/td>\n<td>\n\t\t\t\tROVA\n\t\t\t<\/td>\n<\/tr>\n<tr height=\"29\">\n<td height=\"29\" style=\"height:29px;\">\n\t\t\t\t4\n\t\t\t<\/td>\n<td>\n\t\t\t\t&nbsp;\n\t\t\t<\/td>\n<td style=\"width:180px;\">\n\t\t\t\tJAR&Scaron;E &#8211; RODICA\n\t\t\t<\/td>\n<\/tr>\n<tr height=\"29\">\n<td height=\"29\" style=\"height:29px;\">\n\t\t\t\t5\n\t\t\t<\/td>\n<td>\n\t\t\t\t&nbsp;\n\t\t\t<\/td>\n<td>\n\t\t\t\tVIR\n\t\t\t<\/td>\n<\/tr>\n<tr height=\"29\">\n<td height=\"29\" style=\"height:29px;\">\n\t\t\t\t6\n\t\t\t<\/td>\n<td>\n\t\t\t\t&nbsp;\n\t\t\t<\/td>\n<td>\n<p>\n\t\t\t\t\tDOB\n\t\t\t\t<\/p>\n<\/td>\n<\/tr>\n<\/tbody>\n<\/table>\n<p>\n\t<a href=\"http:\/\/www.gasilci-vir.si\/wp-content\/uploads\/2014\/04\/DSCN0297.jpg\"><img decoding=\"async\" loading=\"lazy\" alt=\"DSCN0297\" class=\"alignnone size-medium wp-image-2630\" height=\"225\" src=\"http:\/\/www.gasilci-vir.si\/wp-content\/uploads\/2014\/04\/DSCN0297-300x225.jpg\" width=\"300\" srcset=\"http:\/\/www.gasilci-vir.si\/wp-content\/uploads\/2014\/04\/DSCN0297-300x225.jpg 300w, http:\/\/www.gasilci-vir.si\/wp-content\/uploads\/2014\/04\/DSCN0297-1024x768.jpg 1024w\" sizes=\"(max-width: 300px) 100vw, 300px\" \/><\/a>\n<\/p>\n<p>\n\t&nbsp;V soboto so tekmovali pionirji in mladinci. Udele\u017eilo se je 21 ekip iz GZ Dom\u017eale , ter 5 ekip iz GZ Menge&scaron;.\n<\/p>\n<p>\n\tVrtni red GZ Menge&scaron;:\n<\/p>\n<p>\n\tPionirji\n<\/p>\n<table border=\"0\" cellpadding=\"0\" cellspacing=\"0\" width=\"260\">\n<colgroup>\n<col span=\"2\" \/>\n<col \/>\n\t<\/colgroup>\n<tbody>\n<tr height=\"29\">\n<td height=\"29\" style=\"height:29px;width:40px;\">\n\t\t\t\t1\n\t\t\t<\/td>\n<td style=\"width:40px;\">\n\t\t\t\t&nbsp;\n\t\t\t<\/td>\n<td style=\"width:180px;\">\n\t\t\t\tMENGE&Scaron;\n\t\t\t<\/td>\n<\/tr>\n<tr height=\"29\">\n<td height=\"29\" style=\"height:29px;\">\n\t\t\t\t2\n\t\t\t<\/td>\n<td>\n\t\t\t\t&nbsp;\n\t\t\t<\/td>\n<td>\n\t\t\t\tLOKA PRI MENG&Scaron;U\n\t\t\t<\/td>\n<\/tr>\n<\/tbody>\n<\/table>\n<p>\n\t<a href=\"http:\/\/www.gasilci-vir.si\/wp-content\/uploads\/2014\/04\/DSCN0338.jpg\"><img decoding=\"async\" loading=\"lazy\" alt=\"DSCN0338\" class=\"alignnone size-medium wp-image-2631\" height=\"225\" src=\"http:\/\/www.gasilci-vir.si\/wp-content\/uploads\/2014\/04\/DSCN0338-300x225.jpg\" width=\"300\" srcset=\"http:\/\/www.gasilci-vir.si\/wp-content\/uploads\/2014\/04\/DSCN0338-300x225.jpg 300w, http:\/\/www.gasilci-vir.si\/wp-content\/uploads\/2014\/04\/DSCN0338-1024x768.jpg 1024w\" sizes=\"(max-width: 300px) 100vw, 300px\" \/><\/a>\n<\/p>\n<p>\n\tMladinci:\n<\/p>\n<p>\n\t1&nbsp;&nbsp; &nbsp;&nbsp;&nbsp; &nbsp;LOKA PRI MENG&Scaron;U<br \/>\n\t2&nbsp;&nbsp; &nbsp;&nbsp;&nbsp; &nbsp;MENGE&Scaron;<br \/>\n\t3&nbsp;&nbsp; &nbsp;&nbsp;&nbsp; &nbsp;TOPOLE\n<\/p>\n<p>\n\t<a href=\"http:\/\/www.gasilci-vir.si\/wp-content\/uploads\/2014\/04\/DSCN0341.jpg\"><img decoding=\"async\" loading=\"lazy\" alt=\"DSCN0341\" class=\"alignnone size-medium wp-image-2632\" height=\"225\" src=\"http:\/\/www.gasilci-vir.si\/wp-content\/uploads\/2014\/04\/DSCN0341-300x225.jpg\" width=\"300\" srcset=\"http:\/\/www.gasilci-vir.si\/wp-content\/uploads\/2014\/04\/DSCN0341-300x225.jpg 300w, http:\/\/www.gasilci-vir.si\/wp-content\/uploads\/2014\/04\/DSCN0341-1024x768.jpg 1024w\" sizes=\"(max-width: 300px) 100vw, 300px\" \/><\/a>\n<\/p>\n<p>\n\tGZ Dom\u017eale:\n<\/p>\n<p>\n\tPionirji:\n<\/p>\n<table border=\"0\" cellpadding=\"0\" cellspacing=\"0\" width=\"260\">\n<colgroup>\n<col span=\"2\" \/>\n<col \/>\n\t<\/colgroup>\n<tbody>\n<tr height=\"29\">\n<td height=\"29\" style=\"height:29px;width:40px;\">\n\t\t\t\t1\n\t\t\t<\/td>\n<td style=\"width:40px;\">\n\t\t\t\t&nbsp;\n\t\t\t<\/td>\n<td style=\"width:180px;\">\n\t\t\t\t\u017dEJE &#8211; SV. TROJICA\n\t\t\t<\/td>\n<\/tr>\n<tr height=\"29\">\n<td height=\"29\" style=\"height:29px;\">\n\t\t\t\t2\n\t\t\t<\/td>\n<td>\n\t\t\t\t&nbsp;\n\t\t\t<\/td>\n<td>\n\t\t\t\tDOB\n\t\t\t<\/td>\n<\/tr>\n<tr height=\"29\">\n<td height=\"29\" style=\"height:29px;\">\n\t\t\t\t3\n\t\t\t<\/td>\n<td>\n\t\t\t\t&nbsp;\n\t\t\t<\/td>\n<td>\n\t\t\t\t&Scaron;TUDA\n\t\t\t<\/td>\n<\/tr>\n<tr height=\"29\">\n<td height=\"29\" style=\"height:29px;\">\n\t\t\t\t4\n\t\t\t<\/td>\n<td>\n\t\t\t\t&nbsp;\n\t\t\t<\/td>\n<td>\n\t\t\t\tIHAN\n\t\t\t<\/td>\n<\/tr>\n<tr height=\"29\">\n<td height=\"29\" style=\"height:29px;\">\n\t\t\t\t5\n\t\t\t<\/td>\n<td>\n\t\t\t\t&nbsp;\n\t\t\t<\/td>\n<td>\n\t\t\t\tHOMEC\n\t\t\t<\/td>\n<\/tr>\n<tr height=\"29\">\n<td height=\"29\" style=\"height:29px;\">\n\t\t\t\t6\n\t\t\t<\/td>\n<td>\n\t\t\t\t&nbsp;\n\t\t\t<\/td>\n<td>\n\t\t\t\tVIR\n\t\t\t<\/td>\n<\/tr>\n<tr height=\"29\">\n<td height=\"29\" style=\"height:29px;\">\n\t\t\t\t7\n\t\t\t<\/td>\n<td>\n\t\t\t\t&nbsp;\n\t\t\t<\/td>\n<td>\n\t\t\t\tROVA\n\t\t\t<\/td>\n<\/tr>\n<tr height=\"29\">\n<td height=\"29\" style=\"height:29px;\">\n\t\t\t\t8\n\t\t\t<\/td>\n<td>\n\t\t\t\t&nbsp;\n\t\t\t<\/td>\n<td>\n<p>\n\t\t\t\t\tSTOB &#8211; DEPALA VAS\n\t\t\t\t<\/p>\n<\/td>\n<\/tr>\n<\/tbody>\n<\/table>\n<p>\n\t<a href=\"http:\/\/www.gasilci-vir.si\/wp-content\/uploads\/2014\/04\/DSCN0344.jpg\"><img decoding=\"async\" loading=\"lazy\" alt=\"DSCN0344\" class=\"alignnone size-medium wp-image-2633\" height=\"225\" src=\"http:\/\/www.gasilci-vir.si\/wp-content\/uploads\/2014\/04\/DSCN0344-300x225.jpg\" width=\"300\" srcset=\"http:\/\/www.gasilci-vir.si\/wp-content\/uploads\/2014\/04\/DSCN0344-300x225.jpg 300w, http:\/\/www.gasilci-vir.si\/wp-content\/uploads\/2014\/04\/DSCN0344-1024x768.jpg 1024w\" sizes=\"(max-width: 300px) 100vw, 300px\" \/><\/a>&nbsp;\n<\/p>\n<p>\n\tMladinci:\n<\/p>\n<table border=\"0\" cellpadding=\"0\" cellspacing=\"0\" width=\"258\">\n<colgroup>\n<col span=\"2\" \/>\n<col \/>\n\t<\/colgroup>\n<tbody>\n<tr height=\"29\">\n<td height=\"29\" style=\"height:29px;width:40px;\">\n\t\t\t\t1\n\t\t\t<\/td>\n<td style=\"width:40px;\">\n\t\t\t\t&nbsp;\n\t\t\t<\/td>\n<td style=\"width:179px;\">\n\t\t\t\t\u017dEJE &#8211; SV. TROJICA\n\t\t\t<\/td>\n<\/tr>\n<tr height=\"29\">\n<td height=\"29\" style=\"height:29px;\">\n\t\t\t\t2\n\t\t\t<\/td>\n<td>\n\t\t\t\t&nbsp;\n\t\t\t<\/td>\n<td>\n\t\t\t\tDOB\n\t\t\t<\/td>\n<\/tr>\n<tr height=\"29\">\n<td height=\"29\" style=\"height:29px;\">\n\t\t\t\t3\n\t\t\t<\/td>\n<td>\n\t\t\t\t&nbsp;\n\t\t\t<\/td>\n<td>\n\t\t\t\tIHAN\n\t\t\t<\/td>\n<\/tr>\n<tr height=\"29\">\n<td height=\"29\" style=\"height:29px;\">\n\t\t\t\t4\n\t\t\t<\/td>\n<td>\n\t\t\t\t&nbsp;\n\t\t\t<\/td>\n<td style=\"width:179px;\">\n\t\t\t\t&Scaron;TUDA\n\t\t\t<\/td>\n<\/tr>\n<tr height=\"29\">\n<td height=\"29\" style=\"height:29px;\">\n\t\t\t\t5\n\t\t\t<\/td>\n<td>\n\t\t\t\t&nbsp;\n\t\t\t<\/td>\n<td>\n\t\t\t\tRADOMLJE\n\t\t\t<\/td>\n<\/tr>\n<tr height=\"29\">\n<td height=\"29\" style=\"height:29px;\">\n\t\t\t\t6\n\t\t\t<\/td>\n<td>\n\t\t\t\t&nbsp;\n\t\t\t<\/td>\n<td>\n\t\t\t\tROVA\n\t\t\t<\/td>\n<\/tr>\n<tr height=\"29\">\n<td height=\"29\" style=\"height:29px;\">\n\t\t\t\t7\n\t\t\t<\/td>\n<td>\n\t\t\t\t&nbsp;\n\t\t\t<\/td>\n<td>\n\t\t\t\tSTOB&nbsp; &#8211; DEPALA VAS\n\t\t\t<\/td>\n<\/tr>\n<tr height=\"29\">\n<td height=\"29\" style=\"height:29px;\">\n\t\t\t\t8\n\t\t\t<\/td>\n<td>\n\t\t\t\t&nbsp;\n\t\t\t<\/td>\n<td>\n\t\t\t\tVIR\n\t\t\t<\/td>\n<\/tr>\n<tr height=\"29\">\n<td height=\"29\" style=\"height:29px;\">\n\t\t\t\t9\n\t\t\t<\/td>\n<td>\n\t\t\t\t&nbsp;\n\t\t\t<\/td>\n<td>\n\t\t\t\tJAR&Scaron;E &#8211; RODICA\n\t\t\t<\/td>\n<\/tr>\n<tr height=\"29\">\n<td height=\"29\" style=\"height:29px;\">\n\t\t\t\t10\n\t\t\t<\/td>\n<td>\n\t\t\t\t&nbsp;\n\t\t\t<\/td>\n<td>\n\t\t\t\tHOMEC\n\t\t\t<\/td>\n<\/tr>\n<tr height=\"29\">\n<td height=\"29\" style=\"height:29px;\">\n\t\t\t\t11\n\t\t\t<\/td>\n<td>\n\t\t\t\t&nbsp;\n\t\t\t<\/td>\n<td>\n\t\t\t\tDOM\u017dALE &#8211; MESTO\n\t\t\t<\/td>\n<\/tr>\n<tr height=\"29\">\n<td height=\"29\" style=\"height:29px;\">\n\t\t\t\t12\n\t\t\t<\/td>\n<td>\n\t\t\t\t&nbsp;\n\t\t\t<\/td>\n<td>\n\t\t\t\tDEKANI\n\t\t\t<\/td>\n<\/tr>\n<\/tbody>\n<\/table>\n<p>\n\t<a href=\"http:\/\/www.gasilci-vir.si\/wp-content\/uploads\/2014\/04\/DSCN0350.jpg\"><img decoding=\"async\" loading=\"lazy\" alt=\"DSCN0350\" class=\"alignnone size-medium wp-image-2634\" height=\"225\" src=\"http:\/\/www.gasilci-vir.si\/wp-content\/uploads\/2014\/04\/DSCN0350-300x225.jpg\" width=\"300\" srcset=\"http:\/\/www.gasilci-vir.si\/wp-content\/uploads\/2014\/04\/DSCN0350-300x225.jpg 300w, http:\/\/www.gasilci-vir.si\/wp-content\/uploads\/2014\/04\/DSCN0350-1024x768.jpg 1024w\" sizes=\"(max-width: 300px) 100vw, 300px\" \/><\/a>&nbsp;\n<\/p>\n<p>\n\t&nbsp;\n<\/p>\n<p>\n\tZa ve\u010d slik klikni na <a href=\"https:\/\/plus.google.com\/u\/0\/photos\/112844002585347193957\/albums\/5998822895787710369\">FOTOGALERIJA<\/a><\/p>\n","protected":false},"excerpt":{"rendered":"<p>V petek 04.04 in soboto 05.04. je v Kulturnem domu na Viru potekal kviz mladine GZ Dom\u017eale. V petek so se pomerili v znanju pripravniki. Tekmovalo je 6 ekip. Kon\u010dni vrstni red je bil: Pripravniki GZ Dom\u017eale 6 ekip GZ Menge&scaron; 1 ekipa &nbsp; 1 &nbsp; HOMEC 2 &nbsp; \u017dEJE &#8211; SV. TROJICA 3 &nbsp; [&hellip;]<\/p>\n","protected":false},"author":4,"featured_media":0,"parent":0,"menu_order":0,"comment_status":"open","ping_status":"closed","template":"","meta":{"ngg_post_thumbnail":0},"post_mailing_queue_ids":[],"_links":{"self":[{"href":"http:\/\/www.gasilci-vir.si\/index.php?rest_route=\/wp\/v2\/pages\/2627"}],"collection":[{"href":"http:\/\/www.gasilci-vir.si\/index.php?rest_route=\/wp\/v2\/pages"}],"about":[{"href":"http:\/\/www.gasilci-vir.si\/index.php?rest_route=\/wp\/v2\/types\/page"}],"author":[{"embeddable":true,"href":"http:\/\/www.gasilci-vir.si\/index.php?rest_route=\/wp\/v2\/users\/4"}],"replies":[{"embeddable":true,"href":"http:\/\/www.gasilci-vir.si\/index.php?rest_route=%2Fwp%2Fv2%2Fcomments&post=2627"}],"version-history":[{"count":5,"href":"http:\/\/www.gasilci-vir.si\/index.php?rest_route=\/wp\/v2\/pages\/2627\/revisions"}],"predecessor-version":[{"id":2642,"href":"http:\/\/www.gasilci-vir.si\/index.php?rest_route=\/wp\/v2\/pages\/2627\/revisions\/2642"}],"wp:attachment":[{"href":"http:\/\/www.gasilci-vir.si\/index.php?rest_route=%2Fwp%2Fv2%2Fmedia&parent=2627"}],"curies":[{"name":"wp","href":"https:\/\/api.w.org\/{rel}","templated":true}]}}