{"id":468,"date":"2013-11-26T21:50:47","date_gmt":"2013-11-26T19:50:47","guid":{"rendered":"http:\/\/www.gasilci-vir.si\/?page_id=468"},"modified":"2014-01-08T09:48:00","modified_gmt":"2014-01-08T07:48:00","slug":"enota-prve-pomoci","status":"publish","type":"page","link":"http:\/\/www.gasilci-vir.si\/?page_id=468","title":{"rendered":"Enota prve pomo\u010di"},"content":{"rendered":"<p>\n\tNEKAJ SLIK IZ DELOVANJA ENOTE PRVE POMO\u010cI\n<\/p>\n<p>\n\tOb\u010dinska vaja Dom\u017eale 2012 v Ihanu\n<\/p>\n<p>\n\t<a href=\"http:\/\/www.gasilci-vir.si\/wp-content\/uploads\/2013\/11\/602469_10151271063782387_2046906102_n.jpg\"><img decoding=\"async\" loading=\"lazy\" alt=\"602469_10151271063782387_2046906102_n\" class=\"alignnone size-medium wp-image-474\" height=\"300\" src=\"http:\/\/www.gasilci-vir.si\/wp-content\/uploads\/2013\/11\/602469_10151271063782387_2046906102_n-300x300.jpg\" width=\"300\" \/><\/a>\n<\/p>\n<p>\n\tRegijsko preverjanje enot prve pomo\u010di v Grosupljem junij 2013\n<\/p>\n<p>\n\t<a href=\"http:\/\/www.gasilci-vir.si\/wp-content\/uploads\/2013\/11\/IMG_00181.jpg\"><img decoding=\"async\" loading=\"lazy\" alt=\"IMG_0018\" class=\"alignnone size-medium wp-image-473\" height=\"225\" src=\"http:\/\/www.gasilci-vir.si\/wp-content\/uploads\/2013\/11\/IMG_00181-300x225.jpg\" width=\"300\" \/><\/a><a href=\"http:\/\/www.gasilci-vir.si\/wp-content\/uploads\/2013\/11\/IMG_00101.jpg\"><img decoding=\"async\" loading=\"lazy\" alt=\"IMG_0010\" class=\"alignnone size-medium wp-image-471\" height=\"225\" src=\"http:\/\/www.gasilci-vir.si\/wp-content\/uploads\/2013\/11\/IMG_00101-300x225.jpg\" width=\"300\" \/><\/a>\n<\/p>\n<p>\n\tDelavnica enote prve pomo\u010di v sodelovanju z Slovensko vojsko v Novem mestu september 2013\n<\/p>\n<p>\n\t<a href=\"http:\/\/www.gasilci-vir.si\/wp-content\/uploads\/2013\/11\/IMG_0995.jpg\"><img decoding=\"async\" loading=\"lazy\" alt=\"IMG_0995\" class=\"alignnone size-medium wp-image-476\" height=\"225\" src=\"http:\/\/www.gasilci-vir.si\/wp-content\/uploads\/2013\/11\/IMG_0995-300x225.jpg\" width=\"300\" \/><\/a><a href=\"http:\/\/www.gasilci-vir.si\/wp-content\/uploads\/2013\/11\/IMG_1011.jpg\"><img decoding=\"async\" loading=\"lazy\" alt=\"IMG_1011\" class=\"alignnone size-medium wp-image-477\" height=\"225\" src=\"http:\/\/www.gasilci-vir.si\/wp-content\/uploads\/2013\/11\/IMG_1011-300x225.jpg\" width=\"300\" \/><\/a><a href=\"http:\/\/www.gasilci-vir.si\/wp-content\/uploads\/2013\/11\/IMG_0987.jpg\"><img decoding=\"async\" loading=\"lazy\" alt=\"IMG_0987\" class=\"alignnone size-medium wp-image-475\" height=\"225\" src=\"http:\/\/www.gasilci-vir.si\/wp-content\/uploads\/2013\/11\/IMG_0987-300x225.jpg\" width=\"300\" \/><\/a>\n<\/p>\n<p>\n\t<a href=\"http:\/\/www.gasilci-vir.si\/wp-content\/uploads\/2013\/11\/IMG_1044.jpg\"><img decoding=\"async\" loading=\"lazy\" alt=\"IMG_1044\" class=\"alignnone size-medium wp-image-478\" height=\"225\" src=\"http:\/\/www.gasilci-vir.si\/wp-content\/uploads\/2013\/11\/IMG_1044-300x225.jpg\" width=\"300\" srcset=\"http:\/\/www.gasilci-vir.si\/wp-content\/uploads\/2013\/11\/IMG_1044-300x225.jpg 300w, http:\/\/www.gasilci-vir.si\/wp-content\/uploads\/2013\/11\/IMG_1044-1024x768.jpg 1024w\" sizes=\"(max-width: 300px) 100vw, 300px\" \/><\/a>\n<\/p>\n<p>\n\t<br \/>\n\tDnevi za&scaron;\u010dite in re&scaron;evanja Dom\u017eale oktober 2013\n<\/p>\n<p>\n\t<a href=\"http:\/\/www.gasilci-vir.si\/wp-content\/uploads\/2013\/11\/MG_1066.jpg\"><img decoding=\"async\" loading=\"lazy\" alt=\"_MG_1066\" class=\"alignnone size-medium wp-image-480\" height=\"199\" src=\"http:\/\/www.gasilci-vir.si\/wp-content\/uploads\/2013\/11\/MG_1066-300x199.jpg\" width=\"300\" srcset=\"http:\/\/www.gasilci-vir.si\/wp-content\/uploads\/2013\/11\/MG_1066-300x199.jpg 300w, http:\/\/www.gasilci-vir.si\/wp-content\/uploads\/2013\/11\/MG_1066-1024x682.jpg 1024w, http:\/\/www.gasilci-vir.si\/wp-content\/uploads\/2013\/11\/MG_1066.jpg 2048w\" sizes=\"(max-width: 300px) 100vw, 300px\" \/><\/a><a href=\"http:\/\/www.gasilci-vir.si\/wp-content\/uploads\/2013\/11\/MG_1076.jpg\"><img decoding=\"async\" loading=\"lazy\" alt=\"_MG_1076\" class=\"alignnone size-medium wp-image-481\" height=\"199\" src=\"http:\/\/www.gasilci-vir.si\/wp-content\/uploads\/2013\/11\/MG_1076-300x199.jpg\" width=\"300\" \/><\/a><a href=\"http:\/\/www.gasilci-vir.si\/wp-content\/uploads\/2013\/11\/MG_1038.jpg\"><img decoding=\"async\" loading=\"lazy\" alt=\"_MG_1038\" class=\"alignnone size-medium wp-image-479\" height=\"199\" src=\"http:\/\/www.gasilci-vir.si\/wp-content\/uploads\/2013\/11\/MG_1038-300x199.jpg\" width=\"300\" srcset=\"http:\/\/www.gasilci-vir.si\/wp-content\/uploads\/2013\/11\/MG_1038-300x199.jpg 300w, http:\/\/www.gasilci-vir.si\/wp-content\/uploads\/2013\/11\/MG_1038-1024x682.jpg 1024w, http:\/\/www.gasilci-vir.si\/wp-content\/uploads\/2013\/11\/MG_1038.jpg 2048w\" sizes=\"(max-width: 300px) 100vw, 300px\" \/><\/a><a href=\"http:\/\/www.gasilci-vir.si\/wp-content\/uploads\/2013\/11\/DSC02849.jpg\"><img decoding=\"async\" loading=\"lazy\" alt=\"DSC02849\" class=\"alignnone size-medium wp-image-482\" height=\"168\" src=\"http:\/\/www.gasilci-vir.si\/wp-content\/uploads\/2013\/11\/DSC02849-300x168.jpg\" width=\"300\" srcset=\"http:\/\/www.gasilci-vir.si\/wp-content\/uploads\/2013\/11\/DSC02849-300x168.jpg 300w, http:\/\/www.gasilci-vir.si\/wp-content\/uploads\/2013\/11\/DSC02849-1024x576.jpg 1024w, http:\/\/www.gasilci-vir.si\/wp-content\/uploads\/2013\/11\/DSC02849.jpg 2048w\" sizes=\"(max-width: 300px) 100vw, 300px\" \/><\/a><\/p>\n","protected":false},"excerpt":{"rendered":"<p>NEKAJ SLIK IZ DELOVANJA ENOTE PRVE POMO\u010cI Ob\u010dinska vaja Dom\u017eale 2012 v Ihanu Regijsko preverjanje enot prve pomo\u010di v Grosupljem junij 2013 Delavnica enote prve pomo\u010di v sodelovanju z Slovensko vojsko v Novem mestu september 2013 Dnevi za&scaron;\u010dite in re&scaron;evanja Dom\u017eale oktober 2013<\/p>\n","protected":false},"author":4,"featured_media":0,"parent":58,"menu_order":0,"comment_status":"open","ping_status":"closed","template":"","meta":{"ngg_post_thumbnail":0},"post_mailing_queue_ids":[],"_links":{"self":[{"href":"http:\/\/www.gasilci-vir.si\/index.php?rest_route=\/wp\/v2\/pages\/468"}],"collection":[{"href":"http:\/\/www.gasilci-vir.si\/index.php?rest_route=\/wp\/v2\/pages"}],"about":[{"href":"http:\/\/www.gasilci-vir.si\/index.php?rest_route=\/wp\/v2\/types\/page"}],"author":[{"embeddable":true,"href":"http:\/\/www.gasilci-vir.si\/index.php?rest_route=\/wp\/v2\/users\/4"}],"replies":[{"embeddable":true,"href":"http:\/\/www.gasilci-vir.si\/index.php?rest_route=%2Fwp%2Fv2%2Fcomments&post=468"}],"version-history":[{"count":5,"href":"http:\/\/www.gasilci-vir.si\/index.php?rest_route=\/wp\/v2\/pages\/468\/revisions"}],"predecessor-version":[{"id":507,"href":"http:\/\/www.gasilci-vir.si\/index.php?rest_route=\/wp\/v2\/pages\/468\/revisions\/507"}],"up":[{"embeddable":true,"href":"http:\/\/www.gasilci-vir.si\/index.php?rest_route=\/wp\/v2\/pages\/58"}],"wp:attachment":[{"href":"http:\/\/www.gasilci-vir.si\/index.php?rest_route=%2Fwp%2Fv2%2Fmedia&parent=468"}],"curies":[{"name":"wp","href":"https:\/\/api.w.org\/{rel}","templated":true}]}}