{"id":935,"date":"2013-12-02T11:08:23","date_gmt":"2013-12-02T09:08:23","guid":{"rendered":"http:\/\/www.gasilci-vir.si\/?page_id=935"},"modified":"2014-01-28T06:37:50","modified_gmt":"2014-01-28T04:37:50","slug":"smeh-je-pol-zdravja","status":"publish","type":"page","link":"http:\/\/www.gasilci-vir.si\/?page_id=935","title":{"rendered":"Smeh je pol zdravja"},"content":{"rendered":"<p>\n\t<br \/>\n\t*Mladeni\u010d navdu&scaron;eno pove mami, da se je zaljubil in da se bo kmalu poro\u010dil.*<br \/>\n\t*&#39;&#39;Za hec bom domov pripeljal tri dekleta, ti pa poskusi uganiti, katere je*<br \/>\n\t*moja izbranka!&#39;&#39;*<\/p>\n<p>\t*Mama se strinja s predlogom in naslednji dan sin pripelje domov tri*<br \/>\n\t*lepotice ter jih posadi na kav\u010d. Nekaj \u010dasa spro&scaron;\u010deno kramljajo. Nato se*<br \/>\n\t*sin obrne k mami in jo vpra&scaron;a: &#39;&#39;No, mami, s katero se bom poro\u010dil?&#39;&#39; Ona*<br \/>\n\t*izstreli: &#39;&#39;Rde\u010delaska na sredini.&#39;&#39;*<\/p>\n<p>\t*Osupel, sin vpra&scaron;a: &#39;&#39;To je neverjetno, kako si vedela??&#39;&#39;*<\/p>\n<p>\t*&#39;&#39;Na \u017eivce mi gre kot hudi\u010d,&#39;&#39; odgovori mama.*<\/p>\n<p>\t&nbsp;<\/p>\n","protected":false},"excerpt":{"rendered":"<p>*Mladeni\u010d navdu&scaron;eno pove mami, da se je zaljubil in da se bo kmalu poro\u010dil.* *&#39;&#39;Za hec bom domov pripeljal tri dekleta, ti pa poskusi uganiti, katere je* *moja izbranka!&#39;&#39;* *Mama se strinja s predlogom in naslednji dan sin pripelje domov tri* *lepotice ter jih posadi na kav\u010d. Nekaj \u010dasa spro&scaron;\u010deno kramljajo. Nato se* *sin obrne [&hellip;]<\/p>\n","protected":false},"author":4,"featured_media":0,"parent":0,"menu_order":0,"comment_status":"open","ping_status":"closed","template":"","meta":{"ngg_post_thumbnail":0},"post_mailing_queue_ids":[],"_links":{"self":[{"href":"http:\/\/www.gasilci-vir.si\/index.php?rest_route=\/wp\/v2\/pages\/935"}],"collection":[{"href":"http:\/\/www.gasilci-vir.si\/index.php?rest_route=\/wp\/v2\/pages"}],"about":[{"href":"http:\/\/www.gasilci-vir.si\/index.php?rest_route=\/wp\/v2\/types\/page"}],"author":[{"embeddable":true,"href":"http:\/\/www.gasilci-vir.si\/index.php?rest_route=\/wp\/v2\/users\/4"}],"replies":[{"embeddable":true,"href":"http:\/\/www.gasilci-vir.si\/index.php?rest_route=%2Fwp%2Fv2%2Fcomments&post=935"}],"version-history":[{"count":2,"href":"http:\/\/www.gasilci-vir.si\/index.php?rest_route=\/wp\/v2\/pages\/935\/revisions"}],"predecessor-version":[{"id":2007,"href":"http:\/\/www.gasilci-vir.si\/index.php?rest_route=\/wp\/v2\/pages\/935\/revisions\/2007"}],"wp:attachment":[{"href":"http:\/\/www.gasilci-vir.si\/index.php?rest_route=%2Fwp%2Fv2%2Fmedia&parent=935"}],"curies":[{"name":"wp","href":"https:\/\/api.w.org\/{rel}","templated":true}]}}