{"id":975,"date":"2013-12-03T16:08:15","date_gmt":"2013-12-03T14:08:15","guid":{"rendered":"http:\/\/www.gasilci-vir.si\/?page_id=975"},"modified":"2014-01-08T09:51:55","modified_gmt":"2014-01-08T07:51:55","slug":"pozari-v-domacem-okolju","status":"publish","type":"page","link":"http:\/\/www.gasilci-vir.si\/?page_id=975","title":{"rendered":"Po\u017eari v doma\u010dem okolju"},"content":{"rendered":"<p>\n\t&nbsp;&nbsp;&nbsp;&nbsp;&nbsp;&nbsp;&nbsp;&nbsp;&nbsp;&nbsp;&nbsp;&nbsp;&nbsp;&nbsp;&nbsp;&nbsp;&nbsp;&nbsp;&nbsp;&nbsp;&nbsp;&nbsp;&nbsp;&nbsp;&nbsp;&nbsp;&nbsp;&nbsp;&nbsp;&nbsp;&nbsp;&nbsp;&nbsp;&nbsp;&nbsp;&nbsp;&nbsp;&nbsp;&nbsp;&nbsp;&nbsp;&nbsp;&nbsp;&nbsp;&nbsp;&nbsp;&nbsp;&nbsp;&nbsp;&nbsp;&nbsp;&nbsp;&nbsp;&nbsp;&nbsp;&nbsp;&nbsp;&nbsp;&nbsp;&nbsp;&nbsp;&nbsp;&nbsp;&nbsp;&nbsp; <img decoding=\"async\" loading=\"lazy\" alt=\"\" height=\"162\" src=\"http:\/\/www.gasilec.net\/classes\/phpthumb\/phpThumb.php?src=..\/..\/uploads\/podobe\/Po%C5%BEar%20v%20kuhinji.jpg&amp;w=370&amp;h=278&amp;q=90\" width=\"217\" \/>\n<\/p>\n<p style=\"text-align: center;\">\n\t<strong>KAJ STORIMO V PRIMERU PO\u017dARA V STANOVANJU<\/strong>\n<\/p>\n<p>\n\t<br \/>\n\t<em><u>KAJ STORIMO \u010cE PRIDE DO PO\u017dARA NA GOSPODINJSKIH IN DRUGIH ELEKTRI\u010cNIH NAPRAVAH V STANOVANJU?<\/u><\/em>\n<\/p>\n<ul>\n<li>\n\t\tOdklopimo napravo iz elektri\u010dnega omre\u017eja (izvle\u010demo vtika\u010d iz vti\u010dnice ali odvijemo oz. s stikalom izklopimo &nbsp;&nbsp; varovalko &ndash; naprave, ki gori se ne dotikamo, saj je lahko \u017ee po&scaron;kodovana do te mere, da je pod napetostjo ohi&scaron;je naprave).\n\t<\/li>\n<li>\n\t\tGasimo z ro\u010dnim gasilnim aparatom\n\t<\/li>\n<\/ul>\n<p>\n\t<strong>POZOR:<br \/>\n\tElektri\u010dnih naprav ne smemo gasiti z vodo, ker voda prevaja elektri\u010dni tok! <\/strong>\n<\/p>\n<p>\n\t<em><u>KAJ STORIMO \u010cE ZAGORI OLJE ALI MAST V POSODI NA &Scaron;TEDILNIKU?<\/u><\/em>\n<\/p>\n<ul>\n<li>\n\t\tIzklopimo grelno povr&scaron;ino,\n\t<\/li>\n<li>\n\t\tGore\u010do posodo pokrijemo s pokrovko ali mokro krpo,\n\t<\/li>\n<li>\n\t\tGasimo z ro\u010dnim gasilnim aparatom.\n\t<\/li>\n<\/ul>\n<p>\n\t<strong>POZOR:<br \/>\n\tSegrete masti ali olja ne smemo polivati z vodo, saj lahko to vodi do vzbuha. Ta pospe&scaron;i razvoj po\u017eara in nas lahko ope\u010de.<\/strong>\n<\/p>\n<p>\n\t<em><u>KAJ STORIMO \u010cE ZAZNAMO UHAJANJE PLINA V STANOVANJU?<\/u><\/em>\n<\/p>\n<ul>\n<li>\n\t\tTakoj odpremo okna in vrata in napravimo prepih,\n\t<\/li>\n<li>\n\t\tNe pri\u017eigamo ali uga&scaron;amo lu\u010di in drugih naprav v prostoru,\n\t<\/li>\n<li>\n\t\tNa pri\u017eigajmo sve\u010d in podobno,\n\t<\/li>\n<li>\n\t\tPosku&scaron;amo ugotoviti od kod prihaja plin in ga zapremo,\n\t<\/li>\n<li>\n\t\tElektri\u010dni tok izklopimo le v primeru, \u010de je stikalo izven prostora, kjer uhaja plin\n\t<\/li>\n<\/ul>\n<p>\n\t<em><u>KAJ STORIMO \u010cE ZAGORI V STANOVANJU TAKO MO\u010cNO, DA SAMI PO\u017dARA NE MOREMO POGASITI<\/u><\/em>\n<\/p>\n<ul>\n<li>\n\t\tVsi stanovalci naj se umaknejo na prosto,\n\t<\/li>\n<li>\n\t\tPosku&scaron;amo odstraniti jeklenke s plinom,\n\t<\/li>\n<li>\n\t\tZapremo \u010dim ve\u010d oken in vrat (okna in vrata v prostorih in glavna vrata),\n\t<\/li>\n<li>\n\t\tIzklopimo glavno elektri\u010dno stikalo,\n\t<\/li>\n<li>\n\t\tO po\u017earu obvestimo Center za obve&scaron;\u010danje 112 in sosede.\n\t<\/li>\n<\/ul>\n<p>\n\t<strong>POZOR:<br \/>\n\tNe zadr\u017eujte se v dimu in ne vra\u010dajte se v zadimljen prostor, zgolj za to, da bi re&scaron;ili osebne predmete. Po\u017ear se lahko razvije zelo hitro.<\/strong>\n<\/p>\n<p>\n\t<em><u>KAKO PRAVILNO PRIJAVIMO PO\u017dAR ALI NESRE\u010cO<\/u><\/em>\n<\/p>\n<p>\n\t<strong>POKLI\u010cEMO REGIJSKI CENTER ZA OBVE&Scaron;\u010cANJE TEL. 112<\/strong>\n<\/p>\n<ul>\n<li>\n\t\tPovemo to\u010dno lokacijo po\u017eara (kraj, naslov in objekt),\n\t<\/li>\n<li>\n\t\tPovemo kaj gori, kak&scaron;en je obseg po\u017eara, kako hitro in kam se po\u017ear &scaron;iri,\n\t<\/li>\n<li>\n\t\tPosebej opozorimo, \u010de so v nevarnosti ljudje,\n\t<\/li>\n<li>\n\t\tPovemo kdo kli\u010de in telefonsko &scaron;tevilko za morebitne dodatne informacije,\n\t<\/li>\n<li>\n\t\tRazlo\u010dno odgovarjamo na morebitna vpra&scaron;anja de\u017eurnega operaterja.\n\t<\/li>\n<\/ul>\n<p>\n\t<strong>POZOR:<br \/>\n\tUspeh intervencije je odvisen od pravo\u010dasne in pravilne informacije.<\/strong>\n<\/p>\n<p>\n\tVir podatkov <a href=\"http:\/\/www.gasilec.net\/organizacija\/preventiva\/pozarna-preventiva-v-domacem-okolju\">GZS<\/a><\/p>\n","protected":false},"excerpt":{"rendered":"<p>&nbsp;&nbsp;&nbsp;&nbsp;&nbsp;&nbsp;&nbsp;&nbsp;&nbsp;&nbsp;&nbsp;&nbsp;&nbsp;&nbsp;&nbsp;&nbsp;&nbsp;&nbsp;&nbsp;&nbsp;&nbsp;&nbsp;&nbsp;&nbsp;&nbsp;&nbsp;&nbsp;&nbsp;&nbsp;&nbsp;&nbsp;&nbsp;&nbsp;&nbsp;&nbsp;&nbsp;&nbsp;&nbsp;&nbsp;&nbsp;&nbsp;&nbsp;&nbsp;&nbsp;&nbsp;&nbsp;&nbsp;&nbsp;&nbsp;&nbsp;&nbsp;&nbsp;&nbsp;&nbsp;&nbsp;&nbsp;&nbsp;&nbsp;&nbsp;&nbsp;&nbsp;&nbsp;&nbsp;&nbsp;&nbsp; KAJ STORIMO V PRIMERU PO\u017dARA V STANOVANJU KAJ STORIMO \u010cE PRIDE DO PO\u017dARA NA GOSPODINJSKIH IN DRUGIH ELEKTRI\u010cNIH NAPRAVAH V STANOVANJU? Odklopimo napravo iz elektri\u010dnega omre\u017eja (izvle\u010demo vtika\u010d iz vti\u010dnice ali odvijemo oz. s stikalom izklopimo &nbsp;&nbsp; varovalko &ndash; naprave, ki gori se ne dotikamo, saj je lahko \u017ee po&scaron;kodovana do te mere, da [&hellip;]<\/p>\n","protected":false},"author":4,"featured_media":0,"parent":1714,"menu_order":0,"comment_status":"open","ping_status":"closed","template":"","meta":{"ngg_post_thumbnail":0},"post_mailing_queue_ids":[],"_links":{"self":[{"href":"http:\/\/www.gasilci-vir.si\/index.php?rest_route=\/wp\/v2\/pages\/975"}],"collection":[{"href":"http:\/\/www.gasilci-vir.si\/index.php?rest_route=\/wp\/v2\/pages"}],"about":[{"href":"http:\/\/www.gasilci-vir.si\/index.php?rest_route=\/wp\/v2\/types\/page"}],"author":[{"embeddable":true,"href":"http:\/\/www.gasilci-vir.si\/index.php?rest_route=\/wp\/v2\/users\/4"}],"replies":[{"embeddable":true,"href":"http:\/\/www.gasilci-vir.si\/index.php?rest_route=%2Fwp%2Fv2%2Fcomments&post=975"}],"version-history":[{"count":1,"href":"http:\/\/www.gasilci-vir.si\/index.php?rest_route=\/wp\/v2\/pages\/975\/revisions"}],"predecessor-version":[{"id":978,"href":"http:\/\/www.gasilci-vir.si\/index.php?rest_route=\/wp\/v2\/pages\/975\/revisions\/978"}],"up":[{"embeddable":true,"href":"http:\/\/www.gasilci-vir.si\/index.php?rest_route=\/wp\/v2\/pages\/1714"}],"wp:attachment":[{"href":"http:\/\/www.gasilci-vir.si\/index.php?rest_route=%2Fwp%2Fv2%2Fmedia&parent=975"}],"curies":[{"name":"wp","href":"https:\/\/api.w.org\/{rel}","templated":true}]}}