{"id":980,"date":"2013-12-03T16:14:27","date_gmt":"2013-12-03T14:14:27","guid":{"rendered":"http:\/\/www.gasilci-vir.si\/?page_id=980"},"modified":"2014-01-08T09:52:25","modified_gmt":"2014-01-08T07:52:25","slug":"dimniski-pozari","status":"publish","type":"page","link":"http:\/\/www.gasilci-vir.si\/?page_id=980","title":{"rendered":"Dimni\u0161ki po\u017eari"},"content":{"rendered":"<p>\n\t&nbsp;&nbsp;&nbsp;&nbsp;&nbsp;&nbsp;&nbsp;&nbsp;&nbsp;&nbsp;&nbsp;&nbsp;&nbsp;\n<\/p>\n<p class=\"DocfontSubTitle\">\n\tZakaj bi tvegali, da v dimniku zagori? Ukrepajte pravo\u010dasno!\n<\/p>\n<p class=\"DocfontNormal\">\n\tMed kurilno sezono se pove\u010da &scaron;tevilo dimni&scaron;kih po\u017earov. \u010ce se po\u017ear iz dimnika raz&scaron;iri &scaron;e na druge dele hi&scaron;e, so posledice lahko tragi\u010dne. Dimni&scaron;ki po\u017eari po&scaron;kodujejo dimni&scaron;ko konstrukcijo, uni\u010dijo domove in premo\u017eenje, po&scaron;kodujejo in celo terjajo \u017ertve.<\/p>\n<p>\tDimnik je sestavni del ogrevalnega sistema. Njegova naloga je ustvarjanje potrebnega vleka za zgorevanje goriv v kurilnih napravah ter odvod dimnih plinov, ki nastanejo kot stranski produkt pri procesu gorenja. V dimniku se nalagajo katranske obloge in saje, ki lahko zagorijo.<\/p>\n<p>\tZnaki dimni&scaron;kega po\u017eara so: prasketanje v dimniku (bobne\u010d zvok, ki je podoben zvoku tovornega vlaka ali nizko lete\u010dega letala), ki postaja vse mo\u010dnej&scaron;e, \u010drn dim iz dimnika, lete\u010de iskre ali celo plameni iz dimnika, vro\u010de rozete, slab&scaron;e izgorevanje, smrad po stanovanju, vro\u010de stene dimnika.\n<\/p>\n<p>\n\t&nbsp;&nbsp;&nbsp;&nbsp;&nbsp;&nbsp;&nbsp;&nbsp;&nbsp;&nbsp;&nbsp;&nbsp;&nbsp;&nbsp;&nbsp;&nbsp;&nbsp;&nbsp;&nbsp;&nbsp;&nbsp;&nbsp;&nbsp;&nbsp;&nbsp;&nbsp;&nbsp;&nbsp;&nbsp;&nbsp;&nbsp;&nbsp;&nbsp;&nbsp;&nbsp;&nbsp;&nbsp;&nbsp;&nbsp;&nbsp;&nbsp;&nbsp;&nbsp;&nbsp;&nbsp;&nbsp;&nbsp; &nbsp; &nbsp; &nbsp; &nbsp; &nbsp; &nbsp;&nbsp;&nbsp;&nbsp;&nbsp; <img decoding=\"async\" loading=\"lazy\" border=\"0\" height=\"174\" src=\"http:\/\/www.sos112.si\/slo\/documents\/images\/dimnik_ogenj.jpg\" width=\"194\" \/>&nbsp;\n<\/p>\n<p class=\"DocfontNormal\">\n\t<b>Kaj lahko storite, da do dimni&scaron;kega po\u017eara ne bo pri&scaron;lo?<\/b>\n<\/p>\n<ul class=\"DocfontNormal\">\n<li>\n\t\tkurilno napravo in dimnik z ustreznimi tehni\u010dnimi lastnostmi naj vgradi poobla&scaron;\u010deno podjetje skladno z navodili proizvajalca oz. predpisi;\n\t<\/li>\n<p><\/p>\n<li>\n\t\tpri postavitvi kurilne naprave in dimnika upo&scaron;tevajte zahtevane odmike od gorljivih snovi;\n\t<\/li>\n<p><\/p>\n<li>\n\t\ttla in stene okoli kurilne naprave morajo biti iz negorljivih materialov;\n\t<\/li>\n<p><\/p>\n<li>\n\t\tkurilna naprava naj bo, glede na vrsto goriva, priklju\u010dena na ustrezen dimnik;\n\t<\/li>\n<p><\/p>\n<li>\n\t\t\u010de kurite z drvmi, za kurjenje uporabljajte suh les;\n\t<\/li>\n<p><\/p>\n<li>\n\t\tv kurilni napravi nikoli ne za\u017eigajte kartona, dekorativnega papirja, rob\u010dkov ali novoletnih jelk &#8211; gore\u010di delci se dvignejo v dimnik in lahko v\u017egejo obloge;\n\t<\/li>\n<p><\/p>\n<li>\n\t\tpodstre&scaron;je naj bo pospravljeno, v bli\u017eini dimnika ne hranite stvari, ki lahko zagorijo;\n\t<\/li>\n<p><\/p>\n<li>\n\t\tskladno s predpisi je treba opraviti prvi pregled male kurilne naprave;\n\t<\/li>\n<p><\/p>\n<li>\n\t\tkurilna naprava in z njo povezane dimni vodi, zra\u010dniki, pomo\u017ene naprave naj bodo redno pregledani in \u010di&scaron;\u010deni (skladno s predpisi, ki urejajo dimnikarsko slu\u017ebo in so objavljeni na spletni strani <a class=\"Docanormal\" href=\"http:\/\/www.mko.gov.si\/si\/delovna_podrocja\/dimnikarska_dejavnost\/\">dimnikarska dejavnost<\/a>)\n\t<\/li>\n<p>\t&nbsp;\n<\/ul>\n<p class=\"DocfontNormal\">\n\t<b>Kako ukrepati, \u010de pride do dimni&scaron;kega po\u017eara?<\/b>\n<\/p>\n<ul class=\"DocfontNormal\">\n<li>\n\t\tv primeru po\u017eara takoj pokli\u010dite &scaron;tevilko 112 (regijski center za obve&scaron;\u010danje) in sporo\u010dite potrebne podatke;\n\t<\/li>\n<li>\n\t\to po\u017earu obvestite vse stanovalce (sosede); vsi stanovalci in \u017eivali morajo zapustiti stanovanje, saj je nevarnost za nastanek strupenega ogljikovega monoksida zelo velika;\n\t<\/li>\n<li>\n\t\t\u010de je v prostoru dim, vanj ne vstopajte;\n\t<\/li>\n<li>\n\t\tgasilcem omogo\u010dite dostop;\n\t<\/li>\n<li>\n\t\todstranite vse gorljive predmete iz bli\u017eine dimnika;\n\t<\/li>\n<li>\n\t\tognja v dimniku nikoli ne gasite z vodo, saj je to zelo nevarno. Voda ob razbeljenih stenah dimnika se namre\u010d upari in pove\u010da svojo prostornino, zaradi \u010desar lahko dimnik eksplodira. (Pri zlitju samo enega litra vode v dimnik nastane 1700 litrov pare. Dimnik ne zdr\u017ei tega pritiska in lahko pride do njegove poru&scaron;itve.);\n\t<\/li>\n<li>\n\t\tne odpirajte dimni&scaron;kih vratc;\n\t<\/li>\n<li>\n\t\t\u010de je pri&scaron;lo do dimni&scaron;kega po\u017eara, v kurilni napravi ne kurite;\n\t<\/li>\n<li>\n\t\tpo po\u017earu nadzirajte temperaturo zunanje stene dimnika vsaj &scaron;e 2 ali 3 ure;\n\t<\/li>\n<li>\n\t\tpo po\u017earu mora dimnikar pregledati dimnik v celoti, saj je velika verjetnost, da je po\u017ear pustil posledice na tuljavah ali stenah dimnika.\n\t<\/li>\n<\/ul>\n<p>\n\tVir podatkov<a href=\"http:\/\/www.sos112.si\/slo\/page.php?src=np35.htm\"> URSZR<\/a><\/p>\n","protected":false},"excerpt":{"rendered":"<p>&nbsp;&nbsp;&nbsp;&nbsp;&nbsp;&nbsp;&nbsp;&nbsp;&nbsp;&nbsp;&nbsp;&nbsp;&nbsp; Zakaj bi tvegali, da v dimniku zagori? Ukrepajte pravo\u010dasno! Med kurilno sezono se pove\u010da &scaron;tevilo dimni&scaron;kih po\u017earov. \u010ce se po\u017ear iz dimnika raz&scaron;iri &scaron;e na druge dele hi&scaron;e, so posledice lahko tragi\u010dne. Dimni&scaron;ki po\u017eari po&scaron;kodujejo dimni&scaron;ko konstrukcijo, uni\u010dijo domove in premo\u017eenje, po&scaron;kodujejo in celo terjajo \u017ertve. Dimnik je sestavni del ogrevalnega sistema. Njegova naloga [&hellip;]<\/p>\n","protected":false},"author":4,"featured_media":0,"parent":1714,"menu_order":0,"comment_status":"open","ping_status":"closed","template":"","meta":{"ngg_post_thumbnail":0},"post_mailing_queue_ids":[],"_links":{"self":[{"href":"http:\/\/www.gasilci-vir.si\/index.php?rest_route=\/wp\/v2\/pages\/980"}],"collection":[{"href":"http:\/\/www.gasilci-vir.si\/index.php?rest_route=\/wp\/v2\/pages"}],"about":[{"href":"http:\/\/www.gasilci-vir.si\/index.php?rest_route=\/wp\/v2\/types\/page"}],"author":[{"embeddable":true,"href":"http:\/\/www.gasilci-vir.si\/index.php?rest_route=\/wp\/v2\/users\/4"}],"replies":[{"embeddable":true,"href":"http:\/\/www.gasilci-vir.si\/index.php?rest_route=%2Fwp%2Fv2%2Fcomments&post=980"}],"version-history":[{"count":1,"href":"http:\/\/www.gasilci-vir.si\/index.php?rest_route=\/wp\/v2\/pages\/980\/revisions"}],"predecessor-version":[{"id":983,"href":"http:\/\/www.gasilci-vir.si\/index.php?rest_route=\/wp\/v2\/pages\/980\/revisions\/983"}],"up":[{"embeddable":true,"href":"http:\/\/www.gasilci-vir.si\/index.php?rest_route=\/wp\/v2\/pages\/1714"}],"wp:attachment":[{"href":"http:\/\/www.gasilci-vir.si\/index.php?rest_route=%2Fwp%2Fv2%2Fmedia&parent=980"}],"curies":[{"name":"wp","href":"https:\/\/api.w.org\/{rel}","templated":true}]}}