{"id":970,"date":"2013-12-03T16:00:33","date_gmt":"2013-12-03T14:00:33","guid":{"rendered":"http:\/\/www.gasilci-vir.si\/?page_id=970"},"modified":"2014-01-08T09:52:54","modified_gmt":"2014-01-08T07:52:54","slug":"klic-v-sili","status":"publish","type":"page","link":"https:\/\/www.gasilci-vir.si\/?page_id=970","title":{"rendered":"Klic v sili"},"content":{"rendered":"<p class=\"DocfontTitle\">\n\tKLIC V SILI 112\n<\/p>\n<p class=\"DocfontSubTitle\">\n\t<b>KO KLI\u010cETE NA &Scaron;TEVILKO 112, POVEJTE:<\/b>\n<\/p>\n<p>\n\t&nbsp;\n<\/p>\n<p>\n\t&nbsp;\n<\/p>\n<p>\n\t&nbsp;\n<\/p>\n<p>\n\t&nbsp;\n<\/p>\n<p>\n\t&nbsp;\n<\/p>\n<p>\n\t&nbsp;\n<\/p>\n<p>\n\t&nbsp;\n<\/p>\n<ul class=\"DocfontSubTitle\">\n<li>\n\t\t<b>KDO<\/b> kli\u010de\n\t<\/li>\n<li>\n\t\t<b>KAJ<\/b> se je zgodilo\n\t<\/li>\n<li>\n\t\t<b>KJE<\/b> se je zgodilo\n\t<\/li>\n<li>\n\t\t<b>KDAJ<\/b> se je zgodilo\n\t<\/li>\n<li>\n\t\t<b>KOLIKO<\/b> je ponesre\u010dencev\n\t<\/li>\n<li>\n\t\tkak&scaron;ne so <b>PO&Scaron;KODBE<\/b>\n\t<\/li>\n<li>\n\t\tkak&scaron;ne so <b>OKOLI&Scaron;\u010cINE<\/b> na kraju nesre\u010de (po\u017ear, nevarne snovi, po&scaron;kodovane plinovodne ali druge napeljave&#8230; )\n\t<\/li>\n<li>\n\t\tkak&scaron;no <b>POMO\u010c<\/b> potrebujete.\n\t<\/li>\n<\/ul>\n<p>\n\t&nbsp;&nbsp;&nbsp;&nbsp;&nbsp;&nbsp;&nbsp;&nbsp;&nbsp;&nbsp;&nbsp;&nbsp;&nbsp;&nbsp;&nbsp;&nbsp;&nbsp;&nbsp;&nbsp;&nbsp;&nbsp;&nbsp;&nbsp;&nbsp;&nbsp;&nbsp;&nbsp;&nbsp;&nbsp;&nbsp;&nbsp;&nbsp;&nbsp;&nbsp;&nbsp;&nbsp;&nbsp;&nbsp;&nbsp;&nbsp;&nbsp;&nbsp;&nbsp;&nbsp;&nbsp;&nbsp;&nbsp;&nbsp;&nbsp;&nbsp;&nbsp;&nbsp;&nbsp;&nbsp;&nbsp;&nbsp;&nbsp;&nbsp; <img decoding=\"async\" loading=\"lazy\" height=\"186\" src=\"http:\/\/www.sos112.si\/slo\/documents\/images\/ks1i1.jpg\" width=\"234\" \/>\n<\/p>\n<p class=\"DocfontSubTitle\">\n\t<b>Nesre\u010de so lahko zelo razli\u010dne, za vse pa velja naslednje:<\/b>\n<\/p>\n<ul class=\"Docvecji\">\n<li>\n\t\tsku&scaron;ajmo ohraniti mirno kri, saj lahko samo tako pomagamo sebi in drugim\n\t<\/li>\n<li>\n\t\t\u010de je le mogo\u010de, sku&scaron;ajmo najprej pomagati sebi in nato drugim\n\t<\/li>\n<li>\n\t\tnajprej poi&scaron;\u010dimo pomo\u010d pri najbli\u017ejih, sosedih, prijateljih ali pri ljudeh, ki so na kraju nesre\u010de\n\t<\/li>\n<li>\n\t\t\u010de presodimo, da situacije ne bomo mogli obvladati sami, takoj pokli\u010dimo center za obve&scaron;\u010danje <b>na telefonsko &scaron;tevilko 112<\/b>.\n\t<\/li>\n<\/ul>\n<p class=\"DocfontSubTitle\">\n\t<b>&Scaron;tevilko 112 pokli\u010dite:<\/b>\n<\/p>\n<ol class=\"Docvecji\">\n<li>\n\t\t\u010de potrebujete nujno medicinsko pomo\u010d, pomo\u010d gasilcev, nujno veterinarsko pomo\u010d, pomo\u010d gorskih, jamarskih re&scaron;evalcev, drugih re&scaron;evalnih enot ali policije\n\t<\/li>\n<li>\n\t\t\u010de opazite, da gori, izteka nevarna snov, da je onesna\u017eena pitna voda, potok, reka ali morje, da grozi zemeljski ali sne\u017eni plaz, da so pretrgane elektri\u010dne ali telefonske \u017eice ali \u010de opazite druge pojave, ki predstavljajo nevarnost za \u017eivljenje ali zdravje ljudi in \u017eivali ali za varnost premo\u017eenja, kulturne dedi&scaron;\u010dine in okolja\n\t<\/li>\n<li>\n\t\t\u010de ob nesre\u010di ali zve\u010dani nevarnosti naravne ali druge nesre\u010de, pa tudi sicer, potrebujete informacije o motnjah pri preskrbi s pitno vodo, elektri\u010dno energijo in plinom, o motnjah v telefonskem omre\u017eju ter o stanju sne\u017ene odeje v visokogorju.\n\t<\/li>\n<\/ol>\n<p class=\"DocfontSubTitle\">\n\t<b>Ne pozabite! Pri ve\u010dini nesre\u010d je \u010das najpomembnej&scaron;i dejavnik, zato sami takoj storite vse, kar znate in zmorete.<\/b>\n<\/p>\n<p class=\"DocfontNormal\">\n\t<b>Pravno obvestilo:<\/b>\n<\/p>\n<p>\n\tOb klicu na &scaron;tevilko 112 samodejno pridobimo podatke o telefonski &scaron;tevilki in lokaciji kli\u010do\u010dega. Pogovor kli\u010do\u010dega z operativcem v regijskem centru za obve&scaron;\u010danje in re&scaron;evalci snemamo. Podatke hranimo 6 mesecev. Zloraba klica na 112 ter znamenj za pomo\u010d in nevarnost je kazniva.\n<\/p>\n<p class=\"DocfontNormal\">\n\tVir podatkov na<a href=\"http:\/\/www.sos112.si\/slo\/page.php?src=ks1.htm\"> URSZR<\/a><\/p>\n","protected":false},"excerpt":{"rendered":"<p>KLIC V SILI 112 KO KLI\u010cETE NA &Scaron;TEVILKO 112, POVEJTE: &nbsp; &nbsp; &nbsp; &nbsp; &nbsp; &nbsp; &nbsp; KDO kli\u010de KAJ se je zgodilo KJE se je zgodilo KDAJ se je zgodilo KOLIKO je ponesre\u010dencev kak&scaron;ne so PO&Scaron;KODBE kak&scaron;ne so OKOLI&Scaron;\u010cINE na kraju nesre\u010de (po\u017ear, nevarne snovi, po&scaron;kodovane plinovodne ali druge napeljave&#8230; ) kak&scaron;no POMO\u010c potrebujete. [&hellip;]<\/p>\n","protected":false},"author":4,"featured_media":0,"parent":1714,"menu_order":0,"comment_status":"open","ping_status":"closed","template":"","meta":{"ngg_post_thumbnail":0},"post_mailing_queue_ids":[],"_links":{"self":[{"href":"https:\/\/www.gasilci-vir.si\/index.php?rest_route=\/wp\/v2\/pages\/970"}],"collection":[{"href":"https:\/\/www.gasilci-vir.si\/index.php?rest_route=\/wp\/v2\/pages"}],"about":[{"href":"https:\/\/www.gasilci-vir.si\/index.php?rest_route=\/wp\/v2\/types\/page"}],"author":[{"embeddable":true,"href":"https:\/\/www.gasilci-vir.si\/index.php?rest_route=\/wp\/v2\/users\/4"}],"replies":[{"embeddable":true,"href":"https:\/\/www.gasilci-vir.si\/index.php?rest_route=%2Fwp%2Fv2%2Fcomments&post=970"}],"version-history":[{"count":2,"href":"https:\/\/www.gasilci-vir.si\/index.php?rest_route=\/wp\/v2\/pages\/970\/revisions"}],"predecessor-version":[{"id":985,"href":"https:\/\/www.gasilci-vir.si\/index.php?rest_route=\/wp\/v2\/pages\/970\/revisions\/985"}],"up":[{"embeddable":true,"href":"https:\/\/www.gasilci-vir.si\/index.php?rest_route=\/wp\/v2\/pages\/1714"}],"wp:attachment":[{"href":"https:\/\/www.gasilci-vir.si\/index.php?rest_route=%2Fwp%2Fv2%2Fmedia&parent=970"}],"curies":[{"name":"wp","href":"https:\/\/api.w.org\/{rel}","templated":true}]}}