{"id":995,"date":"2013-12-04T07:51:06","date_gmt":"2013-12-04T05:51:06","guid":{"rendered":"http:\/\/www.gasilci-vir.si\/?page_id=995"},"modified":"2014-01-08T09:51:41","modified_gmt":"2014-01-08T07:51:41","slug":"ogljikov-oksid-tihi-ubijalec","status":"publish","type":"page","link":"https:\/\/www.gasilci-vir.si\/?page_id=995","title":{"rendered":"Ogljikov oksid &#8211; tihi ubijalec"},"content":{"rendered":"<p class=\"DocfontNormal\">\n\t<b>Ogljikov oksid<\/b> (ali po starem ogljikov monoksid) s kemijsko formulo CO je plin brez barve, vonja in okusa. Je gorljiv in strupen.\n<\/p>\n<p class=\"DocfontSubTitle\">\n\t<span style=\"color: rgb(255, 0, 0);\"><strong>To enostavno pomeni, da ga s \u010dlove&scaron;kimi \u010dutili ne moremo videti, okusiti ali vonjati!<\/strong><\/span>\n<\/p>\n<p class=\"DocfontSubTitle\">\n\tZakaj je ogljikov oksid nevaren?\n<\/p>\n<p class=\"DocfontNormal\">\n\tOgljikov oksid se v krvi ve\u017ee na hemoglobin veliko bolje kot kisik. To povzro\u010da ogljikohemoglobin, ki zavira transport kisika do tkiv. Ogljikov oksid postaja namre\u010d za odraslega \u010dloveka toksi\u010den pri vrednostih, vi&scaron;jih od 50 ppm (ali 0,005 vol %). Vrednosti, katerim je \u010dlovek izpostavljen nekaj ur in zna&scaron;ajo med 50 in 150 ppm, lahko povzro\u010dajo glavobol. Koncentracije CO, ki presegajo 400 ppm, pa so obi\u010dajno za odraslega \u010dloveka smrtne.\n<\/p>\n<p class=\"DocfontSubTitle\">\n\tKako nastaja ogljikov oksid?\n<\/p>\n<p class=\"DocfontNormal\">\n\tOgljikov oksid lahko nastaja med zgorevanjem ogljika oz. snovi, kjer se pojavlja ogljik. Tako se lahko v stanovanju pojavlja povsod tam, kjer se uporablja pe\u010di na trdno gorivo, pe\u010di na naftne derivate (pe\u010d na kurilno olje, bencin ali petrolej) in pe\u010di oz. bojlerje na zemeljski plin (metan). Ogljikov oksid nastaja tudi med delovanjem motorjev z notranjim zgorevanjem. Tako lahko pove\u010dane koncentracije CO najdemo v doma\u010dih gara\u017eah in v podzemnih gara\u017enih hi&scaron;ah \u017ee med obi\u010dajnim obratovanjem vozil.<\/p>\n<p>\tMed delovanjem pe\u010di, bojlerjev ali vozil lahko torej vrednosti CO presegajo tiste, dolo\u010dene s standardi o varnosti uporabnikov. Ogljikov oksid tudi gori. Spodnja eksplozijska meja zna&scaron;a 12,5 vol % ali 125.000 ppm. Ta raven je zelo visoka, izjemoma lahko nastane med po\u017earom, ko je oskrba z zrakom omejena. Pri teh vrednostih se lahko CO vname. Pojav v povezavi s tem, ko CO nastaja med po\u017earom in se hipoma v\u017ege ob vstopu sve\u017eega zraka, imenujemo povratni udar ali backdraft.<\/p>\n<p>\tOgljikov oksid nastaja tako med nepopolnim zgorevanjem s plamenom, kot tudi v procesu tlenja. Dele\u017e nastanka CO med zgorevanjem s plamenom je nekajkrat manj&scaron;i, kot dele\u017e nastanka CO pri oksidaciji s tlenjem. To pomeni, da v pe\u010di, ki je dobro nalo\u017eena in ima (zaradi po\u010dasnej&scaron;ega zgorevanja) zaprta vrata za dotok sve\u017eega zraka, nastaja veliko ve\u010d CO, kot \u010de v pe\u010d prihaja ve\u010d zraka.<\/p>\n<p>\tRazlog za to, da je pri gorenju ob ve\u010djih koli\u010dinah kisika manj ogljikovega oksida je predvsem v tem, da ogljikov oksid v plamenu ob zadostni oskrbi z zrakom zgori. Pri tem sicer nastaja ogljikov dioksid CO2, ki pa je za \u010dloveka nekoliko manj nevaren.<\/p>\n<p>\tZgorevanje postane nepopolno tudi, kadar v prostoru zaradi slabega prezra\u010devanja primanjkuje sve\u017eega zraka (zraka, ki ima pribli\u017eno 21 vol. % kisika). Problem pri oskrbi s sve\u017eim zrakom lahko nastane, ko v stanovanju, kjer imamo pe\u010d na trdna goriva zamenjamo stara okna z novimi, ki bolje tesnijo.\n<\/p>\n<p class=\"DocfontNormal\">\n\tVe\u010d o tem na <a href=\"http:\/\/www.sos112.si\/slo\/page.php?src=np44.htm\">URSZR<\/a><\/p>\n","protected":false},"excerpt":{"rendered":"<p>Ogljikov oksid (ali po starem ogljikov monoksid) s kemijsko formulo CO je plin brez barve, vonja in okusa. Je gorljiv in strupen. To enostavno pomeni, da ga s \u010dlove&scaron;kimi \u010dutili ne moremo videti, okusiti ali vonjati! Zakaj je ogljikov oksid nevaren? Ogljikov oksid se v krvi ve\u017ee na hemoglobin veliko bolje kot kisik. To povzro\u010da [&hellip;]<\/p>\n","protected":false},"author":4,"featured_media":0,"parent":1714,"menu_order":0,"comment_status":"open","ping_status":"closed","template":"","meta":{"ngg_post_thumbnail":0},"post_mailing_queue_ids":[],"_links":{"self":[{"href":"https:\/\/www.gasilci-vir.si\/index.php?rest_route=\/wp\/v2\/pages\/995"}],"collection":[{"href":"https:\/\/www.gasilci-vir.si\/index.php?rest_route=\/wp\/v2\/pages"}],"about":[{"href":"https:\/\/www.gasilci-vir.si\/index.php?rest_route=\/wp\/v2\/types\/page"}],"author":[{"embeddable":true,"href":"https:\/\/www.gasilci-vir.si\/index.php?rest_route=\/wp\/v2\/users\/4"}],"replies":[{"embeddable":true,"href":"https:\/\/www.gasilci-vir.si\/index.php?rest_route=%2Fwp%2Fv2%2Fcomments&post=995"}],"version-history":[{"count":1,"href":"https:\/\/www.gasilci-vir.si\/index.php?rest_route=\/wp\/v2\/pages\/995\/revisions"}],"predecessor-version":[{"id":998,"href":"https:\/\/www.gasilci-vir.si\/index.php?rest_route=\/wp\/v2\/pages\/995\/revisions\/998"}],"up":[{"embeddable":true,"href":"https:\/\/www.gasilci-vir.si\/index.php?rest_route=\/wp\/v2\/pages\/1714"}],"wp:attachment":[{"href":"https:\/\/www.gasilci-vir.si\/index.php?rest_route=%2Fwp%2Fv2%2Fmedia&parent=995"}],"curies":[{"name":"wp","href":"https:\/\/api.w.org\/{rel}","templated":true}]}}